{"id":17596,"date":"2025-02-27T08:50:10","date_gmt":"2025-02-27T08:50:10","guid":{"rendered":"https:\/\/italiadivina.it\/wo-wir-sind\/"},"modified":"2025-02-27T09:29:49","modified_gmt":"2025-02-27T09:29:49","slug":"wo-wir-sind","status":"publish","type":"page","link":"https:\/\/italiadivina.it\/de\/wo-wir-sind\/","title":{"rendered":"WO WIR SIND"},"content":{"rendered":"<p>[et_pb_section fb_built=&#8220;1&#8243; _builder_version=&#8220;4.27.4&#8243; _module_preset=&#8220;default&#8220; global_colors_info=&#8220;{}&#8220;][et_pb_row column_structure=&#8220;1_2,1_2&#8243; _builder_version=&#8220;4.27.4&#8243; _module_preset=&#8220;default&#8220; global_colors_info=&#8220;{}&#8220;][et_pb_column type=&#8220;1_2&#8243; _builder_version=&#8220;4.27.4&#8243; _module_preset=&#8220;default&#8220; global_colors_info=&#8220;{}&#8220;][et_pb_text _builder_version=&#8220;4.27.4&#8243; _module_preset=&#8220;default&#8220; hover_enabled=&#8220;0&#8243; global_colors_info=&#8220;{}&#8220; sticky_enabled=&#8220;0&#8243;]<\/p>\n<h3 data-start=\"0\" data-end=\"579\">Unsere privilegierte Lage befindet sich in ikonischen Destinationen f\u00fcr traumhafte Hochzeiten, umgeben von einzigartigen und romantischen Landschaften. Von der Magie Sanremos und Genuas \u00fcber die bezaubernden Cinque Terre und das elegante Versilia bis hin zum k\u00fcnstlerischen Charme von Florenz, Siena und Bologna. Die ewige Romantik von Verona und Venedig, die kosmopolitische Eleganz von Mailand und Turin, bis zur zeitlosen Sch\u00f6nheit Roms und der W\u00e4rme des S\u00fcdens mit Neapel, der atemberaubenden Amalfik\u00fcste, dem malerischen Taormina und dem unvergleichlichen Charme Palermos.<\/h3>\n<h3 data-start=\"581\" data-end=\"743\">Jede Stadt erz\u00e4hlt eine einzigartige Liebesgeschichte, in der Geschichte, atemberaubende Landschaften und eine unvergessliche Atmosph\u00e4re miteinander verschmelzen.<\/h3>\n<p>[\/et_pb_text][\/et_pb_column][et_pb_column type=&#8220;1_2&#8243; _builder_version=&#8220;4.27.4&#8243; _module_preset=&#8220;default&#8220; global_colors_info=&#8220;{}&#8220;][et_pb_image src=&#8220;http:\/\/italiadivina.it\/wp-content\/uploads\/2025\/02\/cartina-italia.jpg&#8220; _builder_version=&#8220;4.27.4&#8243; _module_preset=&#8220;default&#8220; global_colors_info=&#8220;{}&#8220;][\/et_pb_image][\/et_pb_column][\/et_pb_row][\/et_pb_section]<\/p>\n","protected":false},"excerpt":{"rendered":"<p>Unsere privilegierte Lage befindet sich in ikonischen Destinationen f\u00fcr traumhafte Hochzeiten, umgeben von einzigartigen und romantischen Landschaften. Von der Magie Sanremos und Genuas \u00fcber die bezaubernden Cinque Terre und das elegante Versilia bis hin zum k\u00fcnstlerischen Charme von Florenz, Siena und Bologna. Die ewige Romantik von Verona und Venedig, die kosmopolitische Eleganz von Mailand und [&hellip;]<\/p>\n","protected":false},"author":29,"featured_media":0,"parent":0,"menu_order":0,"comment_status":"closed","ping_status":"closed","template":"","meta":{"_acf_changed":false,"_et_pb_use_builder":"on","_et_pb_old_content":"","_et_gb_content_width":"","ngg_post_thumbnail":0,"footnotes":""},"class_list":["post-17596","page","type-page","status-publish","hentry"],"acf":[],"yoast_head":"<!-- This site is optimized with the Yoast SEO plugin v27.5 - https:\/\/yoast.com\/product\/yoast-seo-wordpress\/ -->\n<title>WO WIR SIND - Italia Divina<\/title>\n<meta name=\"robots\" content=\"index, follow, max-snippet:-1, max-image-preview:large, max-video-preview:-1\" \/>\n<link rel=\"canonical\" href=\"https:\/\/italiadivina.it\/de\/wo-wir-sind\/\" \/>\n<meta property=\"og:locale\" content=\"de_DE\" \/>\n<meta property=\"og:type\" content=\"article\" \/>\n<meta property=\"og:title\" content=\"WO WIR SIND - Italia Divina\" \/>\n<meta property=\"og:description\" content=\"Unsere privilegierte Lage befindet sich in ikonischen Destinationen f\u00fcr traumhafte Hochzeiten, umgeben von einzigartigen und romantischen Landschaften. Von der Magie Sanremos und Genuas \u00fcber die bezaubernden Cinque Terre und das elegante Versilia bis hin zum k\u00fcnstlerischen Charme von Florenz, Siena und Bologna. Die ewige Romantik von Verona und Venedig, die kosmopolitische Eleganz von Mailand und [&hellip;]\" \/>\n<meta property=\"og:url\" content=\"https:\/\/italiadivina.it\/de\/wo-wir-sind\/\" \/>\n<meta property=\"og:site_name\" content=\"Italia Divina\" \/>\n<meta property=\"article:modified_time\" content=\"2025-02-27T09:29:49+00:00\" \/>\n<meta name=\"twitter:label1\" content=\"Gesch\u00e4tzte Lesezeit\" \/>\n\t<meta name=\"twitter:data1\" content=\"1\u00a0Minute\" \/>\n<script type=\"application\/ld+json\" class=\"yoast-schema-graph\">{\"@context\":\"https:\\\/\\\/schema.org\",\"@graph\":[{\"@type\":\"WebPage\",\"@id\":\"https:\\\/\\\/italiadivina.it\\\/de\\\/wo-wir-sind\\\/\",\"url\":\"https:\\\/\\\/italiadivina.it\\\/de\\\/wo-wir-sind\\\/\",\"name\":\"WO WIR SIND - Italia Divina\",\"isPartOf\":{\"@id\":\"https:\\\/\\\/italiadivina.it\\\/de\\\/#website\"},\"datePublished\":\"2025-02-27T08:50:10+00:00\",\"dateModified\":\"2025-02-27T09:29:49+00:00\",\"breadcrumb\":{\"@id\":\"https:\\\/\\\/italiadivina.it\\\/de\\\/wo-wir-sind\\\/#breadcrumb\"},\"inLanguage\":\"de\",\"potentialAction\":[{\"@type\":\"ReadAction\",\"target\":[\"https:\\\/\\\/italiadivina.it\\\/de\\\/wo-wir-sind\\\/\"]}]},{\"@type\":\"BreadcrumbList\",\"@id\":\"https:\\\/\\\/italiadivina.it\\\/de\\\/wo-wir-sind\\\/#breadcrumb\",\"itemListElement\":[{\"@type\":\"ListItem\",\"position\":1,\"name\":\"Home\",\"item\":\"https:\\\/\\\/italiadivina.it\\\/de\\\/\"},{\"@type\":\"ListItem\",\"position\":2,\"name\":\"WO WIR SIND\"}]},{\"@type\":\"WebSite\",\"@id\":\"https:\\\/\\\/italiadivina.it\\\/de\\\/#website\",\"url\":\"https:\\\/\\\/italiadivina.it\\\/de\\\/\",\"name\":\"Italia Divina\",\"description\":\"wedding & event planner\",\"potentialAction\":[{\"@type\":\"SearchAction\",\"target\":{\"@type\":\"EntryPoint\",\"urlTemplate\":\"https:\\\/\\\/italiadivina.it\\\/de\\\/?s={search_term_string}\"},\"query-input\":{\"@type\":\"PropertyValueSpecification\",\"valueRequired\":true,\"valueName\":\"search_term_string\"}}],\"inLanguage\":\"de\"}]}<\/script>\n<!-- \/ Yoast SEO plugin. -->","yoast_head_json":{"title":"WO WIR SIND - Italia Divina","robots":{"index":"index","follow":"follow","max-snippet":"max-snippet:-1","max-image-preview":"max-image-preview:large","max-video-preview":"max-video-preview:-1"},"canonical":"https:\/\/italiadivina.it\/de\/wo-wir-sind\/","og_locale":"de_DE","og_type":"article","og_title":"WO WIR SIND - Italia Divina","og_description":"Unsere privilegierte Lage befindet sich in ikonischen Destinationen f\u00fcr traumhafte Hochzeiten, umgeben von einzigartigen und romantischen Landschaften. Von der Magie Sanremos und Genuas \u00fcber die bezaubernden Cinque Terre und das elegante Versilia bis hin zum k\u00fcnstlerischen Charme von Florenz, Siena und Bologna. Die ewige Romantik von Verona und Venedig, die kosmopolitische Eleganz von Mailand und [&hellip;]","og_url":"https:\/\/italiadivina.it\/de\/wo-wir-sind\/","og_site_name":"Italia Divina","article_modified_time":"2025-02-27T09:29:49+00:00","twitter_misc":{"Gesch\u00e4tzte Lesezeit":"1\u00a0Minute"},"schema":{"@context":"https:\/\/schema.org","@graph":[{"@type":"WebPage","@id":"https:\/\/italiadivina.it\/de\/wo-wir-sind\/","url":"https:\/\/italiadivina.it\/de\/wo-wir-sind\/","name":"WO WIR SIND - Italia Divina","isPartOf":{"@id":"https:\/\/italiadivina.it\/de\/#website"},"datePublished":"2025-02-27T08:50:10+00:00","dateModified":"2025-02-27T09:29:49+00:00","breadcrumb":{"@id":"https:\/\/italiadivina.it\/de\/wo-wir-sind\/#breadcrumb"},"inLanguage":"de","potentialAction":[{"@type":"ReadAction","target":["https:\/\/italiadivina.it\/de\/wo-wir-sind\/"]}]},{"@type":"BreadcrumbList","@id":"https:\/\/italiadivina.it\/de\/wo-wir-sind\/#breadcrumb","itemListElement":[{"@type":"ListItem","position":1,"name":"Home","item":"https:\/\/italiadivina.it\/de\/"},{"@type":"ListItem","position":2,"name":"WO WIR SIND"}]},{"@type":"WebSite","@id":"https:\/\/italiadivina.it\/de\/#website","url":"https:\/\/italiadivina.it\/de\/","name":"Italia Divina","description":"wedding & event planner","potentialAction":[{"@type":"SearchAction","target":{"@type":"EntryPoint","urlTemplate":"https:\/\/italiadivina.it\/de\/?s={search_term_string}"},"query-input":{"@type":"PropertyValueSpecification","valueRequired":true,"valueName":"search_term_string"}}],"inLanguage":"de"}]}},"_links":{"self":[{"href":"https:\/\/italiadivina.it\/de\/wp-json\/wp\/v2\/pages\/17596","targetHints":{"allow":["GET"]}}],"collection":[{"href":"https:\/\/italiadivina.it\/de\/wp-json\/wp\/v2\/pages"}],"about":[{"href":"https:\/\/italiadivina.it\/de\/wp-json\/wp\/v2\/types\/page"}],"author":[{"embeddable":true,"href":"https:\/\/italiadivina.it\/de\/wp-json\/wp\/v2\/users\/29"}],"replies":[{"embeddable":true,"href":"https:\/\/italiadivina.it\/de\/wp-json\/wp\/v2\/comments?post=17596"}],"version-history":[{"count":7,"href":"https:\/\/italiadivina.it\/de\/wp-json\/wp\/v2\/pages\/17596\/revisions"}],"predecessor-version":[{"id":17620,"href":"https:\/\/italiadivina.it\/de\/wp-json\/wp\/v2\/pages\/17596\/revisions\/17620"}],"wp:attachment":[{"href":"https:\/\/italiadivina.it\/de\/wp-json\/wp\/v2\/media?parent=17596"}],"curies":[{"name":"wp","href":"https:\/\/api.w.org\/{rel}","templated":true}]}}