{"id":2712,"date":"2013-08-15T09:12:58","date_gmt":"2013-08-15T09:12:58","guid":{"rendered":"https:\/\/italiadivina.it\/riviera-3\/"},"modified":"2020-08-26T13:49:37","modified_gmt":"2020-08-26T13:49:37","slug":"riviera-3","status":"publish","type":"page","link":"https:\/\/italiadivina.it\/de\/riviera-3\/","title":{"rendered":"Riviera"},"content":{"rendered":"<p>[et_pb_section fb_built=&#8220;1&#8243; _builder_version=&#8220;3.22&#8243;][et_pb_row _builder_version=&#8220;3.25&#8243; background_size=&#8220;initial&#8220; background_position=&#8220;top_left&#8220; background_repeat=&#8220;repeat&#8220;][et_pb_column type=&#8220;4_4&#8243; _builder_version=&#8220;3.25&#8243; custom_padding=&#8220;|||&#8220; custom_padding__hover=&#8220;|||&#8220;][et_pb_text _builder_version=&#8220;3.27.4&#8243; background_size=&#8220;initial&#8220; background_position=&#8220;top_left&#8220; background_repeat=&#8220;repeat&#8220;]<\/p>\n<h3>Eine Hochzeit an der italienischen Riviera, auch als das westliche Ligurien oder die Riviera di Levante bekannt, oder an der Franz\u00f6sischen Riviera, auch Cote d&#8217;Azur genannt, bildet Erinnerungen, die ein Leben lang anhalten werden.<\/h3>\n<h4>Die Riviera ist das klassischste mediterrane Reiseziel und streckt sich bis zur Grenze zwischen Italien und Frankreich. Auf diesem sch\u00f6nen Fleckchen Erde befinden sich einige der bekanntesten Touristenziele der Welt: Saint Tropez, Cannes, Nizza, Monte Carlo, San Remo, Alassio, Portofino und die Cinque Terre.<\/h4>\n<h3><span style=\"color: #ff0000;\">An jeder dieser weltbekannten und beliebten Touristenziele haben wir die sch\u00f6nsten alten Villen, die pr\u00e4stigevollsten alten Geb\u00e4ude und die malerischsten Schl\u00f6sser herausgesucht, welche die perfekte Kulisse f\u00fcr Ihre unvergessliche Hochzeit bieten.<br \/>\n<\/span><\/h3>\n<h3><span style=\"color: #ff0000;\">\u00a0<\/span><\/h3>\n<p>&nbsp;<br \/>\n[\/et_pb_text][\/et_pb_column][\/et_pb_row][\/et_pb_section]<\/p>\n","protected":false},"excerpt":{"rendered":"<p>Eine Hochzeit an der italienischen Riviera, auch als das westliche Ligurien oder die Riviera di Levante bekannt, oder an der Franz\u00f6sischen Riviera, auch Cote d&#8217;Azur genannt, bildet Erinnerungen, die ein Leben lang anhalten werden. Die Riviera ist das klassischste mediterrane Reiseziel und streckt sich bis zur Grenze zwischen Italien und Frankreich. Auf diesem sch\u00f6nen Fleckchen [&hellip;]<\/p>\n","protected":false},"author":1,"featured_media":0,"parent":0,"menu_order":0,"comment_status":"closed","ping_status":"closed","template":"","meta":{"_acf_changed":false,"_et_pb_use_builder":"on","_et_pb_old_content":"<h3>Eine Hochzeit an der italienischen Riviera, auch als das westliche Ligurien oder die Riviera di Levante bekannt, oder an der Franz\u00f6sischen Riviera, auch Cote d'Azur genannt, bildet Erinnerungen, die ein Leben lang anhalten werden.<\/h3><h4>Die Riviera ist das klassischste mediterrane Reiseziel und streckt sich bis zur Grenze zwischen Italien und Frankreich. Auf diesem sch\u00f6nen Fleckchen Erde befinden sich einige der bekanntesten Touristenziele der Welt: Saint Tropez, Cannes, Nizza, Monte Carlo, San Remo, Alassio, Portofino und die Cinque Terre.<\/h4><h3><span style=\"color: #ff0000;\">An jeder dieser weltbekannten und beliebten Touristenziele haben wir die sch\u00f6nsten alten Villen, die pr\u00e4stigevollsten alten Geb\u00e4ude und die malerischsten Schl\u00f6sser herausgesucht, welche die perfekte Kulisse f\u00fcr Ihre unvergessliche Hochzeit bieten.<br \/><\/span><\/h3><h3><span style=\"color: #ff0000;\">\u00a0<\/span><\/h3><p>\u00a0<\/p>","_et_gb_content_width":"","ngg_post_thumbnail":0,"footnotes":""},"class_list":["post-2712","page","type-page","status-publish","hentry"],"acf":[],"yoast_head":"<!-- This site is optimized with the Yoast SEO plugin v27.4 - https:\/\/yoast.com\/product\/yoast-seo-wordpress\/ -->\n<title>Riviera - Italia Divina - eine Hochzeit an der Italienischen oder Franz\u00f6sischen Riviera<\/title>\n<meta name=\"description\" content=\"Riviera Hochzeit: Eine Hochzeit an der italienischen oder franz\u00f6sischen Riviera bildet Erinnerungen, die ein Leben lang anhalten werden.   A wedding on the Italian or French Rivera will be an occasion that you will remember for the rest of your life.\" \/>\n<meta name=\"robots\" content=\"index, follow, max-snippet:-1, max-image-preview:large, max-video-preview:-1\" \/>\n<link rel=\"canonical\" href=\"https:\/\/italiadivina.it\/de\/riviera-3\/\" \/>\n<meta property=\"og:locale\" content=\"de_DE\" \/>\n<meta property=\"og:type\" content=\"article\" \/>\n<meta property=\"og:title\" content=\"Riviera - Italia Divina - eine Hochzeit an der Italienischen oder Franz\u00f6sischen Riviera\" \/>\n<meta property=\"og:description\" content=\"Riviera Hochzeit: Eine Hochzeit an der italienischen oder franz\u00f6sischen Riviera bildet Erinnerungen, die ein Leben lang anhalten werden.   A wedding on the Italian or French Rivera will be an occasion that you will remember for the rest of your life.\" \/>\n<meta property=\"og:url\" content=\"https:\/\/italiadivina.it\/de\/riviera-3\/\" \/>\n<meta property=\"og:site_name\" content=\"Italia Divina\" \/>\n<meta property=\"article:modified_time\" content=\"2020-08-26T13:49:37+00:00\" \/>\n<meta name=\"twitter:label1\" content=\"Gesch\u00e4tzte Lesezeit\" \/>\n\t<meta name=\"twitter:data1\" content=\"1\u00a0Minute\" \/>\n<script type=\"application\/ld+json\" class=\"yoast-schema-graph\">{\"@context\":\"https:\\\/\\\/schema.org\",\"@graph\":[{\"@type\":\"WebPage\",\"@id\":\"https:\\\/\\\/italiadivina.it\\\/de\\\/riviera-3\\\/\",\"url\":\"https:\\\/\\\/italiadivina.it\\\/de\\\/riviera-3\\\/\",\"name\":\"Riviera - Italia Divina - eine Hochzeit an der Italienischen oder Franz\u00f6sischen Riviera\",\"isPartOf\":{\"@id\":\"https:\\\/\\\/italiadivina.it\\\/de\\\/#website\"},\"datePublished\":\"2013-08-15T09:12:58+00:00\",\"dateModified\":\"2020-08-26T13:49:37+00:00\",\"description\":\"Riviera Hochzeit: Eine Hochzeit an der italienischen oder franz\u00f6sischen Riviera bildet Erinnerungen, die ein Leben lang anhalten werden. A wedding on the Italian or French Rivera will be an occasion that you will remember for the rest of your life.\",\"breadcrumb\":{\"@id\":\"https:\\\/\\\/italiadivina.it\\\/de\\\/riviera-3\\\/#breadcrumb\"},\"inLanguage\":\"de\",\"potentialAction\":[{\"@type\":\"ReadAction\",\"target\":[\"https:\\\/\\\/italiadivina.it\\\/de\\\/riviera-3\\\/\"]}]},{\"@type\":\"BreadcrumbList\",\"@id\":\"https:\\\/\\\/italiadivina.it\\\/de\\\/riviera-3\\\/#breadcrumb\",\"itemListElement\":[{\"@type\":\"ListItem\",\"position\":1,\"name\":\"Home\",\"item\":\"https:\\\/\\\/italiadivina.it\\\/de\\\/\"},{\"@type\":\"ListItem\",\"position\":2,\"name\":\"Riviera\"}]},{\"@type\":\"WebSite\",\"@id\":\"https:\\\/\\\/italiadivina.it\\\/de\\\/#website\",\"url\":\"https:\\\/\\\/italiadivina.it\\\/de\\\/\",\"name\":\"Italia Divina\",\"description\":\"wedding & event planner\",\"potentialAction\":[{\"@type\":\"SearchAction\",\"target\":{\"@type\":\"EntryPoint\",\"urlTemplate\":\"https:\\\/\\\/italiadivina.it\\\/de\\\/?s={search_term_string}\"},\"query-input\":{\"@type\":\"PropertyValueSpecification\",\"valueRequired\":true,\"valueName\":\"search_term_string\"}}],\"inLanguage\":\"de\"}]}<\/script>\n<!-- \/ Yoast SEO plugin. -->","yoast_head_json":{"title":"Riviera - Italia Divina - eine Hochzeit an der Italienischen oder Franz\u00f6sischen Riviera","description":"Riviera Hochzeit: Eine Hochzeit an der italienischen oder franz\u00f6sischen Riviera bildet Erinnerungen, die ein Leben lang anhalten werden.   A wedding on the Italian or French Rivera will be an occasion that you will remember for the rest of your life.","robots":{"index":"index","follow":"follow","max-snippet":"max-snippet:-1","max-image-preview":"max-image-preview:large","max-video-preview":"max-video-preview:-1"},"canonical":"https:\/\/italiadivina.it\/de\/riviera-3\/","og_locale":"de_DE","og_type":"article","og_title":"Riviera - Italia Divina - eine Hochzeit an der Italienischen oder Franz\u00f6sischen Riviera","og_description":"Riviera Hochzeit: Eine Hochzeit an der italienischen oder franz\u00f6sischen Riviera bildet Erinnerungen, die ein Leben lang anhalten werden.   A wedding on the Italian or French Rivera will be an occasion that you will remember for the rest of your life.","og_url":"https:\/\/italiadivina.it\/de\/riviera-3\/","og_site_name":"Italia Divina","article_modified_time":"2020-08-26T13:49:37+00:00","twitter_misc":{"Gesch\u00e4tzte Lesezeit":"1\u00a0Minute"},"schema":{"@context":"https:\/\/schema.org","@graph":[{"@type":"WebPage","@id":"https:\/\/italiadivina.it\/de\/riviera-3\/","url":"https:\/\/italiadivina.it\/de\/riviera-3\/","name":"Riviera - Italia Divina - eine Hochzeit an der Italienischen oder Franz\u00f6sischen Riviera","isPartOf":{"@id":"https:\/\/italiadivina.it\/de\/#website"},"datePublished":"2013-08-15T09:12:58+00:00","dateModified":"2020-08-26T13:49:37+00:00","description":"Riviera Hochzeit: Eine Hochzeit an der italienischen oder franz\u00f6sischen Riviera bildet Erinnerungen, die ein Leben lang anhalten werden. A wedding on the Italian or French Rivera will be an occasion that you will remember for the rest of your life.","breadcrumb":{"@id":"https:\/\/italiadivina.it\/de\/riviera-3\/#breadcrumb"},"inLanguage":"de","potentialAction":[{"@type":"ReadAction","target":["https:\/\/italiadivina.it\/de\/riviera-3\/"]}]},{"@type":"BreadcrumbList","@id":"https:\/\/italiadivina.it\/de\/riviera-3\/#breadcrumb","itemListElement":[{"@type":"ListItem","position":1,"name":"Home","item":"https:\/\/italiadivina.it\/de\/"},{"@type":"ListItem","position":2,"name":"Riviera"}]},{"@type":"WebSite","@id":"https:\/\/italiadivina.it\/de\/#website","url":"https:\/\/italiadivina.it\/de\/","name":"Italia Divina","description":"wedding & event planner","potentialAction":[{"@type":"SearchAction","target":{"@type":"EntryPoint","urlTemplate":"https:\/\/italiadivina.it\/de\/?s={search_term_string}"},"query-input":{"@type":"PropertyValueSpecification","valueRequired":true,"valueName":"search_term_string"}}],"inLanguage":"de"}]}},"_links":{"self":[{"href":"https:\/\/italiadivina.it\/de\/wp-json\/wp\/v2\/pages\/2712","targetHints":{"allow":["GET"]}}],"collection":[{"href":"https:\/\/italiadivina.it\/de\/wp-json\/wp\/v2\/pages"}],"about":[{"href":"https:\/\/italiadivina.it\/de\/wp-json\/wp\/v2\/types\/page"}],"author":[{"embeddable":true,"href":"https:\/\/italiadivina.it\/de\/wp-json\/wp\/v2\/users\/1"}],"replies":[{"embeddable":true,"href":"https:\/\/italiadivina.it\/de\/wp-json\/wp\/v2\/comments?post=2712"}],"version-history":[{"count":2,"href":"https:\/\/italiadivina.it\/de\/wp-json\/wp\/v2\/pages\/2712\/revisions"}],"predecessor-version":[{"id":11365,"href":"https:\/\/italiadivina.it\/de\/wp-json\/wp\/v2\/pages\/2712\/revisions\/11365"}],"wp:attachment":[{"href":"https:\/\/italiadivina.it\/de\/wp-json\/wp\/v2\/media?parent=2712"}],"curies":[{"name":"wp","href":"https:\/\/api.w.org\/{rel}","templated":true}]}}