{"id":2887,"date":"2013-04-16T10:38:07","date_gmt":"2013-04-16T10:38:07","guid":{"rendered":"https:\/\/italiadivina.it\/uber-uns-italia-divina\/"},"modified":"2020-12-09T11:09:18","modified_gmt":"2020-12-09T11:09:18","slug":"uber-uns-italia-divina","status":"publish","type":"page","link":"https:\/\/italiadivina.it\/de\/uber-uns-italia-divina\/","title":{"rendered":"\u00dcber uns  &#8211; Italia Divina"},"content":{"rendered":"<p>[et_pb_section fb_built=&#8220;1&#8243; _builder_version=&#8220;3.22&#8243;][et_pb_row _builder_version=&#8220;4.5.3&#8243; _module_preset=&#8220;default&#8220; column_structure=&#8220;1_2,1_2&#8243;][et_pb_column _builder_version=&#8220;4.5.3&#8243; _module_preset=&#8220;default&#8220; type=&#8220;1_2&#8243;][et_pb_image _builder_version=&#8220;4.5.3&#8243; _module_preset=&#8220;default&#8220; alt=&#8220;Riviera Divina Weddings 10th anniversary&#8220; title_text=&#8220;1083144895301332992&#8243; src=&#8220;http:\/\/italiadivina.it\/wp-content\/uploads\/2020\/09\/1083144895301332992.png&#8220; width=&#8220;87%&#8220; hover_enabled=&#8220;0&#8243;][\/et_pb_image][\/et_pb_column][et_pb_column _builder_version=&#8220;4.5.3&#8243; _module_preset=&#8220;default&#8220; type=&#8220;1_2&#8243;][et_pb_text _builder_version=&#8220;4.5.3&#8243; background_size=&#8220;initial&#8220; background_position=&#8220;top_left&#8220; background_repeat=&#8220;repeat&#8220; hover_enabled=&#8220;0&#8243;]<\/p>\n<p><strong>\u00dcber uns &#8211; Italia Divina<\/strong><\/p>\n<p>Wir sind seit nunmehr 20 Jahren in der Tourismus und Reiseindustrie vertreten und haben uns in dieser Zeit sowohl einen italienischen, wie auch einen internationalen Kundenstamm aufgebaut. Seit 2009 organisieren wir zusammen mit Nyala Wonder Travel, einem Reiseunternehmen mit ebenso langj\u00e4hriger Erfahrung, was die Organisation von privaten Events f\u00fcr Einzelpersonen oder Gruppen angeht, Hochzeitsreisen an die italienische und franz\u00f6sische Riviera.<\/p>\n<p>Mit der Zeit haben wir uns ein ganzes Netzwerk an getreuen Anbietern aufgebaut, die mit dem selben Stil und den selben Prinzipien wir Italia Divina arbeiten, aufgebaut: K\u00f6che, die sich an die gro\u00dfe italienische Tradition halten, talentierte Blumendesigner, Fotografen und Videografen &#8211; alle mit langj\u00e4hriger Erfahrung.<\/p>\n<p>Unsere Dienste k\u00f6nnen in ganz Italien gebucht werden, wobei wir unsere Angebote auf bestimmte Locations, die das ganze Jahr \u00fcber ideal f\u00fcr Hochzeiten sind, abstimmen: am Meer, den Seen oder den weniger bereisten Gegenden im Landesinneren. Zu unserer Auswahl geh\u00f6ren mittelalterliche Schl\u00f6sser, historische Pal\u00e4ste, reizende Hotels und sogar Boote und Yachten. Gerne stellen wir Ihnen ein au\u00dfergew\u00f6hnliches Angebot, wie eine Hochzeit in einem Grotto, einem Chalet hoch oben in den Bergen, einem historischen Weingut oder einem Reisfeld auf dem Land vor.<\/p>\n<p>Unsere Vorstellungskraft verwandelt jeden Ort in genau das, was Sie sich vorstellen. Egal, ob thematische Veranstaltungen, wie eine Barock oder klassische Hochzeit , Zirkushochzeit, Landhochzeit etc. &#8230; es gibt so viele Gr\u00fcnde &#8222;Ja&#8220; zu Italia Divina zu sagen!<\/p>\n<p>[\/et_pb_text][\/et_pb_column][\/et_pb_row][\/et_pb_section]<\/p>\n","protected":false},"excerpt":{"rendered":"<p>\u00dcber uns &#8211; Italia Divina Wir sind seit nunmehr 20 Jahren in der Tourismus und Reiseindustrie vertreten und haben uns in dieser Zeit sowohl einen italienischen, wie auch einen internationalen Kundenstamm aufgebaut. Seit 2009 organisieren wir zusammen mit Nyala Wonder Travel, einem Reiseunternehmen mit ebenso langj\u00e4hriger Erfahrung, was die Organisation von privaten Events f\u00fcr Einzelpersonen [&hellip;]<\/p>\n","protected":false},"author":1,"featured_media":0,"parent":0,"menu_order":0,"comment_status":"closed","ping_status":"closed","template":"","meta":{"_acf_changed":false,"_et_pb_use_builder":"on","_et_pb_old_content":"<p><strong>\u00dcber uns - Italia Divina<\/strong><\/p><p>Wir sind seit nunmehr 20 Jahren in der Tourismus und Reiseindustrie vertreten und haben uns in dieser Zeit sowohl einen italienischen, wie auch einen internationalen Kundenstamm aufgebaut. Seit 2009 organisieren wir zusammen mit Nyala Wonder Travel, einem Reiseunternehmen mit ebenso langj\u00e4hriger Erfahrung, was die Organisation von privaten Events f\u00fcr Einzelpersonen oder Gruppen angeht, Hochzeitsreisen an die italienische und franz\u00f6sische Riviera. Mit der Zeit haben wir uns ein ganzes Netzwerk an getreuen Anbietern aufgebaut, die mit dem selben Stil und den selben Prinzipien wir Italia Divina arbeiten, aufgebaut: K\u00f6che, die sich an die gro\u00dfe italienische Tradition halten, talentierte Blumendesigner, Fotografen und Videografen - alle mit langj\u00e4hriger Erfahrung. Unsere Dienste k\u00f6nnen in ganz Italien gebucht werden, wobei wir unsere Angebote auf bestimmte Locations, die das ganze Jahr \u00fcber ideal f\u00fcr Hochzeiten sind, abstimmen: am Meer, den Seen oder den weniger bereisten Gegenden im Landesinneren. Zu unserer Auswahl geh\u00f6ren mittelalterliche Schl\u00f6sser, historische Pal\u00e4ste, reizende Hotels und sogar Boote und Yachten. Gerne stellen wir Ihnen ein au\u00dfergew\u00f6hnliches Angebot, wie eine Hochzeit in einem Grotto, einem Chalet hoch oben in den Bergen, einem historischen Weingut oder einem Reisfeld auf dem Land vor. Unsere Vorstellungskraft verwandelt jeden Ort in genau das, was Sie sich vorstellen. Egal, ob thematische Veranstaltungen, wie eine Barock oder klassische Hochzeit , Zirkushochzeit, Landhochzeit etc. ... es gibt so viele Gr\u00fcnde \"Ja\" zu Italia Divina zu sagen!<\/p>","_et_gb_content_width":"","ngg_post_thumbnail":0,"footnotes":""},"class_list":["post-2887","page","type-page","status-publish","hentry"],"acf":[],"yoast_head":"<!-- This site is optimized with the Yoast SEO plugin v27.4 - https:\/\/yoast.com\/product\/yoast-seo-wordpress\/ -->\n<title>\u00dcber uns - Italia Divina - Italia Divina<\/title>\n<meta name=\"robots\" content=\"index, follow, max-snippet:-1, max-image-preview:large, max-video-preview:-1\" \/>\n<link rel=\"canonical\" href=\"https:\/\/italiadivina.it\/de\/uber-uns-italia-divina\/\" \/>\n<meta property=\"og:locale\" content=\"de_DE\" \/>\n<meta property=\"og:type\" content=\"article\" \/>\n<meta property=\"og:title\" content=\"\u00dcber uns - Italia Divina - Italia Divina\" \/>\n<meta property=\"og:description\" content=\"\u00dcber uns - Italia Divina Wir sind seit nunmehr 20 Jahren in der Tourismus und Reiseindustrie vertreten und haben uns in dieser Zeit sowohl einen italienischen, wie auch einen internationalen Kundenstamm aufgebaut. Seit 2009 organisieren wir zusammen mit Nyala Wonder Travel, einem Reiseunternehmen mit ebenso langj\u00e4hriger Erfahrung, was die Organisation von privaten Events f\u00fcr Einzelpersonen [&hellip;]\" \/>\n<meta property=\"og:url\" content=\"https:\/\/italiadivina.it\/de\/uber-uns-italia-divina\/\" \/>\n<meta property=\"og:site_name\" content=\"Italia Divina\" \/>\n<meta property=\"article:modified_time\" content=\"2020-12-09T11:09:18+00:00\" \/>\n<meta name=\"twitter:label1\" content=\"Gesch\u00e4tzte Lesezeit\" \/>\n\t<meta name=\"twitter:data1\" content=\"2\u00a0Minuten\" \/>\n<script type=\"application\/ld+json\" class=\"yoast-schema-graph\">{\"@context\":\"https:\\\/\\\/schema.org\",\"@graph\":[{\"@type\":\"WebPage\",\"@id\":\"https:\\\/\\\/italiadivina.it\\\/de\\\/uber-uns-italia-divina\\\/\",\"url\":\"https:\\\/\\\/italiadivina.it\\\/de\\\/uber-uns-italia-divina\\\/\",\"name\":\"\u00dcber uns - Italia Divina - Italia Divina\",\"isPartOf\":{\"@id\":\"https:\\\/\\\/italiadivina.it\\\/de\\\/#website\"},\"datePublished\":\"2013-04-16T10:38:07+00:00\",\"dateModified\":\"2020-12-09T11:09:18+00:00\",\"breadcrumb\":{\"@id\":\"https:\\\/\\\/italiadivina.it\\\/de\\\/uber-uns-italia-divina\\\/#breadcrumb\"},\"inLanguage\":\"de\",\"potentialAction\":[{\"@type\":\"ReadAction\",\"target\":[\"https:\\\/\\\/italiadivina.it\\\/de\\\/uber-uns-italia-divina\\\/\"]}]},{\"@type\":\"BreadcrumbList\",\"@id\":\"https:\\\/\\\/italiadivina.it\\\/de\\\/uber-uns-italia-divina\\\/#breadcrumb\",\"itemListElement\":[{\"@type\":\"ListItem\",\"position\":1,\"name\":\"Home\",\"item\":\"https:\\\/\\\/italiadivina.it\\\/de\\\/\"},{\"@type\":\"ListItem\",\"position\":2,\"name\":\"\u00dcber uns &#8211; Italia Divina\"}]},{\"@type\":\"WebSite\",\"@id\":\"https:\\\/\\\/italiadivina.it\\\/de\\\/#website\",\"url\":\"https:\\\/\\\/italiadivina.it\\\/de\\\/\",\"name\":\"Italia Divina\",\"description\":\"wedding & event planner\",\"potentialAction\":[{\"@type\":\"SearchAction\",\"target\":{\"@type\":\"EntryPoint\",\"urlTemplate\":\"https:\\\/\\\/italiadivina.it\\\/de\\\/?s={search_term_string}\"},\"query-input\":{\"@type\":\"PropertyValueSpecification\",\"valueRequired\":true,\"valueName\":\"search_term_string\"}}],\"inLanguage\":\"de\"}]}<\/script>\n<!-- \/ Yoast SEO plugin. -->","yoast_head_json":{"title":"\u00dcber uns - Italia Divina - Italia Divina","robots":{"index":"index","follow":"follow","max-snippet":"max-snippet:-1","max-image-preview":"max-image-preview:large","max-video-preview":"max-video-preview:-1"},"canonical":"https:\/\/italiadivina.it\/de\/uber-uns-italia-divina\/","og_locale":"de_DE","og_type":"article","og_title":"\u00dcber uns - Italia Divina - Italia Divina","og_description":"\u00dcber uns - Italia Divina Wir sind seit nunmehr 20 Jahren in der Tourismus und Reiseindustrie vertreten und haben uns in dieser Zeit sowohl einen italienischen, wie auch einen internationalen Kundenstamm aufgebaut. Seit 2009 organisieren wir zusammen mit Nyala Wonder Travel, einem Reiseunternehmen mit ebenso langj\u00e4hriger Erfahrung, was die Organisation von privaten Events f\u00fcr Einzelpersonen [&hellip;]","og_url":"https:\/\/italiadivina.it\/de\/uber-uns-italia-divina\/","og_site_name":"Italia Divina","article_modified_time":"2020-12-09T11:09:18+00:00","twitter_misc":{"Gesch\u00e4tzte Lesezeit":"2\u00a0Minuten"},"schema":{"@context":"https:\/\/schema.org","@graph":[{"@type":"WebPage","@id":"https:\/\/italiadivina.it\/de\/uber-uns-italia-divina\/","url":"https:\/\/italiadivina.it\/de\/uber-uns-italia-divina\/","name":"\u00dcber uns - Italia Divina - Italia Divina","isPartOf":{"@id":"https:\/\/italiadivina.it\/de\/#website"},"datePublished":"2013-04-16T10:38:07+00:00","dateModified":"2020-12-09T11:09:18+00:00","breadcrumb":{"@id":"https:\/\/italiadivina.it\/de\/uber-uns-italia-divina\/#breadcrumb"},"inLanguage":"de","potentialAction":[{"@type":"ReadAction","target":["https:\/\/italiadivina.it\/de\/uber-uns-italia-divina\/"]}]},{"@type":"BreadcrumbList","@id":"https:\/\/italiadivina.it\/de\/uber-uns-italia-divina\/#breadcrumb","itemListElement":[{"@type":"ListItem","position":1,"name":"Home","item":"https:\/\/italiadivina.it\/de\/"},{"@type":"ListItem","position":2,"name":"\u00dcber uns &#8211; Italia Divina"}]},{"@type":"WebSite","@id":"https:\/\/italiadivina.it\/de\/#website","url":"https:\/\/italiadivina.it\/de\/","name":"Italia Divina","description":"wedding & event planner","potentialAction":[{"@type":"SearchAction","target":{"@type":"EntryPoint","urlTemplate":"https:\/\/italiadivina.it\/de\/?s={search_term_string}"},"query-input":{"@type":"PropertyValueSpecification","valueRequired":true,"valueName":"search_term_string"}}],"inLanguage":"de"}]}},"_links":{"self":[{"href":"https:\/\/italiadivina.it\/de\/wp-json\/wp\/v2\/pages\/2887","targetHints":{"allow":["GET"]}}],"collection":[{"href":"https:\/\/italiadivina.it\/de\/wp-json\/wp\/v2\/pages"}],"about":[{"href":"https:\/\/italiadivina.it\/de\/wp-json\/wp\/v2\/types\/page"}],"author":[{"embeddable":true,"href":"https:\/\/italiadivina.it\/de\/wp-json\/wp\/v2\/users\/1"}],"replies":[{"embeddable":true,"href":"https:\/\/italiadivina.it\/de\/wp-json\/wp\/v2\/comments?post=2887"}],"version-history":[{"count":4,"href":"https:\/\/italiadivina.it\/de\/wp-json\/wp\/v2\/pages\/2887\/revisions"}],"predecessor-version":[{"id":15197,"href":"https:\/\/italiadivina.it\/de\/wp-json\/wp\/v2\/pages\/2887\/revisions\/15197"}],"wp:attachment":[{"href":"https:\/\/italiadivina.it\/de\/wp-json\/wp\/v2\/media?parent=2887"}],"curies":[{"name":"wp","href":"https:\/\/api.w.org\/{rel}","templated":true}]}}