{"id":518,"date":"2013-01-01T03:53:15","date_gmt":"2013-01-01T03:53:15","guid":{"rendered":"https:\/\/italiadivina.it\/wordpress_1\/?page_id=518"},"modified":"2020-08-31T06:16:19","modified_gmt":"2020-08-31T06:16:19","slug":"die-serviceleistungen-von-riviera-divina-wedding-planners","status":"publish","type":"page","link":"https:\/\/italiadivina.it\/de\/die-serviceleistungen-von-riviera-divina-wedding-planners\/","title":{"rendered":"Die Serviceleistungen von Riviera Divina Wedding Planners"},"content":{"rendered":"<p>[et_pb_section fb_built=&#8220;1&#8243; _builder_version=&#8220;4.5.1&#8243; _module_preset=&#8220;default&#8220;][et_pb_row _builder_version=&#8220;4.5.1&#8243; _module_preset=&#8220;default&#8220;][et_pb_column type=&#8220;4_4&#8243; _builder_version=&#8220;4.5.1&#8243; _module_preset=&#8220;default&#8220;][et_pb_text admin_label=&#8220;Text&#8220; _builder_version=&#8220;4.5.1&#8243; background_size=&#8220;initial&#8220; background_position=&#8220;top_left&#8220; background_repeat=&#8220;repeat&#8220; hover_enabled=&#8220;0&#8243;]<\/p>\n<h4><strong>Bestm\u00f6gliche Organisation Ihrer Hochzeit in Ligurien \u00fcber unseren Wedding Planner-Service<\/strong><\/h4>\n<ul>\n<li>Beschaffung von Unterlagen und Erledigung b\u00fcrokratischer Angelegenheiten,<\/li>\n<li>Suche des gew\u00fcnschten Ambientes,<\/li>\n<li>Restaurants und Catering,<\/li>\n<li>Hotels,<\/li>\n<li>Blumenschmuck,<\/li>\n<li>Umsetzung pers\u00f6nlicher Gestaltungsw\u00fcnsche,<\/li>\n<li>Mietauto,<\/li>\n<li>Make-Up und Haarstyling,<\/li>\n<li>Bonboniere,<\/li>\n<li>Fotos, Videos und Musik,<\/li>\n<li>musikalische Untermalung,<\/li>\n<li>Hochzeitskleider,<\/li>\n<li>Hochzeitsreise und Honeymoon<\/li>\n<\/ul>\n<p>&nbsp;<\/p>\n<p>[\/et_pb_text][\/et_pb_column][\/et_pb_row][\/et_pb_section]<\/p>\n","protected":false},"excerpt":{"rendered":"<p>Bestm\u00f6gliche Organisation Ihrer Hochzeit in Ligurien \u00fcber unseren Wedding Planner-Service Beschaffung von Unterlagen und Erledigung b\u00fcrokratischer Angelegenheiten, Suche des gew\u00fcnschten Ambientes, Restaurants und Catering, Hotels, Blumenschmuck, Umsetzung pers\u00f6nlicher Gestaltungsw\u00fcnsche, Mietauto, Make-Up und Haarstyling, Bonboniere, Fotos, Videos und Musik, musikalische Untermalung, Hochzeitskleider, Hochzeitsreise und Honeymoon &nbsp;<\/p>\n","protected":false},"author":1,"featured_media":0,"parent":0,"menu_order":0,"comment_status":"closed","ping_status":"closed","template":"","meta":{"_acf_changed":false,"_et_pb_use_builder":"on","_et_pb_old_content":"<h4>Bestm\u00f6gliche Organisation Ihrer Hochzeit in Ligurien \u00fcber unseren Wedding Planner-Service<\/h4><ul><li>Beschaffung von Unterlagen und Erledigung b\u00fcrokratischer Angelegenheiten,<\/li><li>Suche des gew\u00fcnschten Ambientes,<\/li><li>Restaurants und Catering,<\/li><li>Hotels,<\/li><li>Blumenschmuck,<\/li><li>Umsetzung pers\u00f6nlicher Gestaltungsw\u00fcnsche,<\/li><li>Mietauto,<\/li><li>Make-Up und Haarstyling,<\/li><li>Bonboniere,<\/li><li>Fotos, Videos und Musik,<\/li><li>musikalische Untermalung,<\/li><li>Hochzeitskleider,<\/li><li>Hochzeitsreise und Honeymoon<\/li><\/ul><p>\u00a0<\/p>","_et_gb_content_width":"","ngg_post_thumbnail":0,"footnotes":""},"class_list":["post-518","page","type-page","status-publish","hentry"],"acf":[],"yoast_head":"<!-- This site is optimized with the Yoast SEO plugin v27.4 - https:\/\/yoast.com\/product\/yoast-seo-wordpress\/ -->\n<title>WEDDING PLANNER LIGURIEN BLUMENRIVIERA | Riviera Divina Wedding Planners<\/title>\n<meta name=\"description\" content=\"Die Leistungen von Riviera Divina Wedding Planners: Bestm\u00f6gliche Organisation Ihrer Hochzeit in Ligurien \u00fcber unseren Wedding Planner-Service\" \/>\n<meta name=\"robots\" content=\"index, follow, max-snippet:-1, max-image-preview:large, max-video-preview:-1\" \/>\n<link rel=\"canonical\" href=\"https:\/\/italiadivina.it\/de\/die-serviceleistungen-von-riviera-divina-wedding-planners\/\" \/>\n<meta property=\"og:locale\" content=\"de_DE\" \/>\n<meta property=\"og:type\" content=\"article\" \/>\n<meta property=\"og:title\" content=\"WEDDING PLANNER LIGURIEN BLUMENRIVIERA | Riviera Divina Wedding Planners\" \/>\n<meta property=\"og:description\" content=\"Die Leistungen von Riviera Divina Wedding Planners: Bestm\u00f6gliche Organisation Ihrer Hochzeit in Ligurien \u00fcber unseren Wedding Planner-Service\" \/>\n<meta property=\"og:url\" content=\"https:\/\/italiadivina.it\/de\/die-serviceleistungen-von-riviera-divina-wedding-planners\/\" \/>\n<meta property=\"og:site_name\" content=\"Italia Divina\" \/>\n<meta property=\"article:modified_time\" content=\"2020-08-31T06:16:19+00:00\" \/>\n<meta name=\"twitter:label1\" content=\"Gesch\u00e4tzte Lesezeit\" \/>\n\t<meta name=\"twitter:data1\" content=\"1\u00a0Minute\" \/>\n<script type=\"application\/ld+json\" class=\"yoast-schema-graph\">{\"@context\":\"https:\\\/\\\/schema.org\",\"@graph\":[{\"@type\":\"WebPage\",\"@id\":\"https:\\\/\\\/italiadivina.it\\\/de\\\/die-serviceleistungen-von-riviera-divina-wedding-planners\\\/\",\"url\":\"https:\\\/\\\/italiadivina.it\\\/de\\\/die-serviceleistungen-von-riviera-divina-wedding-planners\\\/\",\"name\":\"WEDDING PLANNER LIGURIEN BLUMENRIVIERA | Riviera Divina Wedding Planners\",\"isPartOf\":{\"@id\":\"https:\\\/\\\/italiadivina.it\\\/de\\\/#website\"},\"datePublished\":\"2013-01-01T03:53:15+00:00\",\"dateModified\":\"2020-08-31T06:16:19+00:00\",\"description\":\"Die Leistungen von Riviera Divina Wedding Planners: Bestm\u00f6gliche Organisation Ihrer Hochzeit in Ligurien \u00fcber unseren Wedding Planner-Service\",\"breadcrumb\":{\"@id\":\"https:\\\/\\\/italiadivina.it\\\/de\\\/die-serviceleistungen-von-riviera-divina-wedding-planners\\\/#breadcrumb\"},\"inLanguage\":\"de\",\"potentialAction\":[{\"@type\":\"ReadAction\",\"target\":[\"https:\\\/\\\/italiadivina.it\\\/de\\\/die-serviceleistungen-von-riviera-divina-wedding-planners\\\/\"]}]},{\"@type\":\"BreadcrumbList\",\"@id\":\"https:\\\/\\\/italiadivina.it\\\/de\\\/die-serviceleistungen-von-riviera-divina-wedding-planners\\\/#breadcrumb\",\"itemListElement\":[{\"@type\":\"ListItem\",\"position\":1,\"name\":\"Home\",\"item\":\"https:\\\/\\\/italiadivina.it\\\/de\\\/\"},{\"@type\":\"ListItem\",\"position\":2,\"name\":\"Die Serviceleistungen von Riviera Divina Wedding Planners\"}]},{\"@type\":\"WebSite\",\"@id\":\"https:\\\/\\\/italiadivina.it\\\/de\\\/#website\",\"url\":\"https:\\\/\\\/italiadivina.it\\\/de\\\/\",\"name\":\"Italia Divina\",\"description\":\"wedding & event planner\",\"potentialAction\":[{\"@type\":\"SearchAction\",\"target\":{\"@type\":\"EntryPoint\",\"urlTemplate\":\"https:\\\/\\\/italiadivina.it\\\/de\\\/?s={search_term_string}\"},\"query-input\":{\"@type\":\"PropertyValueSpecification\",\"valueRequired\":true,\"valueName\":\"search_term_string\"}}],\"inLanguage\":\"de\"}]}<\/script>\n<!-- \/ Yoast SEO plugin. -->","yoast_head_json":{"title":"WEDDING PLANNER LIGURIEN BLUMENRIVIERA | Riviera Divina Wedding Planners","description":"Die Leistungen von Riviera Divina Wedding Planners: Bestm\u00f6gliche Organisation Ihrer Hochzeit in Ligurien \u00fcber unseren Wedding Planner-Service","robots":{"index":"index","follow":"follow","max-snippet":"max-snippet:-1","max-image-preview":"max-image-preview:large","max-video-preview":"max-video-preview:-1"},"canonical":"https:\/\/italiadivina.it\/de\/die-serviceleistungen-von-riviera-divina-wedding-planners\/","og_locale":"de_DE","og_type":"article","og_title":"WEDDING PLANNER LIGURIEN BLUMENRIVIERA | Riviera Divina Wedding Planners","og_description":"Die Leistungen von Riviera Divina Wedding Planners: Bestm\u00f6gliche Organisation Ihrer Hochzeit in Ligurien \u00fcber unseren Wedding Planner-Service","og_url":"https:\/\/italiadivina.it\/de\/die-serviceleistungen-von-riviera-divina-wedding-planners\/","og_site_name":"Italia Divina","article_modified_time":"2020-08-31T06:16:19+00:00","twitter_misc":{"Gesch\u00e4tzte Lesezeit":"1\u00a0Minute"},"schema":{"@context":"https:\/\/schema.org","@graph":[{"@type":"WebPage","@id":"https:\/\/italiadivina.it\/de\/die-serviceleistungen-von-riviera-divina-wedding-planners\/","url":"https:\/\/italiadivina.it\/de\/die-serviceleistungen-von-riviera-divina-wedding-planners\/","name":"WEDDING PLANNER LIGURIEN BLUMENRIVIERA | Riviera Divina Wedding Planners","isPartOf":{"@id":"https:\/\/italiadivina.it\/de\/#website"},"datePublished":"2013-01-01T03:53:15+00:00","dateModified":"2020-08-31T06:16:19+00:00","description":"Die Leistungen von Riviera Divina Wedding Planners: Bestm\u00f6gliche Organisation Ihrer Hochzeit in Ligurien \u00fcber unseren Wedding Planner-Service","breadcrumb":{"@id":"https:\/\/italiadivina.it\/de\/die-serviceleistungen-von-riviera-divina-wedding-planners\/#breadcrumb"},"inLanguage":"de","potentialAction":[{"@type":"ReadAction","target":["https:\/\/italiadivina.it\/de\/die-serviceleistungen-von-riviera-divina-wedding-planners\/"]}]},{"@type":"BreadcrumbList","@id":"https:\/\/italiadivina.it\/de\/die-serviceleistungen-von-riviera-divina-wedding-planners\/#breadcrumb","itemListElement":[{"@type":"ListItem","position":1,"name":"Home","item":"https:\/\/italiadivina.it\/de\/"},{"@type":"ListItem","position":2,"name":"Die Serviceleistungen von Riviera Divina Wedding Planners"}]},{"@type":"WebSite","@id":"https:\/\/italiadivina.it\/de\/#website","url":"https:\/\/italiadivina.it\/de\/","name":"Italia Divina","description":"wedding & event planner","potentialAction":[{"@type":"SearchAction","target":{"@type":"EntryPoint","urlTemplate":"https:\/\/italiadivina.it\/de\/?s={search_term_string}"},"query-input":{"@type":"PropertyValueSpecification","valueRequired":true,"valueName":"search_term_string"}}],"inLanguage":"de"}]}},"_links":{"self":[{"href":"https:\/\/italiadivina.it\/de\/wp-json\/wp\/v2\/pages\/518","targetHints":{"allow":["GET"]}}],"collection":[{"href":"https:\/\/italiadivina.it\/de\/wp-json\/wp\/v2\/pages"}],"about":[{"href":"https:\/\/italiadivina.it\/de\/wp-json\/wp\/v2\/types\/page"}],"author":[{"embeddable":true,"href":"https:\/\/italiadivina.it\/de\/wp-json\/wp\/v2\/users\/1"}],"replies":[{"embeddable":true,"href":"https:\/\/italiadivina.it\/de\/wp-json\/wp\/v2\/comments?post=518"}],"version-history":[{"count":5,"href":"https:\/\/italiadivina.it\/de\/wp-json\/wp\/v2\/pages\/518\/revisions"}],"predecessor-version":[{"id":11691,"href":"https:\/\/italiadivina.it\/de\/wp-json\/wp\/v2\/pages\/518\/revisions\/11691"}],"wp:attachment":[{"href":"https:\/\/italiadivina.it\/de\/wp-json\/wp\/v2\/media?parent=518"}],"curies":[{"name":"wp","href":"https:\/\/api.w.org\/{rel}","templated":true}]}}