{"id":17606,"date":"2025-02-27T08:50:10","date_gmt":"2025-02-27T08:50:10","guid":{"rendered":"https:\/\/italiadivina.it\/donde-estamos-2\/"},"modified":"2025-02-27T09:35:43","modified_gmt":"2025-02-27T09:35:43","slug":"donde-estamos-2","status":"publish","type":"page","link":"https:\/\/italiadivina.it\/es\/donde-estamos-2\/","title":{"rendered":"D\u00f3nde estamos"},"content":{"rendered":"<p>[et_pb_section fb_built=\u00bb1&#8243; _builder_version=\u00bb4.27.4&#8243; _module_preset=\u00bbdefault\u00bb global_colors_info=\u00bb{}\u00bb][et_pb_row column_structure=\u00bb1_2,1_2&#8243; _builder_version=\u00bb4.27.4&#8243; _module_preset=\u00bbdefault\u00bb global_colors_info=\u00bb{}\u00bb][et_pb_column type=\u00bb1_2&#8243; _builder_version=\u00bb4.27.4&#8243; _module_preset=\u00bbdefault\u00bb global_colors_info=\u00bb{}\u00bb][et_pb_text _builder_version=\u00bb4.27.4&#8243; _module_preset=\u00bbdefault\u00bb hover_enabled=\u00bb0&#8243; global_colors_info=\u00bb{}\u00bb sticky_enabled=\u00bb0&#8243;]<\/p>\n<h3 data-start=\"0\" data-end=\"542\">Nuestra ubicaci\u00f3n privilegiada se encuentra en destinos ic\u00f3nicos para bodas de ensue\u00f1o, rodeados de paisajes \u00fanicos y rom\u00e1nticos. Desde la magia de Sanremo y G\u00e9nova hasta las encantadoras Cinque Terre y la sofisticada Versilia, pasando por el encanto art\u00edstico de Florencia, Siena y Bolonia. El eterno romanticismo de Verona y Venecia, la elegancia cosmopolita de Mil\u00e1n y Tur\u00edn, hasta la belleza atemporal de Roma y el calor del sur con N\u00e1poles, la impresionante Costa Amalfitana, la pintoresca Taormina y el encanto inigualable de Palermo.<\/h3>\n<h3 data-start=\"544\" data-end=\"664\">Cada ciudad cuenta una historia de amor \u00fanica, fusionando historia, paisajes impresionantes y una atm\u00f3sfera inolvidable.<\/h3>\n<p>[\/et_pb_text][\/et_pb_column][et_pb_column type=\u00bb1_2&#8243; _builder_version=\u00bb4.27.4&#8243; _module_preset=\u00bbdefault\u00bb global_colors_info=\u00bb{}\u00bb][et_pb_image src=\u00bbhttp:\/\/italiadivina.it\/wp-content\/uploads\/2025\/02\/cartina-italia.jpg\u00bb _builder_version=\u00bb4.27.4&#8243; _module_preset=\u00bbdefault\u00bb global_colors_info=\u00bb{}\u00bb][\/et_pb_image][\/et_pb_column][\/et_pb_row][\/et_pb_section]<\/p>\n","protected":false},"excerpt":{"rendered":"<p>Nuestra ubicaci\u00f3n privilegiada se encuentra en destinos ic\u00f3nicos para bodas de ensue\u00f1o, rodeados de paisajes \u00fanicos y rom\u00e1nticos. Desde la magia de Sanremo y G\u00e9nova hasta las encantadoras Cinque Terre y la sofisticada Versilia, pasando por el encanto art\u00edstico de Florencia, Siena y Bolonia. El eterno romanticismo de Verona y Venecia, la elegancia cosmopolita de [&hellip;]<\/p>\n","protected":false},"author":29,"featured_media":0,"parent":0,"menu_order":0,"comment_status":"closed","ping_status":"closed","template":"","meta":{"_acf_changed":false,"_et_pb_use_builder":"on","_et_pb_old_content":"","_et_gb_content_width":"","ngg_post_thumbnail":0,"footnotes":""},"class_list":["post-17606","page","type-page","status-publish","hentry"],"acf":[],"yoast_head":"<!-- This site is optimized with the Yoast SEO plugin v27.4 - https:\/\/yoast.com\/product\/yoast-seo-wordpress\/ -->\n<title>D\u00f3nde estamos - Italia Divina<\/title>\n<meta name=\"robots\" content=\"index, follow, max-snippet:-1, max-image-preview:large, max-video-preview:-1\" \/>\n<link rel=\"canonical\" href=\"https:\/\/italiadivina.it\/es\/donde-estamos-2\/\" \/>\n<meta property=\"og:locale\" content=\"es_ES\" \/>\n<meta property=\"og:type\" content=\"article\" \/>\n<meta property=\"og:title\" content=\"D\u00f3nde estamos - Italia Divina\" \/>\n<meta property=\"og:description\" content=\"Nuestra ubicaci\u00f3n privilegiada se encuentra en destinos ic\u00f3nicos para bodas de ensue\u00f1o, rodeados de paisajes \u00fanicos y rom\u00e1nticos. Desde la magia de Sanremo y G\u00e9nova hasta las encantadoras Cinque Terre y la sofisticada Versilia, pasando por el encanto art\u00edstico de Florencia, Siena y Bolonia. El eterno romanticismo de Verona y Venecia, la elegancia cosmopolita de [&hellip;]\" \/>\n<meta property=\"og:url\" content=\"https:\/\/italiadivina.it\/es\/donde-estamos-2\/\" \/>\n<meta property=\"og:site_name\" content=\"Italia Divina\" \/>\n<meta property=\"article:modified_time\" content=\"2025-02-27T09:35:43+00:00\" \/>\n<meta name=\"twitter:label1\" content=\"Tiempo de lectura\" \/>\n\t<meta name=\"twitter:data1\" content=\"1 minuto\" \/>\n<script type=\"application\/ld+json\" class=\"yoast-schema-graph\">{\"@context\":\"https:\\\/\\\/schema.org\",\"@graph\":[{\"@type\":\"WebPage\",\"@id\":\"https:\\\/\\\/italiadivina.it\\\/es\\\/donde-estamos-2\\\/\",\"url\":\"https:\\\/\\\/italiadivina.it\\\/es\\\/donde-estamos-2\\\/\",\"name\":\"D\u00f3nde estamos - Italia Divina\",\"isPartOf\":{\"@id\":\"https:\\\/\\\/italiadivina.it\\\/de\\\/#website\"},\"datePublished\":\"2025-02-27T08:50:10+00:00\",\"dateModified\":\"2025-02-27T09:35:43+00:00\",\"breadcrumb\":{\"@id\":\"https:\\\/\\\/italiadivina.it\\\/es\\\/donde-estamos-2\\\/#breadcrumb\"},\"inLanguage\":\"es\",\"potentialAction\":[{\"@type\":\"ReadAction\",\"target\":[\"https:\\\/\\\/italiadivina.it\\\/es\\\/donde-estamos-2\\\/\"]}]},{\"@type\":\"BreadcrumbList\",\"@id\":\"https:\\\/\\\/italiadivina.it\\\/es\\\/donde-estamos-2\\\/#breadcrumb\",\"itemListElement\":[{\"@type\":\"ListItem\",\"position\":1,\"name\":\"Home\",\"item\":\"https:\\\/\\\/italiadivina.it\\\/es\\\/\"},{\"@type\":\"ListItem\",\"position\":2,\"name\":\"D\u00f3nde estamos\"}]},{\"@type\":\"WebSite\",\"@id\":\"https:\\\/\\\/italiadivina.it\\\/de\\\/#website\",\"url\":\"https:\\\/\\\/italiadivina.it\\\/de\\\/\",\"name\":\"Italia Divina\",\"description\":\"wedding & event planner\",\"potentialAction\":[{\"@type\":\"SearchAction\",\"target\":{\"@type\":\"EntryPoint\",\"urlTemplate\":\"https:\\\/\\\/italiadivina.it\\\/de\\\/?s={search_term_string}\"},\"query-input\":{\"@type\":\"PropertyValueSpecification\",\"valueRequired\":true,\"valueName\":\"search_term_string\"}}],\"inLanguage\":\"es\"}]}<\/script>\n<!-- \/ Yoast SEO plugin. -->","yoast_head_json":{"title":"D\u00f3nde estamos - Italia Divina","robots":{"index":"index","follow":"follow","max-snippet":"max-snippet:-1","max-image-preview":"max-image-preview:large","max-video-preview":"max-video-preview:-1"},"canonical":"https:\/\/italiadivina.it\/es\/donde-estamos-2\/","og_locale":"es_ES","og_type":"article","og_title":"D\u00f3nde estamos - Italia Divina","og_description":"Nuestra ubicaci\u00f3n privilegiada se encuentra en destinos ic\u00f3nicos para bodas de ensue\u00f1o, rodeados de paisajes \u00fanicos y rom\u00e1nticos. Desde la magia de Sanremo y G\u00e9nova hasta las encantadoras Cinque Terre y la sofisticada Versilia, pasando por el encanto art\u00edstico de Florencia, Siena y Bolonia. El eterno romanticismo de Verona y Venecia, la elegancia cosmopolita de [&hellip;]","og_url":"https:\/\/italiadivina.it\/es\/donde-estamos-2\/","og_site_name":"Italia Divina","article_modified_time":"2025-02-27T09:35:43+00:00","twitter_misc":{"Tiempo de lectura":"1 minuto"},"schema":{"@context":"https:\/\/schema.org","@graph":[{"@type":"WebPage","@id":"https:\/\/italiadivina.it\/es\/donde-estamos-2\/","url":"https:\/\/italiadivina.it\/es\/donde-estamos-2\/","name":"D\u00f3nde estamos - Italia Divina","isPartOf":{"@id":"https:\/\/italiadivina.it\/de\/#website"},"datePublished":"2025-02-27T08:50:10+00:00","dateModified":"2025-02-27T09:35:43+00:00","breadcrumb":{"@id":"https:\/\/italiadivina.it\/es\/donde-estamos-2\/#breadcrumb"},"inLanguage":"es","potentialAction":[{"@type":"ReadAction","target":["https:\/\/italiadivina.it\/es\/donde-estamos-2\/"]}]},{"@type":"BreadcrumbList","@id":"https:\/\/italiadivina.it\/es\/donde-estamos-2\/#breadcrumb","itemListElement":[{"@type":"ListItem","position":1,"name":"Home","item":"https:\/\/italiadivina.it\/es\/"},{"@type":"ListItem","position":2,"name":"D\u00f3nde estamos"}]},{"@type":"WebSite","@id":"https:\/\/italiadivina.it\/de\/#website","url":"https:\/\/italiadivina.it\/de\/","name":"Italia Divina","description":"wedding & event planner","potentialAction":[{"@type":"SearchAction","target":{"@type":"EntryPoint","urlTemplate":"https:\/\/italiadivina.it\/de\/?s={search_term_string}"},"query-input":{"@type":"PropertyValueSpecification","valueRequired":true,"valueName":"search_term_string"}}],"inLanguage":"es"}]}},"_links":{"self":[{"href":"https:\/\/italiadivina.it\/es\/wp-json\/wp\/v2\/pages\/17606","targetHints":{"allow":["GET"]}}],"collection":[{"href":"https:\/\/italiadivina.it\/es\/wp-json\/wp\/v2\/pages"}],"about":[{"href":"https:\/\/italiadivina.it\/es\/wp-json\/wp\/v2\/types\/page"}],"author":[{"embeddable":true,"href":"https:\/\/italiadivina.it\/es\/wp-json\/wp\/v2\/users\/29"}],"replies":[{"embeddable":true,"href":"https:\/\/italiadivina.it\/es\/wp-json\/wp\/v2\/comments?post=17606"}],"version-history":[{"count":3,"href":"https:\/\/italiadivina.it\/es\/wp-json\/wp\/v2\/pages\/17606\/revisions"}],"predecessor-version":[{"id":17632,"href":"https:\/\/italiadivina.it\/es\/wp-json\/wp\/v2\/pages\/17606\/revisions\/17632"}],"wp:attachment":[{"href":"https:\/\/italiadivina.it\/es\/wp-json\/wp\/v2\/media?parent=17606"}],"curies":[{"name":"wp","href":"https:\/\/api.w.org\/{rel}","templated":true}]}}