{"id":2069,"date":"2012-11-17T02:34:14","date_gmt":"2012-11-17T02:34:14","guid":{"rendered":"https:\/\/italiadivina.it\/?page_id=2069"},"modified":"2025-07-28T06:26:32","modified_gmt":"2025-07-28T06:26:32","slug":"contactar","status":"publish","type":"page","link":"https:\/\/italiadivina.it\/es\/contactar\/","title":{"rendered":"Contactar"},"content":{"rendered":"<p>[et_pb_section fb_built=\u00bb1&#8243; _builder_version=\u00bb4.16&#8243; _module_preset=\u00bbdefault\u00bb global_colors_info=\u00bb{}\u00bb][et_pb_row _builder_version=\u00bb4.16&#8243; _module_preset=\u00bbdefault\u00bb global_colors_info=\u00bb{}\u00bb][et_pb_column type=\u00bb4_4&#8243; _builder_version=\u00bb4.16&#8243; _module_preset=\u00bbdefault\u00bb global_colors_info=\u00bb{}\u00bb][et_pb_text _builder_version=\u00bb4.16&#8243; _module_preset=\u00bbdefault\u00bb global_colors_info=\u00bb{}\u00bb]<\/p>\n<h3>Contacte con nosotros para organizar su boda en Italia.<\/h3>\n<h3>Nuestro personal estar\u00e1 encantado de ayudarle en la elecci\u00f3n de la ubicaci\u00f3n y los servicios.<\/h3>\n<p>[\/et_pb_text][\/et_pb_column][\/et_pb_row][et_pb_row column_structure=\u00bb3_5,2_5&#8243; make_equal=\u00bbon\u00bb _builder_version=\u00bb4.16&#8243; _module_preset=\u00bbdefault\u00bb global_colors_info=\u00bb{}\u00bb][et_pb_column type=\u00bb3_5&#8243; _builder_version=\u00bb4.16&#8243; _module_preset=\u00bbdefault\u00bb global_colors_info=\u00bb{}\u00bb][dvppl_cf7_styler _builder_version=\u00bb4.27.4&#8243; _module_preset=\u00bbdefault\u00bb cf7=\u00bb14843&#8243; hover_enabled=\u00bb0&#8243; sticky_enabled=\u00bb0&#8243;][\/dvppl_cf7_styler][\/et_pb_column][et_pb_column type=\u00bb2_5&#8243; _builder_version=\u00bb4.16&#8243; _module_preset=\u00bbdefault\u00bb global_colors_info=\u00bb{}\u00bb][et_pb_image src=\u00bbhttp:\/\/italiadivina.it\/wp-content\/uploads\/2020\/08\/Riviera-Divina-Weddings_LOGO-02.png\u00bb title_text=\u00bbRiviera-Divina-Weddings_LOGO-02&#8243; _builder_version=\u00bb4.16&#8243; _module_preset=\u00bbdefault\u00bb width=\u00bb58%\u00bb global_colors_info=\u00bb{}\u00bb][\/et_pb_image][et_pb_text _builder_version=\u00bb4.16&#8243; background_size=\u00bbinitial\u00bb background_position=\u00bbtop_left\u00bb background_repeat=\u00bbrepeat\u00bb global_colors_info=\u00bb{}\u00bb]<\/p>\n<h3>RIVIERA DIVINA WEDDINGS<\/h3>\n<p><strong>Italian Wedding and Event Planner<\/strong><\/p>\n<p>Via Solaro 134<br \/>18038 Sanremo \u00b7 Italia<\/p>\n<p>Tel: +39 0184 666 986<br \/>Whatsapp: + 39 393 866 7864<br \/>Email: weddings@italiadivina.it<\/p>\n<p>Horario de apertura:<br \/>De lunes a viernes: 9:30 -18:00<br \/>S\u00e1bados: 9:30 &#8211; 13:00<\/p>\n<p>&nbsp;<\/p>\n<p>&nbsp;<\/p>\n<p>&nbsp;<\/p>\n<p>&nbsp;<\/p>\n<p>[\/et_pb_text][\/et_pb_column][\/et_pb_row][\/et_pb_section]<\/p>\n","protected":false},"excerpt":{"rendered":"<p>Contacte con nosotros para organizar su boda en Italia. Nuestro personal estar\u00e1 encantado de ayudarle en la elecci\u00f3n de la ubicaci\u00f3n y los servicios.<div class=\"et_pb_module dvppl_cf7_styler dvppl_cf7_styler_0\">\n\t\t\t\t\n\t\t\t\t\n\t\t\t\t\n\t\t\t\t\n\t\t\t\t\n\t\t\t\t\n\t\t\t\t<div class=\"et_pb_module_inner\">\n\t\t\t\t\t<div class=\"dipe-cf7-container dipe-cf7-button-left\">\n\t\t\t\t\n\t\t\t\t<div class=\"dipe-cf7 dipe-cf7-styler \">\n\t\t\t\t\t\n<div class=\"wpcf7 no-js\" id=\"wpcf7-f14843-o1\" lang=\"en-US\" dir=\"ltr\" data-wpcf7-id=\"14843\">\n<div class=\"screen-reader-response\"><p role=\"status\" aria-live=\"polite\" aria-atomic=\"true\"><\/p> <ul><\/ul><\/div>\n<form action=\"\/es\/wp-json\/wp\/v2\/pages\/2069#wpcf7-f14843-o1\" method=\"post\" class=\"wpcf7-form init\" aria-label=\"Contact form\" novalidate=\"novalidate\" data-status=\"init\">\n<fieldset class=\"hidden-fields-container\"><input type=\"hidden\" name=\"_wpcf7\" value=\"14843\" \/><input type=\"hidden\" name=\"_wpcf7_version\" value=\"6.1.5\" \/><input type=\"hidden\" name=\"_wpcf7_locale\" value=\"en_US\" \/><input type=\"hidden\" name=\"_wpcf7_unit_tag\" value=\"wpcf7-f14843-o1\" \/><input type=\"hidden\" name=\"_wpcf7_container_post\" value=\"0\" \/><input type=\"hidden\" name=\"_wpcf7_posted_data_hash\" value=\"\" \/><input type=\"hidden\" name=\"_wpcf7_recaptcha_response\" value=\"\" \/>\n<\/fieldset>\n<div class=\"dfs-row\"><div class=\"dfs-col dfs-col-12\">\n<label>Su nombre (requerido)<\/label>\n<span class=\"wpcf7-form-control-wrap\" data-name=\"your-name\"><input size=\"40\" maxlength=\"400\" class=\"wpcf7-form-control wpcf7-text wpcf7-validates-as-required\" aria-required=\"true\" aria-invalid=\"false\" value=\"\" type=\"text\" name=\"your-name\" \/><\/span>\n<\/div><\/div>\n\n<div class=\"dfs-row\"><div class=\"dfs-col dfs-col-12\">\n<label>N\u00famero de tel\u00e9fono (requerido)<\/label>\n<span class=\"wpcf7-form-control-wrap\" data-name=\"your-phone\"><input size=\"40\" maxlength=\"400\" class=\"wpcf7-form-control wpcf7-text wpcf7-validates-as-required\" aria-required=\"true\" aria-invalid=\"false\" value=\"\" type=\"text\" name=\"your-phone\" \/><\/span>\n<\/div><\/div>\n\n<div class=\"dfs-row\"><div class=\"dfs-col dfs-col-12\">\n<label>Ciudad y naci\u00f3n<\/label>\n<span class=\"wpcf7-form-control-wrap\" data-name=\"your-city\"><input size=\"40\" maxlength=\"400\" class=\"wpcf7-form-control wpcf7-text\" aria-invalid=\"false\" value=\"\" type=\"text\" name=\"your-city\" \/><\/span>\n<\/div><\/div>\n\n<div class=\"dfs-row\"><div class=\"dfs-col dfs-col-12\">\n<label>Su e-mail (requerido)<\/label>\n<span class=\"wpcf7-form-control-wrap\" data-name=\"your-email\"><input size=\"40\" maxlength=\"400\" class=\"wpcf7-form-control wpcf7-email wpcf7-validates-as-required wpcf7-text wpcf7-validates-as-email\" aria-required=\"true\" aria-invalid=\"false\" value=\"\" type=\"email\" name=\"your-email\" \/><\/span>\n<\/div><\/div>\n\n<div class=\"dfs-row\"><div class=\"dfs-col dfs-col-12\">\n<label>Mensaje<\/label>\n<span class=\"wpcf7-form-control-wrap\" data-name=\"your-message\"><textarea cols=\"40\" rows=\"10\" maxlength=\"2000\" class=\"wpcf7-form-control wpcf7-textarea\" aria-invalid=\"false\" name=\"your-message\"><\/textarea><\/span>\n<\/div><\/div>\n\n<div class=\"dfs-row\"><div class=\"dfs-col dfs-col-12\">\n<span class=\"wpcf7-form-control-wrap\" data-name=\"acceptance-991\"><span class=\"wpcf7-form-control wpcf7-acceptance\"><span class=\"wpcf7-list-item\"><label><input type=\"checkbox\" name=\"acceptance-991\" value=\"1\" aria-invalid=\"false\" \/><span class=\"wpcf7-list-item-label\">He le\u00eddo y estoy conforme con la informaci\u00f3n sobre el <a href=\"http:\/\/www.nyalatravel.com\/en\/privacy-policy-2\/\" target=\"_blank\">procesamiento de datos personales<\/a><\/span><\/label><\/span><\/span><\/span>\n<\/div><\/div>\n\n<div class=\"dfs-row\"><div class=\"dfs-col dfs-col-12\">\n<input class=\"wpcf7-form-control wpcf7-submit has-spinner\" type=\"submit\" value=\"Enviar\" \/>\n<\/div><\/div><div class=\"wpcf7-response-output\" aria-hidden=\"true\"><\/div>\n<\/form>\n<\/div>\n\n\t\t\t\t<\/div>\n\t\t\t<\/div>\n\t\t\t\t<\/div>\n\t\t\t<\/div>RIVIERA DIVINA WEDDINGS Italian Wedding and Event Planner Via Solaro 13418038 Sanremo \u00b7 Italia Tel: +39 0184 666 986Whatsapp: + 39 393 866 7864Email: weddings@italiadivina.it Horario de [&hellip;]<\/p>\n","protected":false},"author":1,"featured_media":0,"parent":0,"menu_order":0,"comment_status":"closed","ping_status":"closed","template":"","meta":{"_acf_changed":false,"_et_pb_use_builder":"on","_et_pb_old_content":"<p>[contact-form-7 id=\"10851\" title=\"Modulo di contatto SP\"]<\/p><p><strong>Para contactar con nosotros:<\/strong><\/p><p><strong><a href=\"http:\/\/italiadivina.it\/wp-content\/uploads\/2012\/11\/mail-e-telefono-300x300.jpg\"><img class=\"alignleft wp-image-83 size-full\" title=\"mail-e-telefono-300x300\" src=\"http:\/\/italiadivina.it\/wp-content\/uploads\/2012\/11\/mail-e-telefono-300x300.jpg\" alt=\"\" width=\"300\" height=\"300\" \/><\/a>NYALA WONDER TRAVEL<br \/><\/strong>touroperador y DMC<\/p><p>Via Solaro 134<br \/>18038 San Remo \u00b7 Italia<\/p><p>T: 0184 666 986<br \/>F: 0184 696 672<br \/>E: bookingATnyalatravel.com<\/p><p>Horario de apertura:<br \/>De lunes a viernes: 9:30 -18:00<br \/>S\u00e1bados: 9:30 - 13:00<\/p><p>\u00a0<\/p><p>\u00a0<\/p><p>\u00a0<\/p><p>\u00a0<\/p>","_et_gb_content_width":"","ngg_post_thumbnail":0,"footnotes":""},"class_list":["post-2069","page","type-page","status-publish","hentry"],"acf":[],"yoast_head":"<!-- This site is optimized with the Yoast SEO plugin v27.4 - https:\/\/yoast.com\/product\/yoast-seo-wordpress\/ -->\n<title>Contactar - Italia Divina<\/title>\n<meta name=\"description\" content=\"Contactar Italia Divina Organizador de Bodas - Nyala Wonder Travel, touroperador y DMC, via Solaro 134, 18038 San Remo, Italia. Tel 0184 666 986 Fax 0184 696 672\" \/>\n<meta name=\"robots\" content=\"index, follow, max-snippet:-1, max-image-preview:large, max-video-preview:-1\" \/>\n<link rel=\"canonical\" href=\"https:\/\/italiadivina.it\/es\/contactar\/\" \/>\n<meta property=\"og:locale\" content=\"es_ES\" \/>\n<meta property=\"og:type\" content=\"article\" \/>\n<meta property=\"og:title\" content=\"Contactar - Italia Divina\" \/>\n<meta property=\"og:description\" content=\"Contactar Italia Divina Organizador de Bodas - Nyala Wonder Travel, touroperador y DMC, via Solaro 134, 18038 San Remo, Italia. Tel 0184 666 986 Fax 0184 696 672\" \/>\n<meta property=\"og:url\" content=\"https:\/\/italiadivina.it\/es\/contactar\/\" \/>\n<meta property=\"og:site_name\" content=\"Italia Divina\" \/>\n<meta property=\"article:modified_time\" content=\"2025-07-28T06:26:32+00:00\" \/>\n<meta name=\"twitter:label1\" content=\"Tiempo de lectura\" \/>\n\t<meta name=\"twitter:data1\" content=\"1 minuto\" \/>\n<script type=\"application\/ld+json\" class=\"yoast-schema-graph\">{\"@context\":\"https:\\\/\\\/schema.org\",\"@graph\":[{\"@type\":\"WebPage\",\"@id\":\"https:\\\/\\\/italiadivina.it\\\/es\\\/contactar\\\/\",\"url\":\"https:\\\/\\\/italiadivina.it\\\/es\\\/contactar\\\/\",\"name\":\"Contactar - Italia Divina\",\"isPartOf\":{\"@id\":\"https:\\\/\\\/italiadivina.it\\\/de\\\/#website\"},\"datePublished\":\"2012-11-17T02:34:14+00:00\",\"dateModified\":\"2025-07-28T06:26:32+00:00\",\"description\":\"Contactar Italia Divina Organizador de Bodas - Nyala Wonder Travel, touroperador y DMC, via Solaro 134, 18038 San Remo, Italia. Tel 0184 666 986 Fax 0184 696 672\",\"breadcrumb\":{\"@id\":\"https:\\\/\\\/italiadivina.it\\\/es\\\/contactar\\\/#breadcrumb\"},\"inLanguage\":\"es\",\"potentialAction\":[{\"@type\":\"ReadAction\",\"target\":[\"https:\\\/\\\/italiadivina.it\\\/es\\\/contactar\\\/\"]}]},{\"@type\":\"BreadcrumbList\",\"@id\":\"https:\\\/\\\/italiadivina.it\\\/es\\\/contactar\\\/#breadcrumb\",\"itemListElement\":[{\"@type\":\"ListItem\",\"position\":1,\"name\":\"Home\",\"item\":\"https:\\\/\\\/italiadivina.it\\\/es\\\/\"},{\"@type\":\"ListItem\",\"position\":2,\"name\":\"Contactar\"}]},{\"@type\":\"WebSite\",\"@id\":\"https:\\\/\\\/italiadivina.it\\\/de\\\/#website\",\"url\":\"https:\\\/\\\/italiadivina.it\\\/de\\\/\",\"name\":\"Italia Divina\",\"description\":\"wedding & event planner\",\"potentialAction\":[{\"@type\":\"SearchAction\",\"target\":{\"@type\":\"EntryPoint\",\"urlTemplate\":\"https:\\\/\\\/italiadivina.it\\\/de\\\/?s={search_term_string}\"},\"query-input\":{\"@type\":\"PropertyValueSpecification\",\"valueRequired\":true,\"valueName\":\"search_term_string\"}}],\"inLanguage\":\"es\"}]}<\/script>\n<!-- \/ Yoast SEO plugin. -->","yoast_head_json":{"title":"Contactar - Italia Divina","description":"Contactar Italia Divina Organizador de Bodas - Nyala Wonder Travel, touroperador y DMC, via Solaro 134, 18038 San Remo, Italia. Tel 0184 666 986 Fax 0184 696 672","robots":{"index":"index","follow":"follow","max-snippet":"max-snippet:-1","max-image-preview":"max-image-preview:large","max-video-preview":"max-video-preview:-1"},"canonical":"https:\/\/italiadivina.it\/es\/contactar\/","og_locale":"es_ES","og_type":"article","og_title":"Contactar - Italia Divina","og_description":"Contactar Italia Divina Organizador de Bodas - Nyala Wonder Travel, touroperador y DMC, via Solaro 134, 18038 San Remo, Italia. Tel 0184 666 986 Fax 0184 696 672","og_url":"https:\/\/italiadivina.it\/es\/contactar\/","og_site_name":"Italia Divina","article_modified_time":"2025-07-28T06:26:32+00:00","twitter_misc":{"Tiempo de lectura":"1 minuto"},"schema":{"@context":"https:\/\/schema.org","@graph":[{"@type":"WebPage","@id":"https:\/\/italiadivina.it\/es\/contactar\/","url":"https:\/\/italiadivina.it\/es\/contactar\/","name":"Contactar - Italia Divina","isPartOf":{"@id":"https:\/\/italiadivina.it\/de\/#website"},"datePublished":"2012-11-17T02:34:14+00:00","dateModified":"2025-07-28T06:26:32+00:00","description":"Contactar Italia Divina Organizador de Bodas - Nyala Wonder Travel, touroperador y DMC, via Solaro 134, 18038 San Remo, Italia. Tel 0184 666 986 Fax 0184 696 672","breadcrumb":{"@id":"https:\/\/italiadivina.it\/es\/contactar\/#breadcrumb"},"inLanguage":"es","potentialAction":[{"@type":"ReadAction","target":["https:\/\/italiadivina.it\/es\/contactar\/"]}]},{"@type":"BreadcrumbList","@id":"https:\/\/italiadivina.it\/es\/contactar\/#breadcrumb","itemListElement":[{"@type":"ListItem","position":1,"name":"Home","item":"https:\/\/italiadivina.it\/es\/"},{"@type":"ListItem","position":2,"name":"Contactar"}]},{"@type":"WebSite","@id":"https:\/\/italiadivina.it\/de\/#website","url":"https:\/\/italiadivina.it\/de\/","name":"Italia Divina","description":"wedding & event planner","potentialAction":[{"@type":"SearchAction","target":{"@type":"EntryPoint","urlTemplate":"https:\/\/italiadivina.it\/de\/?s={search_term_string}"},"query-input":{"@type":"PropertyValueSpecification","valueRequired":true,"valueName":"search_term_string"}}],"inLanguage":"es"}]}},"_links":{"self":[{"href":"https:\/\/italiadivina.it\/es\/wp-json\/wp\/v2\/pages\/2069","targetHints":{"allow":["GET"]}}],"collection":[{"href":"https:\/\/italiadivina.it\/es\/wp-json\/wp\/v2\/pages"}],"about":[{"href":"https:\/\/italiadivina.it\/es\/wp-json\/wp\/v2\/types\/page"}],"author":[{"embeddable":true,"href":"https:\/\/italiadivina.it\/es\/wp-json\/wp\/v2\/users\/1"}],"replies":[{"embeddable":true,"href":"https:\/\/italiadivina.it\/es\/wp-json\/wp\/v2\/comments?post=2069"}],"version-history":[{"count":14,"href":"https:\/\/italiadivina.it\/es\/wp-json\/wp\/v2\/pages\/2069\/revisions"}],"predecessor-version":[{"id":17756,"href":"https:\/\/italiadivina.it\/es\/wp-json\/wp\/v2\/pages\/2069\/revisions\/17756"}],"wp:attachment":[{"href":"https:\/\/italiadivina.it\/es\/wp-json\/wp\/v2\/media?parent=2069"}],"curies":[{"name":"wp","href":"https:\/\/api.w.org\/{rel}","templated":true}]}}