{"id":2075,"date":"2012-12-31T20:13:23","date_gmt":"2012-12-31T20:13:23","guid":{"rendered":"https:\/\/italiadivina.it\/?page_id=2075"},"modified":"2020-08-26T13:44:46","modified_gmt":"2020-08-26T13:44:46","slug":"legalidad","status":"publish","type":"page","link":"https:\/\/italiadivina.it\/es\/legalidad\/","title":{"rendered":"Legalidad"},"content":{"rendered":"<p>[et_pb_section fb_built=\u00bb1&#8243; _builder_version=\u00bb3.22&#8243;][et_pb_row _builder_version=\u00bb3.25&#8243; background_size=\u00bbinitial\u00bb background_position=\u00bbtop_left\u00bb background_repeat=\u00bbrepeat\u00bb][et_pb_column type=\u00bb4_4&#8243; _builder_version=\u00bb3.25&#8243; custom_padding=\u00bb|||\u00bb custom_padding__hover=\u00bb|||\u00bb][et_pb_text _builder_version=\u00bb3.27.4&#8243; background_size=\u00bbinitial\u00bb background_position=\u00bbtop_left\u00bb background_repeat=\u00bbrepeat\u00bb]<strong>La falta de legalidad en el sector de los viajes y el turismo<\/strong> es una lacra que conlleva graves perjuicios:<\/p>\n<ul>\n<li><strong>para el viajero, que se ve privado de la protecci\u00f3n proporcionada por las leyes nacionales y de la UE.<\/strong><\/li>\n<li>para las empresas, que est\u00e1n expuestas a una competencia injusta de forma sistem\u00e1tica.<\/li>\n<li>para el Estado, que sufre la evasi\u00f3n fiscal de los tributos establecidos por ley. La organizaci\u00f3n de viajes por parte de un agente no autorizado constituye un <strong>delito<\/strong> in\u00a0 seg\u00fan el sistema jur\u00eddico italiano.<\/li>\n<\/ul>\n<p>Incluso la organizaci\u00f3n de bodas implica con frecuencia la provisi\u00f3n de servicios que van m\u00e1s all\u00e1 de la simple planificaci\u00f3n de la ceremonia matrimonial, puesto que conllevan elementos t\u00edpicos de los paquetes tur\u00edsticos, como la estancia en hoteles o el transporte.<\/p>\n<p>En este caso, la ley recoge con toda claridad que \u00fanicamente las agencias de viajes que posean la debida licencia estar\u00e1n autorizadas para encargarse de la organizaci\u00f3n de paquetes tur\u00edsticos.<\/p>\n<p><strong>ITALIA DIVINA wedding planners<\/strong> es un servicio de organizaci\u00f3n de bodas ofrecido por NYALA WONDER TRAVEL, agencia de viajes y touroperador con sede en San Remo que opera bajo una <strong>licencia regular concedida por la Regi\u00f3n de Liguria<\/strong> y que pertenece a Fiavet, la federaci\u00f3n nacional italiana de agencias de viajes.<\/p>\n<p><em>Cuando usted le conf\u00ede a nuestro equipo la organizaci\u00f3n de su boda, tendr\u00e1 la total seguridad y la ventaja de contar con la colaboraci\u00f3n de profesionales del sector que, adem\u00e1s de llevar 10 a\u00f1os desempe\u00f1ando esta labor, tienen el m\u00e1ximo respeto por sus derechos. <\/em><\/p>\n<p>&nbsp;<br \/>\n[\/et_pb_text][\/et_pb_column][\/et_pb_row][\/et_pb_section]<\/p>\n","protected":false},"excerpt":{"rendered":"<p>La falta de legalidad en el sector de los viajes y el turismo es una lacra que conlleva graves perjuicios: para el viajero, que se ve privado de la protecci\u00f3n proporcionada por las leyes nacionales y de la UE. para las empresas, que est\u00e1n expuestas a una competencia injusta de forma sistem\u00e1tica. para el Estado, [&hellip;]<\/p>\n","protected":false},"author":1,"featured_media":0,"parent":0,"menu_order":0,"comment_status":"closed","ping_status":"open","template":"","meta":{"_acf_changed":false,"_et_pb_use_builder":"on","_et_pb_old_content":"<p><strong>La falta de legalidad en el sector de los viajes y el turismo<\/strong> es una lacra que conlleva graves perjuicios:<\/p><ul><li><strong>para el viajero, que se ve privado de la protecci\u00f3n proporcionada por las leyes nacionales y de la UE.<\/strong><\/li><li>para las empresas, que est\u00e1n expuestas a una competencia injusta de forma sistem\u00e1tica.<\/li><li>para el Estado, que sufre la evasi\u00f3n fiscal de los tributos establecidos por ley. La organizaci\u00f3n de viajes por parte de un agente no autorizado constituye un <strong>delito<\/strong> in\u00a0 seg\u00fan el sistema jur\u00eddico italiano.<\/li><\/ul><p>Incluso la organizaci\u00f3n de bodas implica con frecuencia la provisi\u00f3n de servicios que van m\u00e1s all\u00e1 de la simple planificaci\u00f3n de la ceremonia matrimonial, puesto que conllevan elementos t\u00edpicos de los paquetes tur\u00edsticos, como la estancia en hoteles o el transporte.<\/p><p>En este caso, la ley recoge con toda claridad que \u00fanicamente las agencias de viajes que posean la debida licencia estar\u00e1n autorizadas para encargarse de la organizaci\u00f3n de paquetes tur\u00edsticos.<\/p><p><strong>ITALIA DIVINA wedding planners<\/strong> es un servicio de organizaci\u00f3n de bodas ofrecido por NYALA WONDER TRAVEL, agencia de viajes y touroperador con sede en San Remo que opera bajo una <strong>licencia regular concedida por la Regi\u00f3n de Liguria<\/strong> y que pertenece a Fiavet, la federaci\u00f3n nacional italiana de agencias de viajes.<\/p><p><em>Cuando usted le conf\u00ede a nuestro equipo la organizaci\u00f3n de su boda, tendr\u00e1 la total seguridad y la ventaja de contar con la colaboraci\u00f3n de profesionales del sector que, adem\u00e1s de llevar 10 a\u00f1os desempe\u00f1ando esta labor, tienen el m\u00e1ximo respeto por sus derechos. <\/em><\/p><p>\u00a0<\/p>","_et_gb_content_width":"","ngg_post_thumbnail":0,"footnotes":""},"class_list":["post-2075","page","type-page","status-publish","hentry"],"acf":[],"yoast_head":"<!-- This site is optimized with the Yoast SEO plugin v27.4 - https:\/\/yoast.com\/product\/yoast-seo-wordpress\/ -->\n<title>Legalidad: Italia Divina opera con licencia de la Regi\u00f3n de Liguria<\/title>\n<meta name=\"description\" content=\"La falta de legalidad en el sector de viajes y turismo es una lacra que conlleva graves perjuicios para los viajeros, las empresas y el Estado.\" \/>\n<meta name=\"robots\" content=\"index, follow, max-snippet:-1, max-image-preview:large, max-video-preview:-1\" \/>\n<link rel=\"canonical\" href=\"https:\/\/italiadivina.it\/es\/legalidad\/\" \/>\n<meta property=\"og:locale\" content=\"es_ES\" \/>\n<meta property=\"og:type\" content=\"article\" \/>\n<meta property=\"og:title\" content=\"Legalidad: Italia Divina opera con licencia de la Regi\u00f3n de Liguria\" \/>\n<meta property=\"og:description\" content=\"La falta de legalidad en el sector de viajes y turismo es una lacra que conlleva graves perjuicios para los viajeros, las empresas y el Estado.\" \/>\n<meta property=\"og:url\" content=\"https:\/\/italiadivina.it\/es\/legalidad\/\" \/>\n<meta property=\"og:site_name\" content=\"Italia Divina\" \/>\n<meta property=\"article:modified_time\" content=\"2020-08-26T13:44:46+00:00\" \/>\n<meta name=\"twitter:label1\" content=\"Tiempo de lectura\" \/>\n\t<meta name=\"twitter:data1\" content=\"2 minutos\" \/>\n<script type=\"application\/ld+json\" class=\"yoast-schema-graph\">{\"@context\":\"https:\\\/\\\/schema.org\",\"@graph\":[{\"@type\":\"WebPage\",\"@id\":\"https:\\\/\\\/italiadivina.it\\\/es\\\/legalidad\\\/\",\"url\":\"https:\\\/\\\/italiadivina.it\\\/es\\\/legalidad\\\/\",\"name\":\"Legalidad: Italia Divina opera con licencia de la Regi\u00f3n de Liguria\",\"isPartOf\":{\"@id\":\"https:\\\/\\\/italiadivina.it\\\/de\\\/#website\"},\"datePublished\":\"2012-12-31T20:13:23+00:00\",\"dateModified\":\"2020-08-26T13:44:46+00:00\",\"description\":\"La falta de legalidad en el sector de viajes y turismo es una lacra que conlleva graves perjuicios para los viajeros, las empresas y el Estado.\",\"breadcrumb\":{\"@id\":\"https:\\\/\\\/italiadivina.it\\\/es\\\/legalidad\\\/#breadcrumb\"},\"inLanguage\":\"es\",\"potentialAction\":[{\"@type\":\"ReadAction\",\"target\":[\"https:\\\/\\\/italiadivina.it\\\/es\\\/legalidad\\\/\"]}]},{\"@type\":\"BreadcrumbList\",\"@id\":\"https:\\\/\\\/italiadivina.it\\\/es\\\/legalidad\\\/#breadcrumb\",\"itemListElement\":[{\"@type\":\"ListItem\",\"position\":1,\"name\":\"Home\",\"item\":\"https:\\\/\\\/italiadivina.it\\\/es\\\/\"},{\"@type\":\"ListItem\",\"position\":2,\"name\":\"Legalidad\"}]},{\"@type\":\"WebSite\",\"@id\":\"https:\\\/\\\/italiadivina.it\\\/de\\\/#website\",\"url\":\"https:\\\/\\\/italiadivina.it\\\/de\\\/\",\"name\":\"Italia Divina\",\"description\":\"wedding & event planner\",\"potentialAction\":[{\"@type\":\"SearchAction\",\"target\":{\"@type\":\"EntryPoint\",\"urlTemplate\":\"https:\\\/\\\/italiadivina.it\\\/de\\\/?s={search_term_string}\"},\"query-input\":{\"@type\":\"PropertyValueSpecification\",\"valueRequired\":true,\"valueName\":\"search_term_string\"}}],\"inLanguage\":\"es\"}]}<\/script>\n<!-- \/ Yoast SEO plugin. -->","yoast_head_json":{"title":"Legalidad: Italia Divina opera con licencia de la Regi\u00f3n de Liguria","description":"La falta de legalidad en el sector de viajes y turismo es una lacra que conlleva graves perjuicios para los viajeros, las empresas y el Estado.","robots":{"index":"index","follow":"follow","max-snippet":"max-snippet:-1","max-image-preview":"max-image-preview:large","max-video-preview":"max-video-preview:-1"},"canonical":"https:\/\/italiadivina.it\/es\/legalidad\/","og_locale":"es_ES","og_type":"article","og_title":"Legalidad: Italia Divina opera con licencia de la Regi\u00f3n de Liguria","og_description":"La falta de legalidad en el sector de viajes y turismo es una lacra que conlleva graves perjuicios para los viajeros, las empresas y el Estado.","og_url":"https:\/\/italiadivina.it\/es\/legalidad\/","og_site_name":"Italia Divina","article_modified_time":"2020-08-26T13:44:46+00:00","twitter_misc":{"Tiempo de lectura":"2 minutos"},"schema":{"@context":"https:\/\/schema.org","@graph":[{"@type":"WebPage","@id":"https:\/\/italiadivina.it\/es\/legalidad\/","url":"https:\/\/italiadivina.it\/es\/legalidad\/","name":"Legalidad: Italia Divina opera con licencia de la Regi\u00f3n de Liguria","isPartOf":{"@id":"https:\/\/italiadivina.it\/de\/#website"},"datePublished":"2012-12-31T20:13:23+00:00","dateModified":"2020-08-26T13:44:46+00:00","description":"La falta de legalidad en el sector de viajes y turismo es una lacra que conlleva graves perjuicios para los viajeros, las empresas y el Estado.","breadcrumb":{"@id":"https:\/\/italiadivina.it\/es\/legalidad\/#breadcrumb"},"inLanguage":"es","potentialAction":[{"@type":"ReadAction","target":["https:\/\/italiadivina.it\/es\/legalidad\/"]}]},{"@type":"BreadcrumbList","@id":"https:\/\/italiadivina.it\/es\/legalidad\/#breadcrumb","itemListElement":[{"@type":"ListItem","position":1,"name":"Home","item":"https:\/\/italiadivina.it\/es\/"},{"@type":"ListItem","position":2,"name":"Legalidad"}]},{"@type":"WebSite","@id":"https:\/\/italiadivina.it\/de\/#website","url":"https:\/\/italiadivina.it\/de\/","name":"Italia Divina","description":"wedding & event planner","potentialAction":[{"@type":"SearchAction","target":{"@type":"EntryPoint","urlTemplate":"https:\/\/italiadivina.it\/de\/?s={search_term_string}"},"query-input":{"@type":"PropertyValueSpecification","valueRequired":true,"valueName":"search_term_string"}}],"inLanguage":"es"}]}},"_links":{"self":[{"href":"https:\/\/italiadivina.it\/es\/wp-json\/wp\/v2\/pages\/2075","targetHints":{"allow":["GET"]}}],"collection":[{"href":"https:\/\/italiadivina.it\/es\/wp-json\/wp\/v2\/pages"}],"about":[{"href":"https:\/\/italiadivina.it\/es\/wp-json\/wp\/v2\/types\/page"}],"author":[{"embeddable":true,"href":"https:\/\/italiadivina.it\/es\/wp-json\/wp\/v2\/users\/1"}],"replies":[{"embeddable":true,"href":"https:\/\/italiadivina.it\/es\/wp-json\/wp\/v2\/comments?post=2075"}],"version-history":[{"count":4,"href":"https:\/\/italiadivina.it\/es\/wp-json\/wp\/v2\/pages\/2075\/revisions"}],"predecessor-version":[{"id":11331,"href":"https:\/\/italiadivina.it\/es\/wp-json\/wp\/v2\/pages\/2075\/revisions\/11331"}],"wp:attachment":[{"href":"https:\/\/italiadivina.it\/es\/wp-json\/wp\/v2\/media?parent=2075"}],"curies":[{"name":"wp","href":"https:\/\/api.w.org\/{rel}","templated":true}]}}