{"id":2129,"date":"2013-08-15T09:12:58","date_gmt":"2013-08-15T09:12:58","guid":{"rendered":"https:\/\/italiadivina.it\/?page_id=2129"},"modified":"2020-08-26T13:44:58","modified_gmt":"2020-08-26T13:44:58","slug":"la-riviera","status":"publish","type":"page","link":"https:\/\/italiadivina.it\/es\/la-riviera\/","title":{"rendered":"La Riviera"},"content":{"rendered":"<p>[et_pb_section fb_built=\u00bb1&#8243; _builder_version=\u00bb3.22&#8243;][et_pb_row _builder_version=\u00bb3.25&#8243; background_size=\u00bbinitial\u00bb background_position=\u00bbtop_left\u00bb background_repeat=\u00bbrepeat\u00bb][et_pb_column type=\u00bb4_4&#8243; _builder_version=\u00bb3.25&#8243; custom_padding=\u00bb|||\u00bb custom_padding__hover=\u00bb|||\u00bb][et_pb_text _builder_version=\u00bb3.27.4&#8243; background_size=\u00bbinitial\u00bb background_position=\u00bbtop_left\u00bb background_repeat=\u00bbrepeat\u00bb]<\/p>\n<h3>Casarse en la Riviera italiana, conocida tambi\u00e9n como Riviera ligur occidental o levantina, o bien en la Riviera francesa (Costa Azul) ser\u00e1 una ocasi\u00f3n tan especial que su recuerdo le acompa\u00f1ar\u00e1 toda la vida.<\/h3>\n<h4>La Riviera es el destino vacacional cl\u00e1sico por excelencia del Mediterr\u00e1neo. Se extiende hasta la frontera italofrancesa e incluye algunos de los lugares tur\u00edsticos m\u00e1s c\u00e9lebres del mundo: Saint Tropez, Cannes, Niza, Montecarlo, San Remo, Alassio, Portofino y Cinque Terre.<\/h4>\n<h3><span style=\"color: #ff0000;\">En cada uno de estos famosos destinos tur\u00edsticos hemos elegido las m\u00e1s hermosas villas antiguas, los edificios hist\u00f3ricos de mayor prestigio y los castillos m\u00e1s pintorescos para que sean el tel\u00f3n de fondo de su boda.\u00a0 <\/span><\/h3>\n<p>[\/et_pb_text][\/et_pb_column][\/et_pb_row][\/et_pb_section]<\/p>\n","protected":false},"excerpt":{"rendered":"<p>Casarse en la Riviera italiana, conocida tambi\u00e9n como Riviera ligur occidental o levantina, o bien en la Riviera francesa (Costa Azul) ser\u00e1 una ocasi\u00f3n tan especial que su recuerdo le acompa\u00f1ar\u00e1 toda la vida. La Riviera es el destino vacacional cl\u00e1sico por excelencia del Mediterr\u00e1neo. Se extiende hasta la frontera italofrancesa e incluye algunos de [&hellip;]<\/p>\n","protected":false},"author":1,"featured_media":0,"parent":0,"menu_order":0,"comment_status":"closed","ping_status":"closed","template":"","meta":{"_acf_changed":false,"_et_pb_use_builder":"on","_et_pb_old_content":"<h3>Casarse en la Riviera italiana, conocida tambi\u00e9n como Riviera ligur occidental o levantina, o bien en la Riviera francesa (Costa Azul) ser\u00e1 una ocasi\u00f3n tan especial que su recuerdo le acompa\u00f1ar\u00e1 toda la vida.<\/h3><h4>La Riviera es el destino vacacional cl\u00e1sico por excelencia del Mediterr\u00e1neo. Se extiende hasta la frontera italofrancesa e incluye algunos de los lugares tur\u00edsticos m\u00e1s c\u00e9lebres del mundo: Saint Tropez, Cannes, Niza, Montecarlo, San Remo, Alassio, Portofino y Cinque Terre.<\/h4><h3><span style=\"color: #ff0000;\">En cada uno de estos famosos destinos tur\u00edsticos hemos elegido las m\u00e1s hermosas villas antiguas, los edificios hist\u00f3ricos de mayor prestigio y los castillos m\u00e1s pintorescos para que sean el tel\u00f3n de fondo de su boda.\u00a0 <\/span><\/h3>","_et_gb_content_width":"","ngg_post_thumbnail":0,"footnotes":""},"class_list":["post-2129","page","type-page","status-publish","hentry"],"acf":[],"yoast_head":"<!-- This site is optimized with the Yoast SEO plugin v27.4 - https:\/\/yoast.com\/product\/yoast-seo-wordpress\/ -->\n<title>Riviera - Italia Divina - casarse en la Riviera italiana o francesa<\/title>\n<meta name=\"description\" content=\"Casarse en la Riviera: celebre su boda en la Riviera italiana o francesa y el recuerdo de esta gran ocasi\u00f3n le acompa\u00f1ar\u00e1 toda la vida.\" \/>\n<meta name=\"robots\" content=\"index, follow, max-snippet:-1, max-image-preview:large, max-video-preview:-1\" \/>\n<link rel=\"canonical\" href=\"https:\/\/italiadivina.it\/es\/la-riviera\/\" \/>\n<meta property=\"og:locale\" content=\"es_ES\" \/>\n<meta property=\"og:type\" content=\"article\" \/>\n<meta property=\"og:title\" content=\"Riviera - Italia Divina - casarse en la Riviera italiana o francesa\" \/>\n<meta property=\"og:description\" content=\"Casarse en la Riviera: celebre su boda en la Riviera italiana o francesa y el recuerdo de esta gran ocasi\u00f3n le acompa\u00f1ar\u00e1 toda la vida.\" \/>\n<meta property=\"og:url\" content=\"https:\/\/italiadivina.it\/es\/la-riviera\/\" \/>\n<meta property=\"og:site_name\" content=\"Italia Divina\" \/>\n<meta property=\"article:modified_time\" content=\"2020-08-26T13:44:58+00:00\" \/>\n<meta name=\"twitter:label1\" content=\"Tiempo de lectura\" \/>\n\t<meta name=\"twitter:data1\" content=\"1 minuto\" \/>\n<script type=\"application\/ld+json\" class=\"yoast-schema-graph\">{\"@context\":\"https:\\\/\\\/schema.org\",\"@graph\":[{\"@type\":\"WebPage\",\"@id\":\"https:\\\/\\\/italiadivina.it\\\/es\\\/la-riviera\\\/\",\"url\":\"https:\\\/\\\/italiadivina.it\\\/es\\\/la-riviera\\\/\",\"name\":\"Riviera - Italia Divina - casarse en la Riviera italiana o francesa\",\"isPartOf\":{\"@id\":\"https:\\\/\\\/italiadivina.it\\\/de\\\/#website\"},\"datePublished\":\"2013-08-15T09:12:58+00:00\",\"dateModified\":\"2020-08-26T13:44:58+00:00\",\"description\":\"Casarse en la Riviera: celebre su boda en la Riviera italiana o francesa y el recuerdo de esta gran ocasi\u00f3n le acompa\u00f1ar\u00e1 toda la vida.\",\"breadcrumb\":{\"@id\":\"https:\\\/\\\/italiadivina.it\\\/es\\\/la-riviera\\\/#breadcrumb\"},\"inLanguage\":\"es\",\"potentialAction\":[{\"@type\":\"ReadAction\",\"target\":[\"https:\\\/\\\/italiadivina.it\\\/es\\\/la-riviera\\\/\"]}]},{\"@type\":\"BreadcrumbList\",\"@id\":\"https:\\\/\\\/italiadivina.it\\\/es\\\/la-riviera\\\/#breadcrumb\",\"itemListElement\":[{\"@type\":\"ListItem\",\"position\":1,\"name\":\"Home\",\"item\":\"https:\\\/\\\/italiadivina.it\\\/es\\\/\"},{\"@type\":\"ListItem\",\"position\":2,\"name\":\"La Riviera\"}]},{\"@type\":\"WebSite\",\"@id\":\"https:\\\/\\\/italiadivina.it\\\/de\\\/#website\",\"url\":\"https:\\\/\\\/italiadivina.it\\\/de\\\/\",\"name\":\"Italia Divina\",\"description\":\"wedding & event planner\",\"potentialAction\":[{\"@type\":\"SearchAction\",\"target\":{\"@type\":\"EntryPoint\",\"urlTemplate\":\"https:\\\/\\\/italiadivina.it\\\/de\\\/?s={search_term_string}\"},\"query-input\":{\"@type\":\"PropertyValueSpecification\",\"valueRequired\":true,\"valueName\":\"search_term_string\"}}],\"inLanguage\":\"es\"}]}<\/script>\n<!-- \/ Yoast SEO plugin. -->","yoast_head_json":{"title":"Riviera - Italia Divina - casarse en la Riviera italiana o francesa","description":"Casarse en la Riviera: celebre su boda en la Riviera italiana o francesa y el recuerdo de esta gran ocasi\u00f3n le acompa\u00f1ar\u00e1 toda la vida.","robots":{"index":"index","follow":"follow","max-snippet":"max-snippet:-1","max-image-preview":"max-image-preview:large","max-video-preview":"max-video-preview:-1"},"canonical":"https:\/\/italiadivina.it\/es\/la-riviera\/","og_locale":"es_ES","og_type":"article","og_title":"Riviera - Italia Divina - casarse en la Riviera italiana o francesa","og_description":"Casarse en la Riviera: celebre su boda en la Riviera italiana o francesa y el recuerdo de esta gran ocasi\u00f3n le acompa\u00f1ar\u00e1 toda la vida.","og_url":"https:\/\/italiadivina.it\/es\/la-riviera\/","og_site_name":"Italia Divina","article_modified_time":"2020-08-26T13:44:58+00:00","twitter_misc":{"Tiempo de lectura":"1 minuto"},"schema":{"@context":"https:\/\/schema.org","@graph":[{"@type":"WebPage","@id":"https:\/\/italiadivina.it\/es\/la-riviera\/","url":"https:\/\/italiadivina.it\/es\/la-riviera\/","name":"Riviera - Italia Divina - casarse en la Riviera italiana o francesa","isPartOf":{"@id":"https:\/\/italiadivina.it\/de\/#website"},"datePublished":"2013-08-15T09:12:58+00:00","dateModified":"2020-08-26T13:44:58+00:00","description":"Casarse en la Riviera: celebre su boda en la Riviera italiana o francesa y el recuerdo de esta gran ocasi\u00f3n le acompa\u00f1ar\u00e1 toda la vida.","breadcrumb":{"@id":"https:\/\/italiadivina.it\/es\/la-riviera\/#breadcrumb"},"inLanguage":"es","potentialAction":[{"@type":"ReadAction","target":["https:\/\/italiadivina.it\/es\/la-riviera\/"]}]},{"@type":"BreadcrumbList","@id":"https:\/\/italiadivina.it\/es\/la-riviera\/#breadcrumb","itemListElement":[{"@type":"ListItem","position":1,"name":"Home","item":"https:\/\/italiadivina.it\/es\/"},{"@type":"ListItem","position":2,"name":"La Riviera"}]},{"@type":"WebSite","@id":"https:\/\/italiadivina.it\/de\/#website","url":"https:\/\/italiadivina.it\/de\/","name":"Italia Divina","description":"wedding & event planner","potentialAction":[{"@type":"SearchAction","target":{"@type":"EntryPoint","urlTemplate":"https:\/\/italiadivina.it\/de\/?s={search_term_string}"},"query-input":{"@type":"PropertyValueSpecification","valueRequired":true,"valueName":"search_term_string"}}],"inLanguage":"es"}]}},"_links":{"self":[{"href":"https:\/\/italiadivina.it\/es\/wp-json\/wp\/v2\/pages\/2129","targetHints":{"allow":["GET"]}}],"collection":[{"href":"https:\/\/italiadivina.it\/es\/wp-json\/wp\/v2\/pages"}],"about":[{"href":"https:\/\/italiadivina.it\/es\/wp-json\/wp\/v2\/types\/page"}],"author":[{"embeddable":true,"href":"https:\/\/italiadivina.it\/es\/wp-json\/wp\/v2\/users\/1"}],"replies":[{"embeddable":true,"href":"https:\/\/italiadivina.it\/es\/wp-json\/wp\/v2\/comments?post=2129"}],"version-history":[{"count":9,"href":"https:\/\/italiadivina.it\/es\/wp-json\/wp\/v2\/pages\/2129\/revisions"}],"predecessor-version":[{"id":11332,"href":"https:\/\/italiadivina.it\/es\/wp-json\/wp\/v2\/pages\/2129\/revisions\/11332"}],"wp:attachment":[{"href":"https:\/\/italiadivina.it\/es\/wp-json\/wp\/v2\/media?parent=2129"}],"curies":[{"name":"wp","href":"https:\/\/api.w.org\/{rel}","templated":true}]}}