{"id":2135,"date":"2012-12-03T08:58:29","date_gmt":"2012-12-03T08:58:29","guid":{"rendered":"https:\/\/italiadivina.it\/?page_id=2135"},"modified":"2020-08-26T12:42:51","modified_gmt":"2020-08-26T12:42:51","slug":"donde-estamos","status":"publish","type":"page","link":"https:\/\/italiadivina.it\/es\/donde-estamos\/","title":{"rendered":"D\u00f3nde estamos"},"content":{"rendered":"<p>[et_pb_section fb_built=\u00bb1&#8243; _builder_version=\u00bb4.5.1&#8243; _module_preset=\u00bbdefault\u00bb][et_pb_row _builder_version=\u00bb4.5.1&#8243; _module_preset=\u00bbdefault\u00bb][et_pb_column _builder_version=\u00bb4.5.1&#8243; _module_preset=\u00bbdefault\u00bb type=\u00bb4_4&#8243;][et_pb_text _builder_version=\u00bb3.27.4&#8243; background_size=\u00bbinitial\u00bb background_position=\u00bbtop_left\u00bb background_repeat=\u00bbrepeat\u00bb]<\/p>\n<h2>D\u00f3nde estamos:<\/h2>\n<h2>ITALIA DIVINA organizaci\u00f3n de bodas<\/h2>\n<p>es una divisi\u00f3n de la empresa<\/p>\n<p><strong><a href=\"http:\/\/wonder.travel\/wordpress_1\/wp-content\/uploads\/2012\/11\/mail-e-telefono-300x300.jpg\"><img loading=\"lazy\" decoding=\"async\" class=\"alignleft\" title=\"mail-e-telefono-300x300\" src=\"http:\/\/wonder.travel\/wordpress_1\/wp-content\/uploads\/2012\/11\/mail-e-telefono-300x300.jpg\" alt=\"\" width=\"150\" height=\"150\" \/><\/a>NYALA WONDER TRAVEL<br \/>\n<\/strong>touroperador y DMC<\/p>\n<p>Via Solaro 134<br \/>\n18038 San Remo \u00b7 Italia<\/p>\n<p>Tfno.: 0184 666 986<br \/>\nFax: 0184 696 672<br \/>\nEmail: weddingATrivieradivina.it<\/p>\n<p>Horario de apertura:<br \/>\nLunes a viernes de 9:30 a 18:00<br \/>\nS\u00e1bados de 9:30 a 13:00<\/p>\n<p>&nbsp;<\/p>\n<p><iframe loading=\"lazy\" style=\"border: 0;\" src=\"https:\/\/www.google.com\/maps\/embed?pb=!1m18!1m12!1m3!1d2879.02118965024!2d7.753506515569902!3d43.813919879116014!2m3!1f0!2f0!3f0!3m2!1i1024!2i768!4f13.1!3m3!1m2!1s0x12cdf51629ded70f%3A0xe861038391c95e2c!2sStr.+Solaro%2C+134%2C+18038+Sanremo+IM%2C+Italy!5e0!3m2!1sen!2s!4v1494596246453\" width=\"600\" height=\"450\" frameborder=\"0\" allowfullscreen=\"allowfullscreen\"><\/iframe><\/p>\n<p>&nbsp;<br \/>\n[\/et_pb_text][\/et_pb_column][\/et_pb_row][\/et_pb_section]<\/p>\n","protected":false},"excerpt":{"rendered":"<p>D\u00f3nde estamos: ITALIA DIVINA organizaci\u00f3n de bodas es una divisi\u00f3n de la empresa NYALA WONDER TRAVEL touroperador y DMC Via Solaro 134 18038 San Remo \u00b7 Italia Tfno.: 0184 666 986 Fax: 0184 696 672 Email: weddingATrivieradivina.it Horario de apertura: Lunes a viernes de 9:30 a 18:00 S\u00e1bados de 9:30 a 13:00 &nbsp; &nbsp;<\/p>\n","protected":false},"author":1,"featured_media":0,"parent":0,"menu_order":0,"comment_status":"closed","ping_status":"closed","template":"","meta":{"_acf_changed":false,"_et_pb_use_builder":"on","_et_pb_old_content":"<h2>D\u00f3nde estamos:<\/h2><h2>ITALIA DIVINA organizaci\u00f3n de bodas<\/h2><p>es una divisi\u00f3n de la empresa<\/p><p><strong><a href=\"http:\/\/wonder.travel\/wordpress_1\/wp-content\/uploads\/2012\/11\/mail-e-telefono-300x300.jpg\"><img class=\"alignleft\" title=\"mail-e-telefono-300x300\" src=\"http:\/\/wonder.travel\/wordpress_1\/wp-content\/uploads\/2012\/11\/mail-e-telefono-300x300.jpg\" alt=\"\" width=\"150\" height=\"150\" \/><\/a>NYALA WONDER TRAVEL<br \/><\/strong>touroperador y DMC<\/p><p>Via Solaro 134<br \/>18038 San Remo \u00b7 Italia<\/p><p>Tfno.: 0184 666 986<br \/>Fax: 0184 696 672<br \/>Email: weddingATrivieradivina.it<\/p><p>Horario de apertura:<br \/>Lunes a viernes de 9:30 a 18:00<br \/>S\u00e1bados de 9:30 a 13:00<\/p><p>\u00a0<\/p><p><iframe style=\"border: 0;\" src=\"https:\/\/www.google.com\/maps\/embed?pb=!1m18!1m12!1m3!1d2879.02118965024!2d7.753506515569902!3d43.813919879116014!2m3!1f0!2f0!3f0!3m2!1i1024!2i768!4f13.1!3m3!1m2!1s0x12cdf51629ded70f%3A0xe861038391c95e2c!2sStr.+Solaro%2C+134%2C+18038+Sanremo+IM%2C+Italy!5e0!3m2!1sen!2s!4v1494596246453\" width=\"600\" height=\"450\" frameborder=\"0\" allowfullscreen=\"allowfullscreen\"><\/iframe><\/p><p>\u00a0<\/p>","_et_gb_content_width":"","ngg_post_thumbnail":0,"footnotes":""},"class_list":["post-2135","page","type-page","status-publish","hentry"],"acf":[],"yoast_head":"<!-- This site is optimized with the Yoast SEO plugin v27.4 - https:\/\/yoast.com\/product\/yoast-seo-wordpress\/ -->\n<title>D\u00f3nde estamos - Italia Divina organizaci\u00f3n de bodas<\/title>\n<meta name=\"description\" content=\"D\u00f3nde estamos: Italia Divina es una divisi\u00f3n de NYALA WONDER TRAVEL touroperador y DMC, Via Solaro 134, 18038 San Remo, Italia, Tfno. 0184 666 986, F: 0184 696 672\" \/>\n<meta name=\"robots\" content=\"index, follow, max-snippet:-1, max-image-preview:large, max-video-preview:-1\" \/>\n<link rel=\"canonical\" href=\"https:\/\/italiadivina.it\/es\/donde-estamos\/\" \/>\n<meta property=\"og:locale\" content=\"es_ES\" \/>\n<meta property=\"og:type\" content=\"article\" \/>\n<meta property=\"og:title\" content=\"D\u00f3nde estamos - Italia Divina organizaci\u00f3n de bodas\" \/>\n<meta property=\"og:description\" content=\"D\u00f3nde estamos: Italia Divina es una divisi\u00f3n de NYALA WONDER TRAVEL touroperador y DMC, Via Solaro 134, 18038 San Remo, Italia, Tfno. 0184 666 986, F: 0184 696 672\" \/>\n<meta property=\"og:url\" content=\"https:\/\/italiadivina.it\/es\/donde-estamos\/\" \/>\n<meta property=\"og:site_name\" content=\"Italia Divina\" \/>\n<meta property=\"article:modified_time\" content=\"2020-08-26T12:42:51+00:00\" \/>\n<meta property=\"og:image\" content=\"http:\/\/wonder.travel\/wordpress_1\/wp-content\/uploads\/2012\/11\/mail-e-telefono-300x300.jpg\" \/>\n<meta name=\"twitter:label1\" content=\"Tiempo de lectura\" \/>\n\t<meta name=\"twitter:data1\" content=\"1 minuto\" \/>\n<script type=\"application\/ld+json\" class=\"yoast-schema-graph\">{\"@context\":\"https:\\\/\\\/schema.org\",\"@graph\":[{\"@type\":\"WebPage\",\"@id\":\"https:\\\/\\\/italiadivina.it\\\/es\\\/donde-estamos\\\/\",\"url\":\"https:\\\/\\\/italiadivina.it\\\/es\\\/donde-estamos\\\/\",\"name\":\"D\u00f3nde estamos - Italia Divina organizaci\u00f3n de bodas\",\"isPartOf\":{\"@id\":\"https:\\\/\\\/italiadivina.it\\\/de\\\/#website\"},\"primaryImageOfPage\":{\"@id\":\"https:\\\/\\\/italiadivina.it\\\/es\\\/donde-estamos\\\/#primaryimage\"},\"image\":{\"@id\":\"https:\\\/\\\/italiadivina.it\\\/es\\\/donde-estamos\\\/#primaryimage\"},\"thumbnailUrl\":\"http:\\\/\\\/wonder.travel\\\/wordpress_1\\\/wp-content\\\/uploads\\\/2012\\\/11\\\/mail-e-telefono-300x300.jpg\",\"datePublished\":\"2012-12-03T08:58:29+00:00\",\"dateModified\":\"2020-08-26T12:42:51+00:00\",\"description\":\"D\u00f3nde estamos: Italia Divina es una divisi\u00f3n de NYALA WONDER TRAVEL touroperador y DMC, Via Solaro 134, 18038 San Remo, Italia, Tfno. 0184 666 986, F: 0184 696 672\",\"breadcrumb\":{\"@id\":\"https:\\\/\\\/italiadivina.it\\\/es\\\/donde-estamos\\\/#breadcrumb\"},\"inLanguage\":\"es\",\"potentialAction\":[{\"@type\":\"ReadAction\",\"target\":[\"https:\\\/\\\/italiadivina.it\\\/es\\\/donde-estamos\\\/\"]}]},{\"@type\":\"ImageObject\",\"inLanguage\":\"es\",\"@id\":\"https:\\\/\\\/italiadivina.it\\\/es\\\/donde-estamos\\\/#primaryimage\",\"url\":\"http:\\\/\\\/wonder.travel\\\/wordpress_1\\\/wp-content\\\/uploads\\\/2012\\\/11\\\/mail-e-telefono-300x300.jpg\",\"contentUrl\":\"http:\\\/\\\/wonder.travel\\\/wordpress_1\\\/wp-content\\\/uploads\\\/2012\\\/11\\\/mail-e-telefono-300x300.jpg\"},{\"@type\":\"BreadcrumbList\",\"@id\":\"https:\\\/\\\/italiadivina.it\\\/es\\\/donde-estamos\\\/#breadcrumb\",\"itemListElement\":[{\"@type\":\"ListItem\",\"position\":1,\"name\":\"Home\",\"item\":\"https:\\\/\\\/italiadivina.it\\\/es\\\/\"},{\"@type\":\"ListItem\",\"position\":2,\"name\":\"D\u00f3nde estamos\"}]},{\"@type\":\"WebSite\",\"@id\":\"https:\\\/\\\/italiadivina.it\\\/de\\\/#website\",\"url\":\"https:\\\/\\\/italiadivina.it\\\/de\\\/\",\"name\":\"Italia Divina\",\"description\":\"wedding & event planner\",\"potentialAction\":[{\"@type\":\"SearchAction\",\"target\":{\"@type\":\"EntryPoint\",\"urlTemplate\":\"https:\\\/\\\/italiadivina.it\\\/de\\\/?s={search_term_string}\"},\"query-input\":{\"@type\":\"PropertyValueSpecification\",\"valueRequired\":true,\"valueName\":\"search_term_string\"}}],\"inLanguage\":\"es\"}]}<\/script>\n<!-- \/ Yoast SEO plugin. -->","yoast_head_json":{"title":"D\u00f3nde estamos - Italia Divina organizaci\u00f3n de bodas","description":"D\u00f3nde estamos: Italia Divina es una divisi\u00f3n de NYALA WONDER TRAVEL touroperador y DMC, Via Solaro 134, 18038 San Remo, Italia, Tfno. 0184 666 986, F: 0184 696 672","robots":{"index":"index","follow":"follow","max-snippet":"max-snippet:-1","max-image-preview":"max-image-preview:large","max-video-preview":"max-video-preview:-1"},"canonical":"https:\/\/italiadivina.it\/es\/donde-estamos\/","og_locale":"es_ES","og_type":"article","og_title":"D\u00f3nde estamos - Italia Divina organizaci\u00f3n de bodas","og_description":"D\u00f3nde estamos: Italia Divina es una divisi\u00f3n de NYALA WONDER TRAVEL touroperador y DMC, Via Solaro 134, 18038 San Remo, Italia, Tfno. 0184 666 986, F: 0184 696 672","og_url":"https:\/\/italiadivina.it\/es\/donde-estamos\/","og_site_name":"Italia Divina","article_modified_time":"2020-08-26T12:42:51+00:00","og_image":[{"url":"http:\/\/wonder.travel\/wordpress_1\/wp-content\/uploads\/2012\/11\/mail-e-telefono-300x300.jpg","type":"","width":"","height":""}],"twitter_misc":{"Tiempo de lectura":"1 minuto"},"schema":{"@context":"https:\/\/schema.org","@graph":[{"@type":"WebPage","@id":"https:\/\/italiadivina.it\/es\/donde-estamos\/","url":"https:\/\/italiadivina.it\/es\/donde-estamos\/","name":"D\u00f3nde estamos - Italia Divina organizaci\u00f3n de bodas","isPartOf":{"@id":"https:\/\/italiadivina.it\/de\/#website"},"primaryImageOfPage":{"@id":"https:\/\/italiadivina.it\/es\/donde-estamos\/#primaryimage"},"image":{"@id":"https:\/\/italiadivina.it\/es\/donde-estamos\/#primaryimage"},"thumbnailUrl":"http:\/\/wonder.travel\/wordpress_1\/wp-content\/uploads\/2012\/11\/mail-e-telefono-300x300.jpg","datePublished":"2012-12-03T08:58:29+00:00","dateModified":"2020-08-26T12:42:51+00:00","description":"D\u00f3nde estamos: Italia Divina es una divisi\u00f3n de NYALA WONDER TRAVEL touroperador y DMC, Via Solaro 134, 18038 San Remo, Italia, Tfno. 0184 666 986, F: 0184 696 672","breadcrumb":{"@id":"https:\/\/italiadivina.it\/es\/donde-estamos\/#breadcrumb"},"inLanguage":"es","potentialAction":[{"@type":"ReadAction","target":["https:\/\/italiadivina.it\/es\/donde-estamos\/"]}]},{"@type":"ImageObject","inLanguage":"es","@id":"https:\/\/italiadivina.it\/es\/donde-estamos\/#primaryimage","url":"http:\/\/wonder.travel\/wordpress_1\/wp-content\/uploads\/2012\/11\/mail-e-telefono-300x300.jpg","contentUrl":"http:\/\/wonder.travel\/wordpress_1\/wp-content\/uploads\/2012\/11\/mail-e-telefono-300x300.jpg"},{"@type":"BreadcrumbList","@id":"https:\/\/italiadivina.it\/es\/donde-estamos\/#breadcrumb","itemListElement":[{"@type":"ListItem","position":1,"name":"Home","item":"https:\/\/italiadivina.it\/es\/"},{"@type":"ListItem","position":2,"name":"D\u00f3nde estamos"}]},{"@type":"WebSite","@id":"https:\/\/italiadivina.it\/de\/#website","url":"https:\/\/italiadivina.it\/de\/","name":"Italia Divina","description":"wedding & event planner","potentialAction":[{"@type":"SearchAction","target":{"@type":"EntryPoint","urlTemplate":"https:\/\/italiadivina.it\/de\/?s={search_term_string}"},"query-input":{"@type":"PropertyValueSpecification","valueRequired":true,"valueName":"search_term_string"}}],"inLanguage":"es"}]}},"_links":{"self":[{"href":"https:\/\/italiadivina.it\/es\/wp-json\/wp\/v2\/pages\/2135","targetHints":{"allow":["GET"]}}],"collection":[{"href":"https:\/\/italiadivina.it\/es\/wp-json\/wp\/v2\/pages"}],"about":[{"href":"https:\/\/italiadivina.it\/es\/wp-json\/wp\/v2\/types\/page"}],"author":[{"embeddable":true,"href":"https:\/\/italiadivina.it\/es\/wp-json\/wp\/v2\/users\/1"}],"replies":[{"embeddable":true,"href":"https:\/\/italiadivina.it\/es\/wp-json\/wp\/v2\/comments?post=2135"}],"version-history":[{"count":6,"href":"https:\/\/italiadivina.it\/es\/wp-json\/wp\/v2\/pages\/2135\/revisions"}],"predecessor-version":[{"id":11279,"href":"https:\/\/italiadivina.it\/es\/wp-json\/wp\/v2\/pages\/2135\/revisions\/11279"}],"wp:attachment":[{"href":"https:\/\/italiadivina.it\/es\/wp-json\/wp\/v2\/media?parent=2135"}],"curies":[{"name":"wp","href":"https:\/\/api.w.org\/{rel}","templated":true}]}}