{"id":2137,"date":"2013-04-16T10:38:07","date_gmt":"2013-04-16T10:38:07","guid":{"rendered":"https:\/\/italiadivina.it\/?page_id=2137"},"modified":"2020-12-09T10:59:50","modified_gmt":"2020-12-09T10:59:50","slug":"quienes-somos-italia-divina","status":"publish","type":"page","link":"https:\/\/italiadivina.it\/es\/quienes-somos-italia-divina\/","title":{"rendered":"Qui\u00e9nes somos: Italia Divina"},"content":{"rendered":"<p>[et_pb_section fb_built=\u00bb1&#8243; _builder_version=\u00bb3.22&#8243;][et_pb_row column_structure=\u00bb1_2,1_2&#8243; _builder_version=\u00bb4.5.3&#8243; _module_preset=\u00bbdefault\u00bb][et_pb_column type=\u00bb1_2&#8243; _builder_version=\u00bb4.5.3&#8243; _module_preset=\u00bbdefault\u00bb][et_pb_image src=\u00bbhttp:\/\/italiadivina.it\/wp-content\/uploads\/2020\/09\/1083144895301332992.png\u00bb alt=\u00bbRiviera Divina Weddings 10th anniversary\u00bb title_text=\u00bb1083144895301332992&#8243; _builder_version=\u00bb4.5.3&#8243; _module_preset=\u00bbdefault\u00bb width=\u00bb83%\u00bb][\/et_pb_image][\/et_pb_column][et_pb_column type=\u00bb1_2&#8243; _builder_version=\u00bb4.5.3&#8243; _module_preset=\u00bbdefault\u00bb][et_pb_text _builder_version=\u00bb4.5.3&#8243; background_size=\u00bbinitial\u00bb background_position=\u00bbtop_left\u00bb background_repeat=\u00bbrepeat\u00bb hover_enabled=\u00bb0&#8243;]<\/p>\n<p>Llevamos m\u00e1s de veinte a\u00f1os trabajando en el sector tur\u00edstico y del ocio con clientes tanto italianos como internacionales. En 2009 nos convertimos en los representantes de la secci\u00f3n de bodas del touroperador Nyala Wonder Travel, asegurando nuestra plena capacidad para facilitar los servicios de los profesionales mejor cualificados en la gesti\u00f3n de eventos y viajes privados, individuales o colectivos.<\/p>\n<p>A lo largo del tiempo hemos ido creando una red de proveedores de confianza que operan conforme al estilo de Italia Divina: chefs especializados en la gran tradici\u00f3n culinaria italiana o de otras nacionalidades, dise\u00f1adores florales con talento, fot\u00f3grafos y especialistas en v\u00eddeo&#8230; todos ellos con amplia y probada experiencia.<\/p>\n<p>Ofrecemos nuestros servicios de asesoramiento para la organizaci\u00f3n de bodas en toda Italia, aunque nos centramos en algunos emplazamientos que resultan maravillosos en cualquier \u00e9poca del a\u00f1o: el mar, los lagos y las zonas de interior menos conocidas. Hemos realizado una cuidada selecci\u00f3n de castillos medievales, antiguos palacios, villas de \u00e9poca, hoteles con encanto e incluso barcos y yates. Podemos sugerirle algunos entornos verdaderamente especiales, desde una gruta en las profundidades de la tierra a un chalet a gran altura sobre el mar, pasando por vi\u00f1edos o arrozales rodeados de campo.<\/p>\n<p>Contamos con la necesaria inspiraci\u00f3n para transformar los espacios y crear eventos tem\u00e1ticos basados en la \u00e9poca medieval, el barroco, con est\u00e9tica vintage,&nbsp; circense, campestre&#8230;y muchas posibilidades m\u00e1s. \u00a1No les faltar\u00e1n motivos para dar el \u00abs\u00ed, quiero\u00bb con Italia Divina!<\/p>\n<p>[\/et_pb_text][\/et_pb_column][\/et_pb_row][\/et_pb_section]<\/p>\n","protected":false},"excerpt":{"rendered":"<p>Llevamos m\u00e1s de veinte a\u00f1os trabajando en el sector tur\u00edstico y del ocio con clientes tanto italianos como internacionales. En 2009 nos convertimos en los representantes de la secci\u00f3n de bodas del touroperador Nyala Wonder Travel, asegurando nuestra plena capacidad para facilitar los servicios de los profesionales mejor cualificados en la gesti\u00f3n de eventos y [&hellip;]<\/p>\n","protected":false},"author":1,"featured_media":0,"parent":0,"menu_order":0,"comment_status":"closed","ping_status":"closed","template":"","meta":{"_acf_changed":false,"_et_pb_use_builder":"on","_et_pb_old_content":"<p>Llevamos m\u00e1s de veinte a\u00f1os trabajando en el sector tur\u00edstico y del ocio con clientes tanto italianos como internacionales. En 2009 nos convertimos en los representantes de la secci\u00f3n de bodas del touroperador Nyala Wonder Travel, asegurando nuestra plena capacidad para facilitar los servicios de los profesionales mejor cualificados en la gesti\u00f3n de eventos y viajes privados, individuales o colectivos. A lo largo del tiempo hemos ido creando una red de proveedores de confianza que operan conforme al estilo de Italia Divina: chefs especializados en la gran tradici\u00f3n culinaria italiana o de otras nacionalidades, dise\u00f1adores florales con talento, fot\u00f3grafos y especialistas en v\u00eddeo... todos ellos con amplia y probada experiencia. Ofrecemos nuestros servicios de asesoramiento para la organizaci\u00f3n de bodas en toda Italia, aunque nos centramos en algunos emplazamientos que resultan maravillosos en cualquier \u00e9poca del a\u00f1o: el mar, los lagos y las zonas de interior menos conocidas. Hemos realizado una cuidada selecci\u00f3n de castillos medievales, antiguos palacios, villas de \u00e9poca, hoteles con encanto e incluso barcos y yates. Podemos sugerirle algunos entornos verdaderamente especiales, desde una gruta en las profundidades de la tierra a un chalet a gran altura sobre el mar, pasando por vi\u00f1edos o arrozales rodeados de campo. Contamos con la necesaria inspiraci\u00f3n para transformar los espacios y crear eventos tem\u00e1ticos basados en la \u00e9poca medieval, el barroco, con est\u00e9tica vintage,\u00a0 circense, campestre... y muchas posibilidades m\u00e1s. \u00a1No les faltar\u00e1n motivos para dar el \"s\u00ed, quiero\" con Italia Divina!<\/p>","_et_gb_content_width":"","ngg_post_thumbnail":0,"footnotes":""},"class_list":["post-2137","page","type-page","status-publish","hentry"],"acf":[],"yoast_head":"<!-- This site is optimized with the Yoast SEO plugin v27.4 - https:\/\/yoast.com\/product\/yoast-seo-wordpress\/ -->\n<title>Qui\u00e9nes somos: Italia Divina - Italia Divina<\/title>\n<meta name=\"robots\" content=\"index, follow, max-snippet:-1, max-image-preview:large, max-video-preview:-1\" \/>\n<link rel=\"canonical\" href=\"https:\/\/italiadivina.it\/es\/quienes-somos-italia-divina\/\" \/>\n<meta property=\"og:locale\" content=\"es_ES\" \/>\n<meta property=\"og:type\" content=\"article\" \/>\n<meta property=\"og:title\" content=\"Qui\u00e9nes somos: Italia Divina - Italia Divina\" \/>\n<meta property=\"og:description\" content=\"Llevamos m\u00e1s de veinte a\u00f1os trabajando en el sector tur\u00edstico y del ocio con clientes tanto italianos como internacionales. En 2009 nos convertimos en los representantes de la secci\u00f3n de bodas del touroperador Nyala Wonder Travel, asegurando nuestra plena capacidad para facilitar los servicios de los profesionales mejor cualificados en la gesti\u00f3n de eventos y [&hellip;]\" \/>\n<meta property=\"og:url\" content=\"https:\/\/italiadivina.it\/es\/quienes-somos-italia-divina\/\" \/>\n<meta property=\"og:site_name\" content=\"Italia Divina\" \/>\n<meta property=\"article:modified_time\" content=\"2020-12-09T10:59:50+00:00\" \/>\n<meta name=\"twitter:label1\" content=\"Tiempo de lectura\" \/>\n\t<meta name=\"twitter:data1\" content=\"2 minutos\" \/>\n<script type=\"application\/ld+json\" class=\"yoast-schema-graph\">{\"@context\":\"https:\\\/\\\/schema.org\",\"@graph\":[{\"@type\":\"WebPage\",\"@id\":\"https:\\\/\\\/italiadivina.it\\\/es\\\/quienes-somos-italia-divina\\\/\",\"url\":\"https:\\\/\\\/italiadivina.it\\\/es\\\/quienes-somos-italia-divina\\\/\",\"name\":\"Qui\u00e9nes somos: Italia Divina - Italia Divina\",\"isPartOf\":{\"@id\":\"https:\\\/\\\/italiadivina.it\\\/de\\\/#website\"},\"datePublished\":\"2013-04-16T10:38:07+00:00\",\"dateModified\":\"2020-12-09T10:59:50+00:00\",\"breadcrumb\":{\"@id\":\"https:\\\/\\\/italiadivina.it\\\/es\\\/quienes-somos-italia-divina\\\/#breadcrumb\"},\"inLanguage\":\"es\",\"potentialAction\":[{\"@type\":\"ReadAction\",\"target\":[\"https:\\\/\\\/italiadivina.it\\\/es\\\/quienes-somos-italia-divina\\\/\"]}]},{\"@type\":\"BreadcrumbList\",\"@id\":\"https:\\\/\\\/italiadivina.it\\\/es\\\/quienes-somos-italia-divina\\\/#breadcrumb\",\"itemListElement\":[{\"@type\":\"ListItem\",\"position\":1,\"name\":\"Home\",\"item\":\"https:\\\/\\\/italiadivina.it\\\/es\\\/\"},{\"@type\":\"ListItem\",\"position\":2,\"name\":\"Qui\u00e9nes somos: Italia Divina\"}]},{\"@type\":\"WebSite\",\"@id\":\"https:\\\/\\\/italiadivina.it\\\/de\\\/#website\",\"url\":\"https:\\\/\\\/italiadivina.it\\\/de\\\/\",\"name\":\"Italia Divina\",\"description\":\"wedding & event planner\",\"potentialAction\":[{\"@type\":\"SearchAction\",\"target\":{\"@type\":\"EntryPoint\",\"urlTemplate\":\"https:\\\/\\\/italiadivina.it\\\/de\\\/?s={search_term_string}\"},\"query-input\":{\"@type\":\"PropertyValueSpecification\",\"valueRequired\":true,\"valueName\":\"search_term_string\"}}],\"inLanguage\":\"es\"}]}<\/script>\n<!-- \/ Yoast SEO plugin. -->","yoast_head_json":{"title":"Qui\u00e9nes somos: Italia Divina - Italia Divina","robots":{"index":"index","follow":"follow","max-snippet":"max-snippet:-1","max-image-preview":"max-image-preview:large","max-video-preview":"max-video-preview:-1"},"canonical":"https:\/\/italiadivina.it\/es\/quienes-somos-italia-divina\/","og_locale":"es_ES","og_type":"article","og_title":"Qui\u00e9nes somos: Italia Divina - Italia Divina","og_description":"Llevamos m\u00e1s de veinte a\u00f1os trabajando en el sector tur\u00edstico y del ocio con clientes tanto italianos como internacionales. En 2009 nos convertimos en los representantes de la secci\u00f3n de bodas del touroperador Nyala Wonder Travel, asegurando nuestra plena capacidad para facilitar los servicios de los profesionales mejor cualificados en la gesti\u00f3n de eventos y [&hellip;]","og_url":"https:\/\/italiadivina.it\/es\/quienes-somos-italia-divina\/","og_site_name":"Italia Divina","article_modified_time":"2020-12-09T10:59:50+00:00","twitter_misc":{"Tiempo de lectura":"2 minutos"},"schema":{"@context":"https:\/\/schema.org","@graph":[{"@type":"WebPage","@id":"https:\/\/italiadivina.it\/es\/quienes-somos-italia-divina\/","url":"https:\/\/italiadivina.it\/es\/quienes-somos-italia-divina\/","name":"Qui\u00e9nes somos: Italia Divina - Italia Divina","isPartOf":{"@id":"https:\/\/italiadivina.it\/de\/#website"},"datePublished":"2013-04-16T10:38:07+00:00","dateModified":"2020-12-09T10:59:50+00:00","breadcrumb":{"@id":"https:\/\/italiadivina.it\/es\/quienes-somos-italia-divina\/#breadcrumb"},"inLanguage":"es","potentialAction":[{"@type":"ReadAction","target":["https:\/\/italiadivina.it\/es\/quienes-somos-italia-divina\/"]}]},{"@type":"BreadcrumbList","@id":"https:\/\/italiadivina.it\/es\/quienes-somos-italia-divina\/#breadcrumb","itemListElement":[{"@type":"ListItem","position":1,"name":"Home","item":"https:\/\/italiadivina.it\/es\/"},{"@type":"ListItem","position":2,"name":"Qui\u00e9nes somos: Italia Divina"}]},{"@type":"WebSite","@id":"https:\/\/italiadivina.it\/de\/#website","url":"https:\/\/italiadivina.it\/de\/","name":"Italia Divina","description":"wedding & event planner","potentialAction":[{"@type":"SearchAction","target":{"@type":"EntryPoint","urlTemplate":"https:\/\/italiadivina.it\/de\/?s={search_term_string}"},"query-input":{"@type":"PropertyValueSpecification","valueRequired":true,"valueName":"search_term_string"}}],"inLanguage":"es"}]}},"_links":{"self":[{"href":"https:\/\/italiadivina.it\/es\/wp-json\/wp\/v2\/pages\/2137","targetHints":{"allow":["GET"]}}],"collection":[{"href":"https:\/\/italiadivina.it\/es\/wp-json\/wp\/v2\/pages"}],"about":[{"href":"https:\/\/italiadivina.it\/es\/wp-json\/wp\/v2\/types\/page"}],"author":[{"embeddable":true,"href":"https:\/\/italiadivina.it\/es\/wp-json\/wp\/v2\/users\/1"}],"replies":[{"embeddable":true,"href":"https:\/\/italiadivina.it\/es\/wp-json\/wp\/v2\/comments?post=2137"}],"version-history":[{"count":9,"href":"https:\/\/italiadivina.it\/es\/wp-json\/wp\/v2\/pages\/2137\/revisions"}],"predecessor-version":[{"id":15194,"href":"https:\/\/italiadivina.it\/es\/wp-json\/wp\/v2\/pages\/2137\/revisions\/15194"}],"wp:attachment":[{"href":"https:\/\/italiadivina.it\/es\/wp-json\/wp\/v2\/media?parent=2137"}],"curies":[{"name":"wp","href":"https:\/\/api.w.org\/{rel}","templated":true}]}}