{"id":516,"date":"2013-01-01T03:50:18","date_gmt":"2013-01-01T03:50:18","guid":{"rendered":"https:\/\/italiadivina.it\/wordpress_1\/?page_id=516"},"modified":"2020-08-26T13:44:44","modified_gmt":"2020-08-26T13:44:44","slug":"organice-su-boda-en-liguria-en-la-riviera-italiana","status":"publish","type":"page","link":"https:\/\/italiadivina.it\/es\/organice-su-boda-en-liguria-en-la-riviera-italiana\/","title":{"rendered":"Organice su boda en Liguria en la Riviera italiana"},"content":{"rendered":"<p>[et_pb_section fb_built=\u00bb1&#8243; _builder_version=\u00bb3.22&#8243;][et_pb_row _builder_version=\u00bb3.25&#8243; background_size=\u00bbinitial\u00bb background_position=\u00bbtop_left\u00bb background_repeat=\u00bbrepeat\u00bb][et_pb_column type=\u00bb4_4&#8243; _builder_version=\u00bb3.25&#8243; custom_padding=\u00bb|||\u00bb custom_padding__hover=\u00bb|||\u00bb][et_pb_text _builder_version=\u00bb3.27.4&#8243; background_size=\u00bbinitial\u00bb background_position=\u00bbtop_left\u00bb background_repeat=\u00bbrepeat\u00bb]<\/p>\n<h4>Celebre su matrimonio en la Riviera de las flores: organice su boda en Liguria en la Riviera italiana, con la ayuda de Riviera Divina Wedding Planners.<\/h4>\nngg_shortcode_0_placeholder\n<p>Riviera Divina es un proyecto de organizaci\u00f3n de bodas fundado con el objetivo de ayudarle a planificar la celebraci\u00f3n de su matrimonio en Liguria, en la Riviera italiana. Nuestra f\u00f3rmula innovadora permite realzar el valor de los extraordinarios escenarios disponibles para casarse en la Riviera de las flores.<\/p>\n<p>Nuestra agencia cuenta con un equipo de expertos que dedicar\u00e1n todo su empe\u00f1o a que su gran d\u00eda sea realmente especial. Gracias a nuestros colaboradores profesionales, altamente cualificados, podemos garantizarle los mejores resultados en la celebraci\u00f3n de su matrimonio en Liguria, en la Riviera italiana.<br \/>\n[\/et_pb_text][\/et_pb_column][\/et_pb_row][\/et_pb_section]<\/p>\n","protected":false},"excerpt":{"rendered":"<p>Celebre su matrimonio en la Riviera de las flores: organice su boda en Liguria en la Riviera italiana, con la ayuda de Riviera Divina Wedding Planners. \n<div class=\"ngg-galleryoverview ngg-slideshow\"\n\tid=\"ngg-slideshow-b06686c62314af849edfa79be997b4d2-14338163360\"\n\tdata-gallery-id=\"b06686c62314af849edfa79be997b4d2\"\n\tstyle=\"max-width: 600px;\n\t\t\tmax-height: 400px;\n\t\t\tdisplay: none;\">\n\n\t\n\t\t<a href=\"https:\/\/italiadivina.it\/wp-content\/gallery\/matrimoni-in-liguria-in-residenze-depoca\/matrimoni-liguria.jpg\"\n\t\t\ttitle=\"\"\n\t\t\tdata-src=\"https:\/\/italiadivina.it\/wp-content\/gallery\/matrimoni-in-liguria-in-residenze-depoca\/matrimoni-liguria.jpg\"\n\t\t\tdata-thumbnail=\"https:\/\/italiadivina.it\/wp-content\/gallery\/matrimoni-in-liguria-in-residenze-depoca\/thumbs\/thumbs_matrimoni-liguria.jpg\"\n\t\t\tdata-image-id=\"142\"\n\t\t\tdata-title=\"matrimoni-liguria\"\n\t\t\tdata-description=\"\"\n\t\t\t\t\t\t\t\t\t\t\t\t\t\t\tclass=\"shutterset_b06686c62314af849edfa79be997b4d2\">\n\t\t\t\n\t\t\t<img data-image-id='142'\n\t\t\t\ttitle=\"\"\n\t\t\t\talt=\"matrimoni-liguria\"\n\t\t\t\tsrc=\"https:\/\/italiadivina.it\/wp-content\/gallery\/matrimoni-in-liguria-in-residenze-depoca\/matrimoni-liguria.jpg\"\n\t\t\t\tstyle=\"max-height: 380px;\"\/>\n\t\t<\/a>\n\n\t\t<\/div>\n\n\t\t<!-- Thumbnails Link -->\n\t<div class=\"slideshowlink\" style=\"max-width: 600px;\">\n\t\t<a href='https:\/\/italiadivina.it\/es\/organice-su-boda-en-liguria-en-la-riviera-italiana\/nggallery\/thumbnails'>[Show picture list]<\/a>\n\t<\/div>\n\n Riviera Divina es un proyecto de organizaci\u00f3n de bodas fundado con el objetivo de ayudarle a planificar la celebraci\u00f3n de su matrimonio en Liguria, [&hellip;]<\/p>\n","protected":false},"author":1,"featured_media":0,"parent":0,"menu_order":0,"comment_status":"closed","ping_status":"closed","template":"","meta":{"_acf_changed":false,"_et_pb_use_builder":"on","_et_pb_old_content":"<h4>Celebre su matrimonio en la Riviera de las flores: organice su boda en Liguria en la Riviera italiana, con la ayuda de Riviera Divina Wedding Planners.<\/h4><p>[slideshow nggallery id=22 w=600 h=400]<\/p><p>Riviera Divina es un proyecto de organizaci\u00f3n de bodas fundado con el objetivo de ayudarle a planificar la celebraci\u00f3n de su matrimonio en Liguria, en la Riviera italiana. Nuestra f\u00f3rmula innovadora permite realzar el valor de los extraordinarios escenarios disponibles para casarse en la Riviera de las flores.<\/p><p>Nuestra agencia cuenta con un equipo de expertos que dedicar\u00e1n todo su empe\u00f1o a que su gran d\u00eda sea realmente especial. Gracias a nuestros colaboradores profesionales, altamente cualificados, podemos garantizarle los mejores resultados en la celebraci\u00f3n de su matrimonio en Liguria, en la Riviera italiana.<\/p>","_et_gb_content_width":"","ngg_post_thumbnail":0,"footnotes":""},"class_list":["post-516","page","type-page","status-publish","hentry"],"acf":[],"yoast_head":"<!-- This site is optimized with the Yoast SEO plugin v27.4 - https:\/\/yoast.com\/product\/yoast-seo-wordpress\/ -->\n<title>organice su boda en Liguria en la Riviera italiana | Riviera Divina organizador de bodas<\/title>\n<meta name=\"description\" content=\"Organice su boda en Liguria en la Riviera italiana: casarse en Liguria, en la Riviera de las flores, con la ayuda del organizador de bodas Riviera Divina\" \/>\n<meta name=\"robots\" content=\"index, follow, max-snippet:-1, max-image-preview:large, max-video-preview:-1\" \/>\n<link rel=\"canonical\" href=\"https:\/\/italiadivina.it\/es\/organice-su-boda-en-liguria-en-la-riviera-italiana\/\" \/>\n<meta property=\"og:locale\" content=\"es_ES\" \/>\n<meta property=\"og:type\" content=\"article\" \/>\n<meta property=\"og:title\" content=\"organice su boda en Liguria en la Riviera italiana | Riviera Divina organizador de bodas\" \/>\n<meta property=\"og:description\" content=\"Organice su boda en Liguria en la Riviera italiana: casarse en Liguria, en la Riviera de las flores, con la ayuda del organizador de bodas Riviera Divina\" \/>\n<meta property=\"og:url\" content=\"https:\/\/italiadivina.it\/es\/organice-su-boda-en-liguria-en-la-riviera-italiana\/\" \/>\n<meta property=\"og:site_name\" content=\"Italia Divina\" \/>\n<meta property=\"article:modified_time\" content=\"2020-08-26T13:44:44+00:00\" \/>\n<meta name=\"twitter:label1\" content=\"Tiempo de lectura\" \/>\n\t<meta name=\"twitter:data1\" content=\"1 minuto\" \/>\n<script type=\"application\/ld+json\" class=\"yoast-schema-graph\">{\"@context\":\"https:\\\/\\\/schema.org\",\"@graph\":[{\"@type\":\"WebPage\",\"@id\":\"https:\\\/\\\/italiadivina.it\\\/es\\\/organice-su-boda-en-liguria-en-la-riviera-italiana\\\/\",\"url\":\"https:\\\/\\\/italiadivina.it\\\/es\\\/organice-su-boda-en-liguria-en-la-riviera-italiana\\\/\",\"name\":\"organice su boda en Liguria en la Riviera italiana | Riviera Divina organizador de bodas\",\"isPartOf\":{\"@id\":\"https:\\\/\\\/italiadivina.it\\\/de\\\/#website\"},\"datePublished\":\"2013-01-01T03:50:18+00:00\",\"dateModified\":\"2020-08-26T13:44:44+00:00\",\"description\":\"Organice su boda en Liguria en la Riviera italiana: casarse en Liguria, en la Riviera de las flores, con la ayuda del organizador de bodas Riviera Divina\",\"breadcrumb\":{\"@id\":\"https:\\\/\\\/italiadivina.it\\\/es\\\/organice-su-boda-en-liguria-en-la-riviera-italiana\\\/#breadcrumb\"},\"inLanguage\":\"es\",\"potentialAction\":[{\"@type\":\"ReadAction\",\"target\":[\"https:\\\/\\\/italiadivina.it\\\/es\\\/organice-su-boda-en-liguria-en-la-riviera-italiana\\\/\"]}]},{\"@type\":\"BreadcrumbList\",\"@id\":\"https:\\\/\\\/italiadivina.it\\\/es\\\/organice-su-boda-en-liguria-en-la-riviera-italiana\\\/#breadcrumb\",\"itemListElement\":[{\"@type\":\"ListItem\",\"position\":1,\"name\":\"Home\",\"item\":\"https:\\\/\\\/italiadivina.it\\\/es\\\/\"},{\"@type\":\"ListItem\",\"position\":2,\"name\":\"Organice su boda en Liguria en la Riviera italiana\"}]},{\"@type\":\"WebSite\",\"@id\":\"https:\\\/\\\/italiadivina.it\\\/de\\\/#website\",\"url\":\"https:\\\/\\\/italiadivina.it\\\/de\\\/\",\"name\":\"Italia Divina\",\"description\":\"wedding & event planner\",\"potentialAction\":[{\"@type\":\"SearchAction\",\"target\":{\"@type\":\"EntryPoint\",\"urlTemplate\":\"https:\\\/\\\/italiadivina.it\\\/de\\\/?s={search_term_string}\"},\"query-input\":{\"@type\":\"PropertyValueSpecification\",\"valueRequired\":true,\"valueName\":\"search_term_string\"}}],\"inLanguage\":\"es\"}]}<\/script>\n<!-- \/ Yoast SEO plugin. -->","yoast_head_json":{"title":"organice su boda en Liguria en la Riviera italiana | Riviera Divina organizador de bodas","description":"Organice su boda en Liguria en la Riviera italiana: casarse en Liguria, en la Riviera de las flores, con la ayuda del organizador de bodas Riviera Divina","robots":{"index":"index","follow":"follow","max-snippet":"max-snippet:-1","max-image-preview":"max-image-preview:large","max-video-preview":"max-video-preview:-1"},"canonical":"https:\/\/italiadivina.it\/es\/organice-su-boda-en-liguria-en-la-riviera-italiana\/","og_locale":"es_ES","og_type":"article","og_title":"organice su boda en Liguria en la Riviera italiana | Riviera Divina organizador de bodas","og_description":"Organice su boda en Liguria en la Riviera italiana: casarse en Liguria, en la Riviera de las flores, con la ayuda del organizador de bodas Riviera Divina","og_url":"https:\/\/italiadivina.it\/es\/organice-su-boda-en-liguria-en-la-riviera-italiana\/","og_site_name":"Italia Divina","article_modified_time":"2020-08-26T13:44:44+00:00","twitter_misc":{"Tiempo de lectura":"1 minuto"},"schema":{"@context":"https:\/\/schema.org","@graph":[{"@type":"WebPage","@id":"https:\/\/italiadivina.it\/es\/organice-su-boda-en-liguria-en-la-riviera-italiana\/","url":"https:\/\/italiadivina.it\/es\/organice-su-boda-en-liguria-en-la-riviera-italiana\/","name":"organice su boda en Liguria en la Riviera italiana | Riviera Divina organizador de bodas","isPartOf":{"@id":"https:\/\/italiadivina.it\/de\/#website"},"datePublished":"2013-01-01T03:50:18+00:00","dateModified":"2020-08-26T13:44:44+00:00","description":"Organice su boda en Liguria en la Riviera italiana: casarse en Liguria, en la Riviera de las flores, con la ayuda del organizador de bodas Riviera Divina","breadcrumb":{"@id":"https:\/\/italiadivina.it\/es\/organice-su-boda-en-liguria-en-la-riviera-italiana\/#breadcrumb"},"inLanguage":"es","potentialAction":[{"@type":"ReadAction","target":["https:\/\/italiadivina.it\/es\/organice-su-boda-en-liguria-en-la-riviera-italiana\/"]}]},{"@type":"BreadcrumbList","@id":"https:\/\/italiadivina.it\/es\/organice-su-boda-en-liguria-en-la-riviera-italiana\/#breadcrumb","itemListElement":[{"@type":"ListItem","position":1,"name":"Home","item":"https:\/\/italiadivina.it\/es\/"},{"@type":"ListItem","position":2,"name":"Organice su boda en Liguria en la Riviera italiana"}]},{"@type":"WebSite","@id":"https:\/\/italiadivina.it\/de\/#website","url":"https:\/\/italiadivina.it\/de\/","name":"Italia Divina","description":"wedding & event planner","potentialAction":[{"@type":"SearchAction","target":{"@type":"EntryPoint","urlTemplate":"https:\/\/italiadivina.it\/de\/?s={search_term_string}"},"query-input":{"@type":"PropertyValueSpecification","valueRequired":true,"valueName":"search_term_string"}}],"inLanguage":"es"}]}},"_links":{"self":[{"href":"https:\/\/italiadivina.it\/es\/wp-json\/wp\/v2\/pages\/516","targetHints":{"allow":["GET"]}}],"collection":[{"href":"https:\/\/italiadivina.it\/es\/wp-json\/wp\/v2\/pages"}],"about":[{"href":"https:\/\/italiadivina.it\/es\/wp-json\/wp\/v2\/types\/page"}],"author":[{"embeddable":true,"href":"https:\/\/italiadivina.it\/es\/wp-json\/wp\/v2\/users\/1"}],"replies":[{"embeddable":true,"href":"https:\/\/italiadivina.it\/es\/wp-json\/wp\/v2\/comments?post=516"}],"version-history":[{"count":10,"href":"https:\/\/italiadivina.it\/es\/wp-json\/wp\/v2\/pages\/516\/revisions"}],"predecessor-version":[{"id":11335,"href":"https:\/\/italiadivina.it\/es\/wp-json\/wp\/v2\/pages\/516\/revisions\/11335"}],"wp:attachment":[{"href":"https:\/\/italiadivina.it\/es\/wp-json\/wp\/v2\/media?parent=516"}],"curies":[{"name":"wp","href":"https:\/\/api.w.org\/{rel}","templated":true}]}}