{"id":524,"date":"2013-01-01T03:53:15","date_gmt":"2013-01-01T03:53:15","guid":{"rendered":"https:\/\/italiadivina.it\/wordpress_1\/?page_id=524"},"modified":"2020-08-31T06:16:29","modified_gmt":"2020-08-31T06:16:29","slug":"servicios-de-organizacion-de-bodas-riviera-divina","status":"publish","type":"page","link":"https:\/\/italiadivina.it\/es\/servicios-de-organizacion-de-bodas-riviera-divina\/","title":{"rendered":"Servicios de organizaci\u00f3n de bodas Riviera Divina"},"content":{"rendered":"<p>[et_pb_section fb_built=\u00bb1&#8243; _builder_version=\u00bb3.22&#8243;][et_pb_row _builder_version=\u00bb3.25&#8243; background_size=\u00bbinitial\u00bb background_position=\u00bbtop_left\u00bb background_repeat=\u00bbrepeat\u00bb][et_pb_column type=\u00bb4_4&#8243; _builder_version=\u00bb3.25&#8243; custom_padding=\u00bb|||\u00bb custom_padding__hover=\u00bb|||\u00bb][et_pb_text _builder_version=\u00bb4.5.1&#8243; background_size=\u00bbinitial\u00bb background_position=\u00bbtop_left\u00bb background_repeat=\u00bbrepeat\u00bb hover_enabled=\u00bb0&#8243;]<\/p>\n<h4><strong>Contrate los servicios de organizaci\u00f3n de bodas Riviera Divina para planificar de la mejor manera posible su casamiento en la Riviera italiana:<\/strong><\/h4>\n<ul>\n<li>Gesti\u00f3n de tr\u00e1mites y documentos.<\/li>\n<li>B\u00fasqueda de la ubicaci\u00f3n deseada.<\/li>\n<li>Restaurante y servicio de comidas.<\/li>\n<li>Hoteles.<\/li>\n<li>Arreglos florales.<\/li>\n<li>Decoraci\u00f3n personalizada.<\/li>\n<li>Alquiler de veh\u00edculos.<\/li>\n<li>Maquillaje y peluquer\u00eda.<\/li>\n<li>Bombonieras (regalos para invitados).<\/li>\n<li>Fotograf\u00eda, v\u00eddeo, m\u00fasica.<\/li>\n<li>Espect\u00e1culos y actuaciones musicales.<\/li>\n<li>Vestuario de boda y de etiqueta.<\/li>\n<li>Luna de miel y viajes de novios.<\/li>\n<\/ul>\n<p>[\/et_pb_text][\/et_pb_column][\/et_pb_row][\/et_pb_section]<\/p>\n","protected":false},"excerpt":{"rendered":"<p>Contrate los servicios de organizaci\u00f3n de bodas Riviera Divina para planificar de la mejor manera posible su casamiento en la Riviera italiana: Gesti\u00f3n de tr\u00e1mites y documentos. B\u00fasqueda de la ubicaci\u00f3n deseada. Restaurante y servicio de comidas. Hoteles. Arreglos florales. Decoraci\u00f3n personalizada. Alquiler de veh\u00edculos. Maquillaje y peluquer\u00eda. Bombonieras (regalos para invitados). Fotograf\u00eda, v\u00eddeo, m\u00fasica. [&hellip;]<\/p>\n","protected":false},"author":1,"featured_media":0,"parent":0,"menu_order":0,"comment_status":"closed","ping_status":"closed","template":"","meta":{"_acf_changed":false,"_et_pb_use_builder":"on","_et_pb_old_content":"<h4>Contrate los servicios de organizaci\u00f3n de bodas Riviera Divina para planificar de la mejor manera posible su casamiento en la Riviera italiana:<\/h4><ul><li>Gesti\u00f3n de tr\u00e1mites y documentos.<\/li><li>B\u00fasqueda de la ubicaci\u00f3n deseada.<\/li><li>Restaurante y servicio de comidas.<\/li><li>Hoteles.<\/li><li>Arreglos florales.<\/li><li>Decoraci\u00f3n personalizada.<\/li><li>Alquiler de veh\u00edculos.<\/li><li>Maquillaje y peluquer\u00eda.<\/li><li>Bombonieras (regalos para invitados).<\/li><li>Fotograf\u00eda, v\u00eddeo, m\u00fasica.<\/li><li>Espect\u00e1culos y actuaciones musicales.<\/li><li>Vestuario de boda y de etiqueta.<\/li><li>Luna de miel y viajes de novios.<\/li><\/ul>","_et_gb_content_width":"","ngg_post_thumbnail":0,"footnotes":""},"class_list":["post-524","page","type-page","status-publish","hentry"],"acf":[],"yoast_head":"<!-- This site is optimized with the Yoast SEO plugin v27.4 - https:\/\/yoast.com\/product\/yoast-seo-wordpress\/ -->\n<title>ORGANIZACI\u00d3N DE BODAS LIGURIA RIVIERA ITALIANA | Organizaci\u00f3n de bodas Riviera Divina<\/title>\n<meta name=\"description\" content=\"Servicios de organizaci\u00f3n de bodas Riviera Divina: planifique de la mejor manera posible su boda en la Riviera italiana.\" \/>\n<meta name=\"robots\" content=\"index, follow, max-snippet:-1, max-image-preview:large, max-video-preview:-1\" \/>\n<link rel=\"canonical\" href=\"https:\/\/italiadivina.it\/es\/servicios-de-organizacion-de-bodas-riviera-divina\/\" \/>\n<meta property=\"og:locale\" content=\"es_ES\" \/>\n<meta property=\"og:type\" content=\"article\" \/>\n<meta property=\"og:title\" content=\"ORGANIZACI\u00d3N DE BODAS LIGURIA RIVIERA ITALIANA | Organizaci\u00f3n de bodas Riviera Divina\" \/>\n<meta property=\"og:description\" content=\"Servicios de organizaci\u00f3n de bodas Riviera Divina: planifique de la mejor manera posible su boda en la Riviera italiana.\" \/>\n<meta property=\"og:url\" content=\"https:\/\/italiadivina.it\/es\/servicios-de-organizacion-de-bodas-riviera-divina\/\" \/>\n<meta property=\"og:site_name\" content=\"Italia Divina\" \/>\n<meta property=\"article:modified_time\" content=\"2020-08-31T06:16:29+00:00\" \/>\n<meta name=\"twitter:label1\" content=\"Tiempo de lectura\" \/>\n\t<meta name=\"twitter:data1\" content=\"1 minuto\" \/>\n<script type=\"application\/ld+json\" class=\"yoast-schema-graph\">{\"@context\":\"https:\\\/\\\/schema.org\",\"@graph\":[{\"@type\":\"WebPage\",\"@id\":\"https:\\\/\\\/italiadivina.it\\\/es\\\/servicios-de-organizacion-de-bodas-riviera-divina\\\/\",\"url\":\"https:\\\/\\\/italiadivina.it\\\/es\\\/servicios-de-organizacion-de-bodas-riviera-divina\\\/\",\"name\":\"ORGANIZACI\u00d3N DE BODAS LIGURIA RIVIERA ITALIANA | Organizaci\u00f3n de bodas Riviera Divina\",\"isPartOf\":{\"@id\":\"https:\\\/\\\/italiadivina.it\\\/de\\\/#website\"},\"datePublished\":\"2013-01-01T03:53:15+00:00\",\"dateModified\":\"2020-08-31T06:16:29+00:00\",\"description\":\"Servicios de organizaci\u00f3n de bodas Riviera Divina: planifique de la mejor manera posible su boda en la Riviera italiana.\",\"breadcrumb\":{\"@id\":\"https:\\\/\\\/italiadivina.it\\\/es\\\/servicios-de-organizacion-de-bodas-riviera-divina\\\/#breadcrumb\"},\"inLanguage\":\"es\",\"potentialAction\":[{\"@type\":\"ReadAction\",\"target\":[\"https:\\\/\\\/italiadivina.it\\\/es\\\/servicios-de-organizacion-de-bodas-riviera-divina\\\/\"]}]},{\"@type\":\"BreadcrumbList\",\"@id\":\"https:\\\/\\\/italiadivina.it\\\/es\\\/servicios-de-organizacion-de-bodas-riviera-divina\\\/#breadcrumb\",\"itemListElement\":[{\"@type\":\"ListItem\",\"position\":1,\"name\":\"Home\",\"item\":\"https:\\\/\\\/italiadivina.it\\\/es\\\/\"},{\"@type\":\"ListItem\",\"position\":2,\"name\":\"Servicios de organizaci\u00f3n de bodas Riviera Divina\"}]},{\"@type\":\"WebSite\",\"@id\":\"https:\\\/\\\/italiadivina.it\\\/de\\\/#website\",\"url\":\"https:\\\/\\\/italiadivina.it\\\/de\\\/\",\"name\":\"Italia Divina\",\"description\":\"wedding & event planner\",\"potentialAction\":[{\"@type\":\"SearchAction\",\"target\":{\"@type\":\"EntryPoint\",\"urlTemplate\":\"https:\\\/\\\/italiadivina.it\\\/de\\\/?s={search_term_string}\"},\"query-input\":{\"@type\":\"PropertyValueSpecification\",\"valueRequired\":true,\"valueName\":\"search_term_string\"}}],\"inLanguage\":\"es\"}]}<\/script>\n<!-- \/ Yoast SEO plugin. -->","yoast_head_json":{"title":"ORGANIZACI\u00d3N DE BODAS LIGURIA RIVIERA ITALIANA | Organizaci\u00f3n de bodas Riviera Divina","description":"Servicios de organizaci\u00f3n de bodas Riviera Divina: planifique de la mejor manera posible su boda en la Riviera italiana.","robots":{"index":"index","follow":"follow","max-snippet":"max-snippet:-1","max-image-preview":"max-image-preview:large","max-video-preview":"max-video-preview:-1"},"canonical":"https:\/\/italiadivina.it\/es\/servicios-de-organizacion-de-bodas-riviera-divina\/","og_locale":"es_ES","og_type":"article","og_title":"ORGANIZACI\u00d3N DE BODAS LIGURIA RIVIERA ITALIANA | Organizaci\u00f3n de bodas Riviera Divina","og_description":"Servicios de organizaci\u00f3n de bodas Riviera Divina: planifique de la mejor manera posible su boda en la Riviera italiana.","og_url":"https:\/\/italiadivina.it\/es\/servicios-de-organizacion-de-bodas-riviera-divina\/","og_site_name":"Italia Divina","article_modified_time":"2020-08-31T06:16:29+00:00","twitter_misc":{"Tiempo de lectura":"1 minuto"},"schema":{"@context":"https:\/\/schema.org","@graph":[{"@type":"WebPage","@id":"https:\/\/italiadivina.it\/es\/servicios-de-organizacion-de-bodas-riviera-divina\/","url":"https:\/\/italiadivina.it\/es\/servicios-de-organizacion-de-bodas-riviera-divina\/","name":"ORGANIZACI\u00d3N DE BODAS LIGURIA RIVIERA ITALIANA | Organizaci\u00f3n de bodas Riviera Divina","isPartOf":{"@id":"https:\/\/italiadivina.it\/de\/#website"},"datePublished":"2013-01-01T03:53:15+00:00","dateModified":"2020-08-31T06:16:29+00:00","description":"Servicios de organizaci\u00f3n de bodas Riviera Divina: planifique de la mejor manera posible su boda en la Riviera italiana.","breadcrumb":{"@id":"https:\/\/italiadivina.it\/es\/servicios-de-organizacion-de-bodas-riviera-divina\/#breadcrumb"},"inLanguage":"es","potentialAction":[{"@type":"ReadAction","target":["https:\/\/italiadivina.it\/es\/servicios-de-organizacion-de-bodas-riviera-divina\/"]}]},{"@type":"BreadcrumbList","@id":"https:\/\/italiadivina.it\/es\/servicios-de-organizacion-de-bodas-riviera-divina\/#breadcrumb","itemListElement":[{"@type":"ListItem","position":1,"name":"Home","item":"https:\/\/italiadivina.it\/es\/"},{"@type":"ListItem","position":2,"name":"Servicios de organizaci\u00f3n de bodas Riviera Divina"}]},{"@type":"WebSite","@id":"https:\/\/italiadivina.it\/de\/#website","url":"https:\/\/italiadivina.it\/de\/","name":"Italia Divina","description":"wedding & event planner","potentialAction":[{"@type":"SearchAction","target":{"@type":"EntryPoint","urlTemplate":"https:\/\/italiadivina.it\/de\/?s={search_term_string}"},"query-input":{"@type":"PropertyValueSpecification","valueRequired":true,"valueName":"search_term_string"}}],"inLanguage":"es"}]}},"_links":{"self":[{"href":"https:\/\/italiadivina.it\/es\/wp-json\/wp\/v2\/pages\/524","targetHints":{"allow":["GET"]}}],"collection":[{"href":"https:\/\/italiadivina.it\/es\/wp-json\/wp\/v2\/pages"}],"about":[{"href":"https:\/\/italiadivina.it\/es\/wp-json\/wp\/v2\/types\/page"}],"author":[{"embeddable":true,"href":"https:\/\/italiadivina.it\/es\/wp-json\/wp\/v2\/users\/1"}],"replies":[{"embeddable":true,"href":"https:\/\/italiadivina.it\/es\/wp-json\/wp\/v2\/comments?post=524"}],"version-history":[{"count":7,"href":"https:\/\/italiadivina.it\/es\/wp-json\/wp\/v2\/pages\/524\/revisions"}],"predecessor-version":[{"id":11693,"href":"https:\/\/italiadivina.it\/es\/wp-json\/wp\/v2\/pages\/524\/revisions\/11693"}],"wp:attachment":[{"href":"https:\/\/italiadivina.it\/es\/wp-json\/wp\/v2\/media?parent=524"}],"curies":[{"name":"wp","href":"https:\/\/api.w.org\/{rel}","templated":true}]}}