{"id":1139,"date":"2013-04-16T10:38:07","date_gmt":"2013-04-16T10:38:07","guid":{"rendered":"https:\/\/italiadivina.it\/?page_id=1139"},"modified":"2022-05-16T17:06:59","modified_gmt":"2022-05-16T17:06:59","slug":"qui-nous-sommes","status":"publish","type":"page","link":"https:\/\/italiadivina.it\/fr\/qui-nous-sommes\/","title":{"rendered":"A notre propos &#8211; Italia Divina"},"content":{"rendered":"<p>[et_pb_section fb_built=\u00a0\u00bb1&Prime; _builder_version=\u00a0\u00bb4.5.1&Prime; _module_preset=\u00a0\u00bbdefault\u00a0\u00bb global_colors_info=\u00a0\u00bb{}\u00a0\u00bb][et_pb_row column_structure=\u00a0\u00bb1_2,1_2&Prime; _builder_version=\u00a0\u00bb4.5.3&Prime; _module_preset=\u00a0\u00bbdefault\u00a0\u00bb global_colors_info=\u00a0\u00bb{}\u00a0\u00bb][et_pb_column type=\u00a0\u00bb1_2&Prime; _builder_version=\u00a0\u00bb4.5.3&Prime; _module_preset=\u00a0\u00bbdefault\u00a0\u00bb global_colors_info=\u00a0\u00bb{}\u00a0\u00bb][et_pb_image src=\u00a0\u00bbhttp:\/\/italiadivina.it\/wp-content\/uploads\/2020\/09\/1083144895301332992.png\u00a0\u00bb alt=\u00a0\u00bbRiviera Divina Weddings 10th anniversary\u00a0\u00bb title_text=\u00a0\u00bb1083144895301332992&Prime; _builder_version=\u00a0\u00bb4.5.3&Prime; _module_preset=\u00a0\u00bbdefault\u00a0\u00bb width=\u00a0\u00bb84%\u00a0\u00bb global_colors_info=\u00a0\u00bb{}\u00a0\u00bb][\/et_pb_image][\/et_pb_column][et_pb_column type=\u00a0\u00bb1_2&Prime; _builder_version=\u00a0\u00bb4.5.3&Prime; _module_preset=\u00a0\u00bbdefault\u00a0\u00bb global_colors_info=\u00a0\u00bb{}\u00a0\u00bb][et_pb_text _builder_version=\u00a0\u00bb4.5.3&Prime; background_size=\u00a0\u00bbinitial\u00a0\u00bb background_position=\u00a0\u00bbtop_left\u00a0\u00bb background_repeat=\u00a0\u00bbrepeat\u00a0\u00bb global_colors_info=\u00a0\u00bb{}\u00a0\u00bb]<\/p>\n<h3><strong style=\"color: #c3512f;\">A notre propos \u2013 Italia Divina<\/strong><\/h3>\n<p>Nous travaillons depuis plus de vingt ans dans le secteur du tourisme et des loisirs, avec une client\u00e8le italienne et internationale. En 2009, nous sommes devenus les repr\u00e9sentants du secteur du mariage du tour op\u00e9rateur Nyala Wonder Travel, en offrant la garantie de mettre \u00e0 disposition les professionnels les plus qualifi\u00e9s dans la gestion d\u2019\u00e9v\u00e9nements priv\u00e9s et de voyages individuels ou en groupes.<\/p>\n<p>Au fil du temps, nous avons cr\u00e9\u00e9 un r\u00e9seau de fournisseurs fiables qui travaillent en conformit\u00e9 avec le style d&rsquo;Italia Divina : des chefs sp\u00e9cialis\u00e9s dans la grande tradition de la cuisine italienne et de celle d&rsquo;autres nationalit\u00e9s, des d\u00e9corateurs floraux, des photographes et vid\u00e9astes talentueux &#8211; tous tr\u00e8s exp\u00e9riment\u00e9s.<\/p>\n<p>Nous proposons nos services de consultant en mariage dans toute l&rsquo;Italie, en privil\u00e9giant certaines destinations, merveilleuses \u00e0 tout moment de l&rsquo;ann\u00e9e : en bord de mer, au bord de lacs, ou dans des coins de l&rsquo;arri\u00e8re-pays moins connus. Nous avons s\u00e9lectionn\u00e9 des ch\u00e2teaux m\u00e9di\u00e9vaux, des b\u00e2timents historiques, des villas d&rsquo;antan, des h\u00f4tels de charme, et m\u00eame des bateaux et yachts. Nous proposons \u00e9galement des endroits tr\u00e8s sp\u00e9ciaux,\u00a0 comme une grotte souterraine, un chalet en haute altitude, un vignoble ou une rizi\u00e8re \u00e0 la campagne.<\/p>\n<p>Nous poss\u00e9dons l&rsquo;inspiration n\u00e9cessaire \u00e0 la transformation des espaces et cr\u00e9ons des \u00e9v\u00e9nements \u00e0 th\u00e8mes bas\u00e9s sur le style m\u00e9di\u00e9val, baroque ou vintage, le cirque, la campagne et bien d&rsquo;autres&#8230;<\/p>\n<p>Il existe tellement de raisons de dire \u00ab\u00a0Oui, je le veux\u00a0\u00bb, avec Italia Divina !<\/p>\n<p>[\/et_pb_text][\/et_pb_column][\/et_pb_row][\/et_pb_section]<\/p>\n","protected":false},"excerpt":{"rendered":"<p>A notre propos \u2013 Italia Divina Nous travaillons depuis plus de vingt ans dans le secteur du tourisme et des loisirs, avec une client\u00e8le italienne et internationale. En 2009, nous sommes devenus les repr\u00e9sentants du secteur du mariage du tour op\u00e9rateur Nyala Wonder Travel, en offrant la garantie de mettre \u00e0 disposition les professionnels les [&hellip;]<\/p>\n","protected":false},"author":1,"featured_media":0,"parent":0,"menu_order":0,"comment_status":"closed","ping_status":"closed","template":"","meta":{"_acf_changed":false,"_et_pb_use_builder":"on","_et_pb_old_content":"<p><strong>A notre propos - Italia Divina<\/strong><\/p><p>Nous travaillons depuis plus de vingt ans dans le secteur du tourisme et des loisirs, avec une client\u00e8le italienne et internationale. En 2009, nous sommes devenus les repr\u00e9sentants du secteur du mariage du tour op\u00e9rateur Nyala Wonder Travel, en offrant la garantie de mettre \u00e0 disposition les professionnels les plus qualifi\u00e9s dans la gestion d\u2019\u00e9v\u00e9nements priv\u00e9s et de voyages individuels ou en groupes. Au fil du temps, nous avons cr\u00e9\u00e9 un r\u00e9seau de fournisseurs fiables qui travaillent en conformit\u00e9 avec le style d'Italia Divina : des chefs sp\u00e9cialis\u00e9s dans la grande tradition de la cuisine italienne, ou de celle d'autres nationalit\u00e9s, des cr\u00e9ateurs floraux, des photographes et vid\u00e9astes talentueux - tous tr\u00e8s exp\u00e9riment\u00e9s. Nous proposons nos services de consultant en mariage dans toute l'Italie, en privil\u00e9giant certaines destinations, merveilleuses \u00e0 tout moment de l'ann\u00e9e : en bord de mer, au bord de lacs, ou dans des coins de l'arri\u00e8re-pays moins connus. Nous avons s\u00e9lectionn\u00e9 des ch\u00e2teaux m\u00e9di\u00e9vaux, des b\u00e2timents historiques, des villas d'antan, des h\u00f4tels de charme, et m\u00eame des bateaux et yachts. Nous proposons \u00e9galement des endroits tr\u00e8s sp\u00e9ciaux,\u00a0 comme une grotte souterraine, un chalet en haute altitude, un vignoble ou une rizi\u00e8re \u00e0 la campagne. Nous poss\u00e9dons l'inspiration n\u00e9cessaire \u00e0 la transformation des espaces et cr\u00e9ons des \u00e9v\u00e9nements \u00e0 th\u00e8mes bas\u00e9s sur le style m\u00e9di\u00e9val, baroque ou vintage, le cirque, la campagne et bien d'autres\u00a0......... Il existe tellement de raisons de dire \"Oui, je le veux\", avec Italia Divina !<\/p>","_et_gb_content_width":"","ngg_post_thumbnail":0,"footnotes":""},"class_list":["post-1139","page","type-page","status-publish","hentry"],"acf":[],"yoast_head":"<!-- This site is optimized with the Yoast SEO plugin v27.5 - https:\/\/yoast.com\/product\/yoast-seo-wordpress\/ -->\n<title>A notre propos - Italia Divina - Italia Divina<\/title>\n<meta name=\"robots\" content=\"index, follow, max-snippet:-1, max-image-preview:large, max-video-preview:-1\" \/>\n<link rel=\"canonical\" href=\"https:\/\/italiadivina.it\/fr\/qui-nous-sommes\/\" \/>\n<meta property=\"og:locale\" content=\"fr_FR\" \/>\n<meta property=\"og:type\" content=\"article\" \/>\n<meta property=\"og:title\" content=\"A notre propos - Italia Divina - Italia Divina\" \/>\n<meta property=\"og:description\" content=\"A notre propos \u2013 Italia Divina Nous travaillons depuis plus de vingt ans dans le secteur du tourisme et des loisirs, avec une client\u00e8le italienne et internationale. En 2009, nous sommes devenus les repr\u00e9sentants du secteur du mariage du tour op\u00e9rateur Nyala Wonder Travel, en offrant la garantie de mettre \u00e0 disposition les professionnels les [&hellip;]\" \/>\n<meta property=\"og:url\" content=\"https:\/\/italiadivina.it\/fr\/qui-nous-sommes\/\" \/>\n<meta property=\"og:site_name\" content=\"Italia Divina\" \/>\n<meta property=\"article:modified_time\" content=\"2022-05-16T17:06:59+00:00\" \/>\n<meta name=\"twitter:label1\" content=\"Dur\u00e9e de lecture estim\u00e9e\" \/>\n\t<meta name=\"twitter:data1\" content=\"2 minutes\" \/>\n<script type=\"application\/ld+json\" class=\"yoast-schema-graph\">{\"@context\":\"https:\\\/\\\/schema.org\",\"@graph\":[{\"@type\":\"WebPage\",\"@id\":\"https:\\\/\\\/italiadivina.it\\\/fr\\\/qui-nous-sommes\\\/\",\"url\":\"https:\\\/\\\/italiadivina.it\\\/fr\\\/qui-nous-sommes\\\/\",\"name\":\"A notre propos - Italia Divina - Italia Divina\",\"isPartOf\":{\"@id\":\"https:\\\/\\\/italiadivina.it\\\/de\\\/#website\"},\"datePublished\":\"2013-04-16T10:38:07+00:00\",\"dateModified\":\"2022-05-16T17:06:59+00:00\",\"breadcrumb\":{\"@id\":\"https:\\\/\\\/italiadivina.it\\\/fr\\\/qui-nous-sommes\\\/#breadcrumb\"},\"inLanguage\":\"fr-FR\",\"potentialAction\":[{\"@type\":\"ReadAction\",\"target\":[\"https:\\\/\\\/italiadivina.it\\\/fr\\\/qui-nous-sommes\\\/\"]}]},{\"@type\":\"BreadcrumbList\",\"@id\":\"https:\\\/\\\/italiadivina.it\\\/fr\\\/qui-nous-sommes\\\/#breadcrumb\",\"itemListElement\":[{\"@type\":\"ListItem\",\"position\":1,\"name\":\"Home\",\"item\":\"https:\\\/\\\/italiadivina.it\\\/fr\\\/\"},{\"@type\":\"ListItem\",\"position\":2,\"name\":\"A notre propos &#8211; Italia Divina\"}]},{\"@type\":\"WebSite\",\"@id\":\"https:\\\/\\\/italiadivina.it\\\/de\\\/#website\",\"url\":\"https:\\\/\\\/italiadivina.it\\\/de\\\/\",\"name\":\"Italia Divina\",\"description\":\"wedding & event planner\",\"potentialAction\":[{\"@type\":\"SearchAction\",\"target\":{\"@type\":\"EntryPoint\",\"urlTemplate\":\"https:\\\/\\\/italiadivina.it\\\/de\\\/?s={search_term_string}\"},\"query-input\":{\"@type\":\"PropertyValueSpecification\",\"valueRequired\":true,\"valueName\":\"search_term_string\"}}],\"inLanguage\":\"fr-FR\"}]}<\/script>\n<!-- \/ Yoast SEO plugin. -->","yoast_head_json":{"title":"A notre propos - Italia Divina - Italia Divina","robots":{"index":"index","follow":"follow","max-snippet":"max-snippet:-1","max-image-preview":"max-image-preview:large","max-video-preview":"max-video-preview:-1"},"canonical":"https:\/\/italiadivina.it\/fr\/qui-nous-sommes\/","og_locale":"fr_FR","og_type":"article","og_title":"A notre propos - Italia Divina - Italia Divina","og_description":"A notre propos \u2013 Italia Divina Nous travaillons depuis plus de vingt ans dans le secteur du tourisme et des loisirs, avec une client\u00e8le italienne et internationale. En 2009, nous sommes devenus les repr\u00e9sentants du secteur du mariage du tour op\u00e9rateur Nyala Wonder Travel, en offrant la garantie de mettre \u00e0 disposition les professionnels les [&hellip;]","og_url":"https:\/\/italiadivina.it\/fr\/qui-nous-sommes\/","og_site_name":"Italia Divina","article_modified_time":"2022-05-16T17:06:59+00:00","twitter_misc":{"Dur\u00e9e de lecture estim\u00e9e":"2 minutes"},"schema":{"@context":"https:\/\/schema.org","@graph":[{"@type":"WebPage","@id":"https:\/\/italiadivina.it\/fr\/qui-nous-sommes\/","url":"https:\/\/italiadivina.it\/fr\/qui-nous-sommes\/","name":"A notre propos - Italia Divina - Italia Divina","isPartOf":{"@id":"https:\/\/italiadivina.it\/de\/#website"},"datePublished":"2013-04-16T10:38:07+00:00","dateModified":"2022-05-16T17:06:59+00:00","breadcrumb":{"@id":"https:\/\/italiadivina.it\/fr\/qui-nous-sommes\/#breadcrumb"},"inLanguage":"fr-FR","potentialAction":[{"@type":"ReadAction","target":["https:\/\/italiadivina.it\/fr\/qui-nous-sommes\/"]}]},{"@type":"BreadcrumbList","@id":"https:\/\/italiadivina.it\/fr\/qui-nous-sommes\/#breadcrumb","itemListElement":[{"@type":"ListItem","position":1,"name":"Home","item":"https:\/\/italiadivina.it\/fr\/"},{"@type":"ListItem","position":2,"name":"A notre propos &#8211; Italia Divina"}]},{"@type":"WebSite","@id":"https:\/\/italiadivina.it\/de\/#website","url":"https:\/\/italiadivina.it\/de\/","name":"Italia Divina","description":"wedding & event planner","potentialAction":[{"@type":"SearchAction","target":{"@type":"EntryPoint","urlTemplate":"https:\/\/italiadivina.it\/de\/?s={search_term_string}"},"query-input":{"@type":"PropertyValueSpecification","valueRequired":true,"valueName":"search_term_string"}}],"inLanguage":"fr-FR"}]}},"_links":{"self":[{"href":"https:\/\/italiadivina.it\/fr\/wp-json\/wp\/v2\/pages\/1139","targetHints":{"allow":["GET"]}}],"collection":[{"href":"https:\/\/italiadivina.it\/fr\/wp-json\/wp\/v2\/pages"}],"about":[{"href":"https:\/\/italiadivina.it\/fr\/wp-json\/wp\/v2\/types\/page"}],"author":[{"embeddable":true,"href":"https:\/\/italiadivina.it\/fr\/wp-json\/wp\/v2\/users\/1"}],"replies":[{"embeddable":true,"href":"https:\/\/italiadivina.it\/fr\/wp-json\/wp\/v2\/comments?post=1139"}],"version-history":[{"count":33,"href":"https:\/\/italiadivina.it\/fr\/wp-json\/wp\/v2\/pages\/1139\/revisions"}],"predecessor-version":[{"id":17234,"href":"https:\/\/italiadivina.it\/fr\/wp-json\/wp\/v2\/pages\/1139\/revisions\/17234"}],"wp:attachment":[{"href":"https:\/\/italiadivina.it\/fr\/wp-json\/wp\/v2\/media?parent=1139"}],"curies":[{"name":"wp","href":"https:\/\/api.w.org\/{rel}","templated":true}]}}