{"id":17593,"date":"2025-02-27T08:50:10","date_gmt":"2025-02-27T08:50:10","guid":{"rendered":"https:\/\/italiadivina.it\/ou-nous-sommes\/"},"modified":"2025-02-27T09:32:22","modified_gmt":"2025-02-27T09:32:22","slug":"ou-nous-sommes","status":"publish","type":"page","link":"https:\/\/italiadivina.it\/fr\/ou-nous-sommes\/","title":{"rendered":"O\u00da NOUS SOMMES"},"content":{"rendered":"<p>[et_pb_section fb_built=\u00a0\u00bb1&Prime; _builder_version=\u00a0\u00bb4.27.4&Prime; _module_preset=\u00a0\u00bbdefault\u00a0\u00bb global_colors_info=\u00a0\u00bb{}\u00a0\u00bb][et_pb_row column_structure=\u00a0\u00bb1_2,1_2&Prime; _builder_version=\u00a0\u00bb4.27.4&Prime; _module_preset=\u00a0\u00bbdefault\u00a0\u00bb global_colors_info=\u00a0\u00bb{}\u00a0\u00bb][et_pb_column type=\u00a0\u00bb1_2&Prime; _builder_version=\u00a0\u00bb4.27.4&Prime; _module_preset=\u00a0\u00bbdefault\u00a0\u00bb global_colors_info=\u00a0\u00bb{}\u00a0\u00bb][et_pb_text _builder_version=\u00a0\u00bb4.27.4&Prime; _module_preset=\u00a0\u00bbdefault\u00a0\u00bb hover_enabled=\u00a0\u00bb0&Prime; global_colors_info=\u00a0\u00bb{}\u00a0\u00bb sticky_enabled=\u00a0\u00bb0&Prime;]<\/p>\n<h3 data-start=\"0\" data-end=\"550\">Notre emplacement privil\u00e9gi\u00e9 se trouve dans des destinations embl\u00e9matiques pour des mariages de r\u00eave, entour\u00e9es de paysages uniques et romantiques. De la magie de Sanremo et G\u00eanes aux magnifiques Cinque Terre et \u00e0 l&rsquo;\u00e9l\u00e9gante Versilia, en passant par le charme artistique de Florence, Sienne et Bologne. Le romantisme \u00e9ternel de V\u00e9rone et Venise, l&rsquo;\u00e9l\u00e9gance cosmopolite de Milan et Turin, jusqu&rsquo;\u00e0 la beaut\u00e9 intemporelle de Rome et la chaleur du Sud avec Naples, la splendide C\u00f4te Amalfitaine, la pittoresque Taormine et le charme in\u00e9gal\u00e9 de Palerme.<\/h3>\n<h3 data-start=\"552\" data-end=\"679\">Chaque ville raconte une histoire d\u2019amour unique, m\u00ealant histoire, panoramas \u00e0 couper le souffle et une atmosph\u00e8re inoubliable.<\/h3>\n<p>[\/et_pb_text][\/et_pb_column][et_pb_column type=\u00a0\u00bb1_2&Prime; _builder_version=\u00a0\u00bb4.27.4&Prime; _module_preset=\u00a0\u00bbdefault\u00a0\u00bb global_colors_info=\u00a0\u00bb{}\u00a0\u00bb][et_pb_image src=\u00a0\u00bbhttp:\/\/italiadivina.it\/wp-content\/uploads\/2025\/02\/cartina-italia.jpg\u00a0\u00bb _builder_version=\u00a0\u00bb4.27.4&Prime; _module_preset=\u00a0\u00bbdefault\u00a0\u00bb global_colors_info=\u00a0\u00bb{}\u00a0\u00bb][\/et_pb_image][\/et_pb_column][\/et_pb_row][\/et_pb_section]<\/p>\n","protected":false},"excerpt":{"rendered":"<p>Notre emplacement privil\u00e9gi\u00e9 se trouve dans des destinations embl\u00e9matiques pour des mariages de r\u00eave, entour\u00e9es de paysages uniques et romantiques. De la magie de Sanremo et G\u00eanes aux magnifiques Cinque Terre et \u00e0 l&rsquo;\u00e9l\u00e9gante Versilia, en passant par le charme artistique de Florence, Sienne et Bologne. Le romantisme \u00e9ternel de V\u00e9rone et Venise, l&rsquo;\u00e9l\u00e9gance cosmopolite [&hellip;]<\/p>\n","protected":false},"author":29,"featured_media":0,"parent":0,"menu_order":0,"comment_status":"closed","ping_status":"closed","template":"","meta":{"_acf_changed":false,"_et_pb_use_builder":"on","_et_pb_old_content":"","_et_gb_content_width":"","ngg_post_thumbnail":0,"footnotes":""},"class_list":["post-17593","page","type-page","status-publish","hentry"],"acf":[],"yoast_head":"<!-- This site is optimized with the Yoast SEO plugin v27.5 - https:\/\/yoast.com\/product\/yoast-seo-wordpress\/ -->\n<title>O\u00da NOUS SOMMES - Italia Divina<\/title>\n<meta name=\"robots\" content=\"index, follow, max-snippet:-1, max-image-preview:large, max-video-preview:-1\" \/>\n<link rel=\"canonical\" href=\"https:\/\/italiadivina.it\/fr\/ou-nous-sommes\/\" \/>\n<meta property=\"og:locale\" content=\"fr_FR\" \/>\n<meta property=\"og:type\" content=\"article\" \/>\n<meta property=\"og:title\" content=\"O\u00da NOUS SOMMES - Italia Divina\" \/>\n<meta property=\"og:description\" content=\"Notre emplacement privil\u00e9gi\u00e9 se trouve dans des destinations embl\u00e9matiques pour des mariages de r\u00eave, entour\u00e9es de paysages uniques et romantiques. De la magie de Sanremo et G\u00eanes aux magnifiques Cinque Terre et \u00e0 l&#039;\u00e9l\u00e9gante Versilia, en passant par le charme artistique de Florence, Sienne et Bologne. Le romantisme \u00e9ternel de V\u00e9rone et Venise, l&#039;\u00e9l\u00e9gance cosmopolite [&hellip;]\" \/>\n<meta property=\"og:url\" content=\"https:\/\/italiadivina.it\/fr\/ou-nous-sommes\/\" \/>\n<meta property=\"og:site_name\" content=\"Italia Divina\" \/>\n<meta property=\"article:modified_time\" content=\"2025-02-27T09:32:22+00:00\" \/>\n<meta name=\"twitter:label1\" content=\"Dur\u00e9e de lecture estim\u00e9e\" \/>\n\t<meta name=\"twitter:data1\" content=\"1 minute\" \/>\n<script type=\"application\/ld+json\" class=\"yoast-schema-graph\">{\"@context\":\"https:\\\/\\\/schema.org\",\"@graph\":[{\"@type\":\"WebPage\",\"@id\":\"https:\\\/\\\/italiadivina.it\\\/fr\\\/ou-nous-sommes\\\/\",\"url\":\"https:\\\/\\\/italiadivina.it\\\/fr\\\/ou-nous-sommes\\\/\",\"name\":\"O\u00da NOUS SOMMES - Italia Divina\",\"isPartOf\":{\"@id\":\"https:\\\/\\\/italiadivina.it\\\/de\\\/#website\"},\"datePublished\":\"2025-02-27T08:50:10+00:00\",\"dateModified\":\"2025-02-27T09:32:22+00:00\",\"breadcrumb\":{\"@id\":\"https:\\\/\\\/italiadivina.it\\\/fr\\\/ou-nous-sommes\\\/#breadcrumb\"},\"inLanguage\":\"fr-FR\",\"potentialAction\":[{\"@type\":\"ReadAction\",\"target\":[\"https:\\\/\\\/italiadivina.it\\\/fr\\\/ou-nous-sommes\\\/\"]}]},{\"@type\":\"BreadcrumbList\",\"@id\":\"https:\\\/\\\/italiadivina.it\\\/fr\\\/ou-nous-sommes\\\/#breadcrumb\",\"itemListElement\":[{\"@type\":\"ListItem\",\"position\":1,\"name\":\"Home\",\"item\":\"https:\\\/\\\/italiadivina.it\\\/fr\\\/\"},{\"@type\":\"ListItem\",\"position\":2,\"name\":\"O\u00da NOUS SOMMES\"}]},{\"@type\":\"WebSite\",\"@id\":\"https:\\\/\\\/italiadivina.it\\\/de\\\/#website\",\"url\":\"https:\\\/\\\/italiadivina.it\\\/de\\\/\",\"name\":\"Italia Divina\",\"description\":\"wedding & event planner\",\"potentialAction\":[{\"@type\":\"SearchAction\",\"target\":{\"@type\":\"EntryPoint\",\"urlTemplate\":\"https:\\\/\\\/italiadivina.it\\\/de\\\/?s={search_term_string}\"},\"query-input\":{\"@type\":\"PropertyValueSpecification\",\"valueRequired\":true,\"valueName\":\"search_term_string\"}}],\"inLanguage\":\"fr-FR\"}]}<\/script>\n<!-- \/ Yoast SEO plugin. -->","yoast_head_json":{"title":"O\u00da NOUS SOMMES - Italia Divina","robots":{"index":"index","follow":"follow","max-snippet":"max-snippet:-1","max-image-preview":"max-image-preview:large","max-video-preview":"max-video-preview:-1"},"canonical":"https:\/\/italiadivina.it\/fr\/ou-nous-sommes\/","og_locale":"fr_FR","og_type":"article","og_title":"O\u00da NOUS SOMMES - Italia Divina","og_description":"Notre emplacement privil\u00e9gi\u00e9 se trouve dans des destinations embl\u00e9matiques pour des mariages de r\u00eave, entour\u00e9es de paysages uniques et romantiques. De la magie de Sanremo et G\u00eanes aux magnifiques Cinque Terre et \u00e0 l'\u00e9l\u00e9gante Versilia, en passant par le charme artistique de Florence, Sienne et Bologne. Le romantisme \u00e9ternel de V\u00e9rone et Venise, l'\u00e9l\u00e9gance cosmopolite [&hellip;]","og_url":"https:\/\/italiadivina.it\/fr\/ou-nous-sommes\/","og_site_name":"Italia Divina","article_modified_time":"2025-02-27T09:32:22+00:00","twitter_misc":{"Dur\u00e9e de lecture estim\u00e9e":"1 minute"},"schema":{"@context":"https:\/\/schema.org","@graph":[{"@type":"WebPage","@id":"https:\/\/italiadivina.it\/fr\/ou-nous-sommes\/","url":"https:\/\/italiadivina.it\/fr\/ou-nous-sommes\/","name":"O\u00da NOUS SOMMES - Italia Divina","isPartOf":{"@id":"https:\/\/italiadivina.it\/de\/#website"},"datePublished":"2025-02-27T08:50:10+00:00","dateModified":"2025-02-27T09:32:22+00:00","breadcrumb":{"@id":"https:\/\/italiadivina.it\/fr\/ou-nous-sommes\/#breadcrumb"},"inLanguage":"fr-FR","potentialAction":[{"@type":"ReadAction","target":["https:\/\/italiadivina.it\/fr\/ou-nous-sommes\/"]}]},{"@type":"BreadcrumbList","@id":"https:\/\/italiadivina.it\/fr\/ou-nous-sommes\/#breadcrumb","itemListElement":[{"@type":"ListItem","position":1,"name":"Home","item":"https:\/\/italiadivina.it\/fr\/"},{"@type":"ListItem","position":2,"name":"O\u00da NOUS SOMMES"}]},{"@type":"WebSite","@id":"https:\/\/italiadivina.it\/de\/#website","url":"https:\/\/italiadivina.it\/de\/","name":"Italia Divina","description":"wedding & event planner","potentialAction":[{"@type":"SearchAction","target":{"@type":"EntryPoint","urlTemplate":"https:\/\/italiadivina.it\/de\/?s={search_term_string}"},"query-input":{"@type":"PropertyValueSpecification","valueRequired":true,"valueName":"search_term_string"}}],"inLanguage":"fr-FR"}]}},"_links":{"self":[{"href":"https:\/\/italiadivina.it\/fr\/wp-json\/wp\/v2\/pages\/17593","targetHints":{"allow":["GET"]}}],"collection":[{"href":"https:\/\/italiadivina.it\/fr\/wp-json\/wp\/v2\/pages"}],"about":[{"href":"https:\/\/italiadivina.it\/fr\/wp-json\/wp\/v2\/types\/page"}],"author":[{"embeddable":true,"href":"https:\/\/italiadivina.it\/fr\/wp-json\/wp\/v2\/users\/29"}],"replies":[{"embeddable":true,"href":"https:\/\/italiadivina.it\/fr\/wp-json\/wp\/v2\/comments?post=17593"}],"version-history":[{"count":4,"href":"https:\/\/italiadivina.it\/fr\/wp-json\/wp\/v2\/pages\/17593\/revisions"}],"predecessor-version":[{"id":17627,"href":"https:\/\/italiadivina.it\/fr\/wp-json\/wp\/v2\/pages\/17593\/revisions\/17627"}],"wp:attachment":[{"href":"https:\/\/italiadivina.it\/fr\/wp-json\/wp\/v2\/media?parent=17593"}],"curies":[{"name":"wp","href":"https:\/\/api.w.org\/{rel}","templated":true}]}}