{"id":504,"date":"2013-01-01T03:50:18","date_gmt":"2013-01-01T03:50:18","guid":{"rendered":"https:\/\/italiadivina.it\/wordpress_1\/?page_id=504"},"modified":"2020-08-26T13:44:53","modified_gmt":"2020-08-26T13:44:53","slug":"organisez-vostre-mariage-en-ligurie-sur-la-riviera-italienne","status":"publish","type":"page","link":"https:\/\/italiadivina.it\/fr\/organisez-vostre-mariage-en-ligurie-sur-la-riviera-italienne\/","title":{"rendered":"Organisez votre mariage en Ligurie sur la Riviera Italienne"},"content":{"rendered":"<p>[et_pb_section fb_built=\u00a0\u00bb1&Prime; _builder_version=\u00a0\u00bb3.22&Prime;][et_pb_row _builder_version=\u00a0\u00bb3.25&Prime; background_size=\u00a0\u00bbinitial\u00a0\u00bb background_position=\u00a0\u00bbtop_left\u00a0\u00bb background_repeat=\u00a0\u00bbrepeat\u00a0\u00bb][et_pb_column type=\u00a0\u00bb4_4&Prime; _builder_version=\u00a0\u00bb3.25&Prime; custom_padding=\u00a0\u00bb|||\u00a0\u00bb custom_padding__hover=\u00a0\u00bb|||\u00a0\u00bb][et_pb_text _builder_version=\u00a0\u00bb3.27.4&Prime; background_size=\u00a0\u00bbinitial\u00a0\u00bb background_position=\u00a0\u00bbtop_left\u00a0\u00bb background_repeat=\u00a0\u00bbrepeat\u00a0\u00bb]<\/p>\n<h4>Mariez-vous sur la Riviera des Fleurs &#8211; organisez votre mariage en Ligurie sur la Riviera italienne, avec l&rsquo;aide de Riviera Divina Wedding Planners.<\/h4>\nngg_shortcode_0_placeholder\n<p>Riviera Divina wedding planners est un projet fond\u00e9 dans le but de vous aider \u00e0 organiser votre mariage en Ligurie, sur la Riviera italienne, par le biais d&rsquo;une formule innovante pouvant accro\u00eetre la valeur des cadres extraordinaires disponibles si vous souhaitez vous marier sur la Riviera des Fleurs.<\/p>\n<p>Notre agence se compose d&rsquo;une \u00e9quipe d&rsquo;experts qui feront tout leur possible pour rendre tr\u00e8s sp\u00e9cial le plus beau jour de votre vie. Avec nos partenaires professionnels hautement qualifi\u00e9s, nous pouvons garantir les meilleurs r\u00e9sultats possibles pour votre mariage en Ligurie, sur la Riviera des Fleurs.<br \/>\n[\/et_pb_text][\/et_pb_column][\/et_pb_row][\/et_pb_section]<\/p>\n","protected":false},"excerpt":{"rendered":"<p>Mariez-vous sur la Riviera des Fleurs &#8211; organisez votre mariage en Ligurie sur la Riviera italienne, avec l&rsquo;aide de Riviera Divina Wedding Planners. \n<div class=\"ngg-galleryoverview ngg-slideshow\"\n\tid=\"ngg-slideshow-b06686c62314af849edfa79be997b4d2-1360969130\"\n\tdata-gallery-id=\"b06686c62314af849edfa79be997b4d2\"\n\tstyle=\"max-width: 600px;\n\t\t\tmax-height: 400px;\n\t\t\tdisplay: none;\">\n\n\t\n\t\t<a href=\"https:\/\/italiadivina.it\/wp-content\/gallery\/matrimoni-in-liguria-in-residenze-depoca\/matrimoni-liguria.jpg\"\n\t\t\ttitle=\"\"\n\t\t\tdata-src=\"https:\/\/italiadivina.it\/wp-content\/gallery\/matrimoni-in-liguria-in-residenze-depoca\/matrimoni-liguria.jpg\"\n\t\t\tdata-thumbnail=\"https:\/\/italiadivina.it\/wp-content\/gallery\/matrimoni-in-liguria-in-residenze-depoca\/thumbs\/thumbs_matrimoni-liguria.jpg\"\n\t\t\tdata-image-id=\"142\"\n\t\t\tdata-title=\"matrimoni-liguria\"\n\t\t\tdata-description=\"\"\n\t\t\t\t\t\t\t\t\t\t\t\t\t\t\tclass=\"shutterset_b06686c62314af849edfa79be997b4d2\">\n\t\t\t\n\t\t\t<img data-image-id='142'\n\t\t\t\ttitle=\"\"\n\t\t\t\talt=\"matrimoni-liguria\"\n\t\t\t\tsrc=\"https:\/\/italiadivina.it\/wp-content\/gallery\/matrimoni-in-liguria-in-residenze-depoca\/matrimoni-liguria.jpg\"\n\t\t\t\tstyle=\"max-height: 380px;\"\/>\n\t\t<\/a>\n\n\t\t<\/div>\n\n\t\t<!-- Thumbnails Link -->\n\t<div class=\"slideshowlink\" style=\"max-width: 600px;\">\n\t\t<a href='https:\/\/italiadivina.it\/fr\/organisez-vostre-mariage-en-ligurie-sur-la-riviera-italienne\/nggallery\/thumbnails'>[Show picture list]<\/a>\n\t<\/div>\n\n Riviera Divina wedding planners est un projet fond\u00e9 dans le but de vous aider \u00e0 organiser votre mariage en Ligurie, sur la Riviera italienne, par le biais [&hellip;]<\/p>\n","protected":false},"author":1,"featured_media":0,"parent":0,"menu_order":0,"comment_status":"closed","ping_status":"closed","template":"","meta":{"_acf_changed":false,"_et_pb_use_builder":"on","_et_pb_old_content":"<h4>Mariez-vous sur la Riviera des Fleurs - organisez votre mariage en Ligurie sur la Riviera italienne, avec l'aide de Riviera Divina Wedding Planners.<\/h4><p>[slideshow nggallery id=22 w=600 h=400]<\/p><p>Riviera Divina wedding planners est un projet fond\u00e9 dans le but de vous aider \u00e0 organiser votre mariage en Ligurie, sur la Riviera italienne, par le biais d'une formule innovante pouvant accro\u00eetre la valeur des cadres extraordinaires disponibles si vous souhaitez vous marier sur la Riviera des Fleurs.<\/p><p>Notre agence se compose d'une \u00e9quipe d'experts qui feront tout leur possible pour rendre tr\u00e8s sp\u00e9cial le plus beau jour de votre vie. Avec nos partenaires professionnels hautement qualifi\u00e9s, nous pouvons garantir les meilleurs r\u00e9sultats possibles pour votre mariage en Ligurie, sur la Riviera des Fleurs.<\/p>","_et_gb_content_width":"","ngg_post_thumbnail":0,"footnotes":""},"class_list":["post-504","page","type-page","status-publish","hentry"],"acf":[],"yoast_head":"<!-- This site is optimized with the Yoast SEO plugin v27.4 - https:\/\/yoast.com\/product\/yoast-seo-wordpress\/ -->\n<title>Organisez votre mariage en Ligurie sur la Riviera italienne | Riviera Divina Wedding Planners<\/title>\n<meta name=\"description\" content=\"Organisez votre mariage en Ligurie sur la Riviera italienne : mariez-vous en Ligurie sur la Riviera des Fleurs avec l&#039;aide de Riviera Divina Wedding Planners\" \/>\n<meta name=\"robots\" content=\"index, follow, max-snippet:-1, max-image-preview:large, max-video-preview:-1\" \/>\n<link rel=\"canonical\" href=\"https:\/\/italiadivina.it\/fr\/organisez-vostre-mariage-en-ligurie-sur-la-riviera-italienne\/\" \/>\n<meta property=\"og:locale\" content=\"fr_FR\" \/>\n<meta property=\"og:type\" content=\"article\" \/>\n<meta property=\"og:title\" content=\"Organisez votre mariage en Ligurie sur la Riviera italienne | Riviera Divina Wedding Planners\" \/>\n<meta property=\"og:description\" content=\"Organisez votre mariage en Ligurie sur la Riviera italienne : mariez-vous en Ligurie sur la Riviera des Fleurs avec l&#039;aide de Riviera Divina Wedding Planners\" \/>\n<meta property=\"og:url\" content=\"https:\/\/italiadivina.it\/fr\/organisez-vostre-mariage-en-ligurie-sur-la-riviera-italienne\/\" \/>\n<meta property=\"og:site_name\" content=\"Italia Divina\" \/>\n<meta property=\"article:modified_time\" content=\"2020-08-26T13:44:53+00:00\" \/>\n<meta name=\"twitter:label1\" content=\"Dur\u00e9e de lecture estim\u00e9e\" \/>\n\t<meta name=\"twitter:data1\" content=\"1 minute\" \/>\n<script type=\"application\/ld+json\" class=\"yoast-schema-graph\">{\"@context\":\"https:\\\/\\\/schema.org\",\"@graph\":[{\"@type\":\"WebPage\",\"@id\":\"https:\\\/\\\/italiadivina.it\\\/fr\\\/organisez-vostre-mariage-en-ligurie-sur-la-riviera-italienne\\\/\",\"url\":\"https:\\\/\\\/italiadivina.it\\\/fr\\\/organisez-vostre-mariage-en-ligurie-sur-la-riviera-italienne\\\/\",\"name\":\"Organisez votre mariage en Ligurie sur la Riviera italienne | Riviera Divina Wedding Planners\",\"isPartOf\":{\"@id\":\"https:\\\/\\\/italiadivina.it\\\/de\\\/#website\"},\"datePublished\":\"2013-01-01T03:50:18+00:00\",\"dateModified\":\"2020-08-26T13:44:53+00:00\",\"description\":\"Organisez votre mariage en Ligurie sur la Riviera italienne : mariez-vous en Ligurie sur la Riviera des Fleurs avec l'aide de Riviera Divina Wedding Planners\",\"breadcrumb\":{\"@id\":\"https:\\\/\\\/italiadivina.it\\\/fr\\\/organisez-vostre-mariage-en-ligurie-sur-la-riviera-italienne\\\/#breadcrumb\"},\"inLanguage\":\"fr-FR\",\"potentialAction\":[{\"@type\":\"ReadAction\",\"target\":[\"https:\\\/\\\/italiadivina.it\\\/fr\\\/organisez-vostre-mariage-en-ligurie-sur-la-riviera-italienne\\\/\"]}]},{\"@type\":\"BreadcrumbList\",\"@id\":\"https:\\\/\\\/italiadivina.it\\\/fr\\\/organisez-vostre-mariage-en-ligurie-sur-la-riviera-italienne\\\/#breadcrumb\",\"itemListElement\":[{\"@type\":\"ListItem\",\"position\":1,\"name\":\"Home\",\"item\":\"https:\\\/\\\/italiadivina.it\\\/fr\\\/\"},{\"@type\":\"ListItem\",\"position\":2,\"name\":\"Organisez votre mariage en Ligurie sur la Riviera Italienne\"}]},{\"@type\":\"WebSite\",\"@id\":\"https:\\\/\\\/italiadivina.it\\\/de\\\/#website\",\"url\":\"https:\\\/\\\/italiadivina.it\\\/de\\\/\",\"name\":\"Italia Divina\",\"description\":\"wedding & event planner\",\"potentialAction\":[{\"@type\":\"SearchAction\",\"target\":{\"@type\":\"EntryPoint\",\"urlTemplate\":\"https:\\\/\\\/italiadivina.it\\\/de\\\/?s={search_term_string}\"},\"query-input\":{\"@type\":\"PropertyValueSpecification\",\"valueRequired\":true,\"valueName\":\"search_term_string\"}}],\"inLanguage\":\"fr-FR\"}]}<\/script>\n<!-- \/ Yoast SEO plugin. -->","yoast_head_json":{"title":"Organisez votre mariage en Ligurie sur la Riviera italienne | Riviera Divina Wedding Planners","description":"Organisez votre mariage en Ligurie sur la Riviera italienne : mariez-vous en Ligurie sur la Riviera des Fleurs avec l'aide de Riviera Divina Wedding Planners","robots":{"index":"index","follow":"follow","max-snippet":"max-snippet:-1","max-image-preview":"max-image-preview:large","max-video-preview":"max-video-preview:-1"},"canonical":"https:\/\/italiadivina.it\/fr\/organisez-vostre-mariage-en-ligurie-sur-la-riviera-italienne\/","og_locale":"fr_FR","og_type":"article","og_title":"Organisez votre mariage en Ligurie sur la Riviera italienne | Riviera Divina Wedding Planners","og_description":"Organisez votre mariage en Ligurie sur la Riviera italienne : mariez-vous en Ligurie sur la Riviera des Fleurs avec l'aide de Riviera Divina Wedding Planners","og_url":"https:\/\/italiadivina.it\/fr\/organisez-vostre-mariage-en-ligurie-sur-la-riviera-italienne\/","og_site_name":"Italia Divina","article_modified_time":"2020-08-26T13:44:53+00:00","twitter_misc":{"Dur\u00e9e de lecture estim\u00e9e":"1 minute"},"schema":{"@context":"https:\/\/schema.org","@graph":[{"@type":"WebPage","@id":"https:\/\/italiadivina.it\/fr\/organisez-vostre-mariage-en-ligurie-sur-la-riviera-italienne\/","url":"https:\/\/italiadivina.it\/fr\/organisez-vostre-mariage-en-ligurie-sur-la-riviera-italienne\/","name":"Organisez votre mariage en Ligurie sur la Riviera italienne | Riviera Divina Wedding Planners","isPartOf":{"@id":"https:\/\/italiadivina.it\/de\/#website"},"datePublished":"2013-01-01T03:50:18+00:00","dateModified":"2020-08-26T13:44:53+00:00","description":"Organisez votre mariage en Ligurie sur la Riviera italienne : mariez-vous en Ligurie sur la Riviera des Fleurs avec l'aide de Riviera Divina Wedding Planners","breadcrumb":{"@id":"https:\/\/italiadivina.it\/fr\/organisez-vostre-mariage-en-ligurie-sur-la-riviera-italienne\/#breadcrumb"},"inLanguage":"fr-FR","potentialAction":[{"@type":"ReadAction","target":["https:\/\/italiadivina.it\/fr\/organisez-vostre-mariage-en-ligurie-sur-la-riviera-italienne\/"]}]},{"@type":"BreadcrumbList","@id":"https:\/\/italiadivina.it\/fr\/organisez-vostre-mariage-en-ligurie-sur-la-riviera-italienne\/#breadcrumb","itemListElement":[{"@type":"ListItem","position":1,"name":"Home","item":"https:\/\/italiadivina.it\/fr\/"},{"@type":"ListItem","position":2,"name":"Organisez votre mariage en Ligurie sur la Riviera Italienne"}]},{"@type":"WebSite","@id":"https:\/\/italiadivina.it\/de\/#website","url":"https:\/\/italiadivina.it\/de\/","name":"Italia Divina","description":"wedding & event planner","potentialAction":[{"@type":"SearchAction","target":{"@type":"EntryPoint","urlTemplate":"https:\/\/italiadivina.it\/de\/?s={search_term_string}"},"query-input":{"@type":"PropertyValueSpecification","valueRequired":true,"valueName":"search_term_string"}}],"inLanguage":"fr-FR"}]}},"_links":{"self":[{"href":"https:\/\/italiadivina.it\/fr\/wp-json\/wp\/v2\/pages\/504","targetHints":{"allow":["GET"]}}],"collection":[{"href":"https:\/\/italiadivina.it\/fr\/wp-json\/wp\/v2\/pages"}],"about":[{"href":"https:\/\/italiadivina.it\/fr\/wp-json\/wp\/v2\/types\/page"}],"author":[{"embeddable":true,"href":"https:\/\/italiadivina.it\/fr\/wp-json\/wp\/v2\/users\/1"}],"replies":[{"embeddable":true,"href":"https:\/\/italiadivina.it\/fr\/wp-json\/wp\/v2\/comments?post=504"}],"version-history":[{"count":14,"href":"https:\/\/italiadivina.it\/fr\/wp-json\/wp\/v2\/pages\/504\/revisions"}],"predecessor-version":[{"id":11337,"href":"https:\/\/italiadivina.it\/fr\/wp-json\/wp\/v2\/pages\/504\/revisions\/11337"}],"wp:attachment":[{"href":"https:\/\/italiadivina.it\/fr\/wp-json\/wp\/v2\/media?parent=504"}],"curies":[{"name":"wp","href":"https:\/\/api.w.org\/{rel}","templated":true}]}}