{"id":506,"date":"2013-01-01T03:53:15","date_gmt":"2013-01-01T03:53:15","guid":{"rendered":"https:\/\/italiadivina.it\/wordpress_1\/?page_id=506"},"modified":"2020-08-31T06:15:57","modified_gmt":"2020-08-31T06:15:57","slug":"les-services-de-riviera-divina-wedding-planners","status":"publish","type":"page","link":"https:\/\/italiadivina.it\/fr\/les-services-de-riviera-divina-wedding-planners\/","title":{"rendered":"Les services de Riviera Divina Wedding Planners"},"content":{"rendered":"<p>[et_pb_section fb_built=\u00a0\u00bb1&Prime; _builder_version=\u00a0\u00bb3.22&Prime;][et_pb_row _builder_version=\u00a0\u00bb3.25&Prime; background_size=\u00a0\u00bbinitial\u00a0\u00bb background_position=\u00a0\u00bbtop_left\u00a0\u00bb background_repeat=\u00a0\u00bbrepeat\u00a0\u00bb][et_pb_column type=\u00a0\u00bb4_4&Prime; _builder_version=\u00a0\u00bb3.25&Prime; custom_padding=\u00a0\u00bb|||\u00a0\u00bb custom_padding__hover=\u00a0\u00bb|||\u00a0\u00bb][et_pb_text _builder_version=\u00a0\u00bb4.5.1&Prime; background_size=\u00a0\u00bbinitial\u00a0\u00bb background_position=\u00a0\u00bbtop_left\u00a0\u00bb background_repeat=\u00a0\u00bbrepeat\u00a0\u00bb hover_enabled=\u00a0\u00bb0&Prime;]<\/p>\n<h4><strong>Ayez recours aux services de Riviera Divina Wedding Planners pour organiser votre mariage en Ligurie, sur la Riviera italienne, de la meilleure mani\u00e8re possible :<\/strong><\/h4>\n<ul>\n<li>Gestion des documents et formalit\u00e9s administratives<\/li>\n<li>Recherche du lieu souhait\u00e9<\/li>\n<li style=\"display: inline !important;\">\u00a0<\/li>\n<li>H\u00f4tels<\/li>\n<li>Restaurants et traiteur<\/li>\n<li style=\"display: inline !important;\">\u00a0<\/li>\n<li>Arrangements floraux<\/li>\n<li>Param\u00e8tres personnalis\u00e9s<\/li>\n<li style=\"display: inline !important;\">\u00a0<\/li>\n<li>Location de voiture<\/li>\n<li>Maquillage et coiffure<\/li>\n<li>Bonbonni\u00e8res<\/li>\n<li>Photos, vid\u00e9os, musique<\/li>\n<li>Musique et divertissement<\/li>\n<li>Tenue de c\u00e9r\u00e9monie ; robes de mari\u00e9e<\/li>\n<li>Lune de miel et voyages de noces<\/li>\n<\/ul>\n<p>[\/et_pb_text][\/et_pb_column][\/et_pb_row][\/et_pb_section]<\/p>\n","protected":false},"excerpt":{"rendered":"<p>Ayez recours aux services de Riviera Divina Wedding Planners pour organiser votre mariage en Ligurie, sur la Riviera italienne, de la meilleure mani\u00e8re possible : Gestion des documents et formalit\u00e9s administratives Recherche du lieu souhait\u00e9 \u00a0 H\u00f4tels Restaurants et traiteur \u00a0 Arrangements floraux Param\u00e8tres personnalis\u00e9s \u00a0 Location de voiture Maquillage et coiffure Bonbonni\u00e8res Photos, vid\u00e9os, [&hellip;]<\/p>\n","protected":false},"author":1,"featured_media":0,"parent":0,"menu_order":0,"comment_status":"closed","ping_status":"closed","template":"","meta":{"_acf_changed":false,"_et_pb_use_builder":"on","_et_pb_old_content":"<h4>Ayez recours aux services de Riviera Divina Wedding Planners pour organiser votre mariage en Ligurie, sur la Riviera italienne, de la meilleure mani\u00e8re possible :<\/h4><ul><li>Gestion des documents et formalit\u00e9s administratives<\/li><li>Recherche du lieu souhait\u00e9<\/li><li style=\"display: inline !important;\">\u00a0<\/li><li>H\u00f4tels<\/li><li>Restaurants et traiteur<\/li><li style=\"display: inline !important;\">\u00a0<\/li><li>Arrangements floraux<\/li><li>Param\u00e8tres personnalis\u00e9s<\/li><li style=\"display: inline !important;\">\u00a0<\/li><li>Location de voiture<\/li><li>Maquillage et coiffure<\/li><li>Bonbonni\u00e8res<\/li><li>Photos, vid\u00e9os, musique<\/li><li>Musique et divertissement<\/li><li>Tenue de c\u00e9r\u00e9monie ; robes de mari\u00e9e<\/li><li>Lune de miel et voyages de noces<\/li><\/ul>","_et_gb_content_width":"","ngg_post_thumbnail":0,"footnotes":""},"class_list":["post-506","page","type-page","status-publish","hentry"],"acf":[],"yoast_head":"<!-- This site is optimized with the Yoast SEO plugin v27.4 - https:\/\/yoast.com\/product\/yoast-seo-wordpress\/ -->\n<title>ORGANISATEUR DE MARIAGES LIGURIE RIVIERA ITALIENNE | Riviera Divina Wedding Planners<\/title>\n<meta name=\"description\" content=\"Les services de Riviera Divina Wedding Planners : organiser votre mariage en Ligurie, sur la Riviera italienne, de la meilleure mani\u00e8re possible.\" \/>\n<meta name=\"robots\" content=\"index, follow, max-snippet:-1, max-image-preview:large, max-video-preview:-1\" \/>\n<link rel=\"canonical\" href=\"https:\/\/italiadivina.it\/fr\/les-services-de-riviera-divina-wedding-planners\/\" \/>\n<meta property=\"og:locale\" content=\"fr_FR\" \/>\n<meta property=\"og:type\" content=\"article\" \/>\n<meta property=\"og:title\" content=\"ORGANISATEUR DE MARIAGES LIGURIE RIVIERA ITALIENNE | Riviera Divina Wedding Planners\" \/>\n<meta property=\"og:description\" content=\"Les services de Riviera Divina Wedding Planners : organiser votre mariage en Ligurie, sur la Riviera italienne, de la meilleure mani\u00e8re possible.\" \/>\n<meta property=\"og:url\" content=\"https:\/\/italiadivina.it\/fr\/les-services-de-riviera-divina-wedding-planners\/\" \/>\n<meta property=\"og:site_name\" content=\"Italia Divina\" \/>\n<meta property=\"article:modified_time\" content=\"2020-08-31T06:15:57+00:00\" \/>\n<meta name=\"twitter:label1\" content=\"Dur\u00e9e de lecture estim\u00e9e\" \/>\n\t<meta name=\"twitter:data1\" content=\"1 minute\" \/>\n<script type=\"application\/ld+json\" class=\"yoast-schema-graph\">{\"@context\":\"https:\\\/\\\/schema.org\",\"@graph\":[{\"@type\":\"WebPage\",\"@id\":\"https:\\\/\\\/italiadivina.it\\\/fr\\\/les-services-de-riviera-divina-wedding-planners\\\/\",\"url\":\"https:\\\/\\\/italiadivina.it\\\/fr\\\/les-services-de-riviera-divina-wedding-planners\\\/\",\"name\":\"ORGANISATEUR DE MARIAGES LIGURIE RIVIERA ITALIENNE | Riviera Divina Wedding Planners\",\"isPartOf\":{\"@id\":\"https:\\\/\\\/italiadivina.it\\\/de\\\/#website\"},\"datePublished\":\"2013-01-01T03:53:15+00:00\",\"dateModified\":\"2020-08-31T06:15:57+00:00\",\"description\":\"Les services de Riviera Divina Wedding Planners : organiser votre mariage en Ligurie, sur la Riviera italienne, de la meilleure mani\u00e8re possible.\",\"breadcrumb\":{\"@id\":\"https:\\\/\\\/italiadivina.it\\\/fr\\\/les-services-de-riviera-divina-wedding-planners\\\/#breadcrumb\"},\"inLanguage\":\"fr-FR\",\"potentialAction\":[{\"@type\":\"ReadAction\",\"target\":[\"https:\\\/\\\/italiadivina.it\\\/fr\\\/les-services-de-riviera-divina-wedding-planners\\\/\"]}]},{\"@type\":\"BreadcrumbList\",\"@id\":\"https:\\\/\\\/italiadivina.it\\\/fr\\\/les-services-de-riviera-divina-wedding-planners\\\/#breadcrumb\",\"itemListElement\":[{\"@type\":\"ListItem\",\"position\":1,\"name\":\"Home\",\"item\":\"https:\\\/\\\/italiadivina.it\\\/fr\\\/\"},{\"@type\":\"ListItem\",\"position\":2,\"name\":\"Les services de Riviera Divina Wedding Planners\"}]},{\"@type\":\"WebSite\",\"@id\":\"https:\\\/\\\/italiadivina.it\\\/de\\\/#website\",\"url\":\"https:\\\/\\\/italiadivina.it\\\/de\\\/\",\"name\":\"Italia Divina\",\"description\":\"wedding & event planner\",\"potentialAction\":[{\"@type\":\"SearchAction\",\"target\":{\"@type\":\"EntryPoint\",\"urlTemplate\":\"https:\\\/\\\/italiadivina.it\\\/de\\\/?s={search_term_string}\"},\"query-input\":{\"@type\":\"PropertyValueSpecification\",\"valueRequired\":true,\"valueName\":\"search_term_string\"}}],\"inLanguage\":\"fr-FR\"}]}<\/script>\n<!-- \/ Yoast SEO plugin. -->","yoast_head_json":{"title":"ORGANISATEUR DE MARIAGES LIGURIE RIVIERA ITALIENNE | Riviera Divina Wedding Planners","description":"Les services de Riviera Divina Wedding Planners : organiser votre mariage en Ligurie, sur la Riviera italienne, de la meilleure mani\u00e8re possible.","robots":{"index":"index","follow":"follow","max-snippet":"max-snippet:-1","max-image-preview":"max-image-preview:large","max-video-preview":"max-video-preview:-1"},"canonical":"https:\/\/italiadivina.it\/fr\/les-services-de-riviera-divina-wedding-planners\/","og_locale":"fr_FR","og_type":"article","og_title":"ORGANISATEUR DE MARIAGES LIGURIE RIVIERA ITALIENNE | Riviera Divina Wedding Planners","og_description":"Les services de Riviera Divina Wedding Planners : organiser votre mariage en Ligurie, sur la Riviera italienne, de la meilleure mani\u00e8re possible.","og_url":"https:\/\/italiadivina.it\/fr\/les-services-de-riviera-divina-wedding-planners\/","og_site_name":"Italia Divina","article_modified_time":"2020-08-31T06:15:57+00:00","twitter_misc":{"Dur\u00e9e de lecture estim\u00e9e":"1 minute"},"schema":{"@context":"https:\/\/schema.org","@graph":[{"@type":"WebPage","@id":"https:\/\/italiadivina.it\/fr\/les-services-de-riviera-divina-wedding-planners\/","url":"https:\/\/italiadivina.it\/fr\/les-services-de-riviera-divina-wedding-planners\/","name":"ORGANISATEUR DE MARIAGES LIGURIE RIVIERA ITALIENNE | Riviera Divina Wedding Planners","isPartOf":{"@id":"https:\/\/italiadivina.it\/de\/#website"},"datePublished":"2013-01-01T03:53:15+00:00","dateModified":"2020-08-31T06:15:57+00:00","description":"Les services de Riviera Divina Wedding Planners : organiser votre mariage en Ligurie, sur la Riviera italienne, de la meilleure mani\u00e8re possible.","breadcrumb":{"@id":"https:\/\/italiadivina.it\/fr\/les-services-de-riviera-divina-wedding-planners\/#breadcrumb"},"inLanguage":"fr-FR","potentialAction":[{"@type":"ReadAction","target":["https:\/\/italiadivina.it\/fr\/les-services-de-riviera-divina-wedding-planners\/"]}]},{"@type":"BreadcrumbList","@id":"https:\/\/italiadivina.it\/fr\/les-services-de-riviera-divina-wedding-planners\/#breadcrumb","itemListElement":[{"@type":"ListItem","position":1,"name":"Home","item":"https:\/\/italiadivina.it\/fr\/"},{"@type":"ListItem","position":2,"name":"Les services de Riviera Divina Wedding Planners"}]},{"@type":"WebSite","@id":"https:\/\/italiadivina.it\/de\/#website","url":"https:\/\/italiadivina.it\/de\/","name":"Italia Divina","description":"wedding & event planner","potentialAction":[{"@type":"SearchAction","target":{"@type":"EntryPoint","urlTemplate":"https:\/\/italiadivina.it\/de\/?s={search_term_string}"},"query-input":{"@type":"PropertyValueSpecification","valueRequired":true,"valueName":"search_term_string"}}],"inLanguage":"fr-FR"}]}},"_links":{"self":[{"href":"https:\/\/italiadivina.it\/fr\/wp-json\/wp\/v2\/pages\/506","targetHints":{"allow":["GET"]}}],"collection":[{"href":"https:\/\/italiadivina.it\/fr\/wp-json\/wp\/v2\/pages"}],"about":[{"href":"https:\/\/italiadivina.it\/fr\/wp-json\/wp\/v2\/types\/page"}],"author":[{"embeddable":true,"href":"https:\/\/italiadivina.it\/fr\/wp-json\/wp\/v2\/users\/1"}],"replies":[{"embeddable":true,"href":"https:\/\/italiadivina.it\/fr\/wp-json\/wp\/v2\/comments?post=506"}],"version-history":[{"count":10,"href":"https:\/\/italiadivina.it\/fr\/wp-json\/wp\/v2\/pages\/506\/revisions"}],"predecessor-version":[{"id":11688,"href":"https:\/\/italiadivina.it\/fr\/wp-json\/wp\/v2\/pages\/506\/revisions\/11688"}],"wp:attachment":[{"href":"https:\/\/italiadivina.it\/fr\/wp-json\/wp\/v2\/media?parent=506"}],"curies":[{"name":"wp","href":"https:\/\/api.w.org\/{rel}","templated":true}]}}