{"id":870,"date":"2012-12-03T08:58:29","date_gmt":"2012-12-03T08:58:29","guid":{"rendered":"https:\/\/italiadivina.it\/?page_id=870"},"modified":"2020-08-26T13:44:52","modified_gmt":"2020-08-26T13:44:52","slug":"ou-sommes-nous","status":"publish","type":"page","link":"https:\/\/italiadivina.it\/fr\/ou-sommes-nous\/","title":{"rendered":"O\u00f9 sommes-nous ?"},"content":{"rendered":"<p>[et_pb_section fb_built=\u00a0\u00bb1&Prime; _builder_version=\u00a0\u00bb3.22&Prime;][et_pb_row _builder_version=\u00a0\u00bb3.25&Prime; background_size=\u00a0\u00bbinitial\u00a0\u00bb background_position=\u00a0\u00bbtop_left\u00a0\u00bb background_repeat=\u00a0\u00bbrepeat\u00a0\u00bb][et_pb_column type=\u00a0\u00bb4_4&Prime; _builder_version=\u00a0\u00bb3.25&Prime; custom_padding=\u00a0\u00bb|||\u00a0\u00bb custom_padding__hover=\u00a0\u00bb|||\u00a0\u00bb][et_pb_text _builder_version=\u00a0\u00bb3.27.4&Prime; background_size=\u00a0\u00bbinitial\u00a0\u00bb background_position=\u00a0\u00bbtop_left\u00a0\u00bb background_repeat=\u00a0\u00bbrepeat\u00a0\u00bb]<\/p>\n<h2><\/h2>\n<h2>O\u00f9 sommes-nous ?<\/h2>\n<h2>ITALIA DIVINA wedding planner<\/h2>\n<p>est une division de<\/p>\n<p><strong><a href=\"http:\/\/wonder.travel\/wordpress_1\/wp-content\/uploads\/2012\/11\/mail-e-telefono-300x300.jpg\"><img loading=\"lazy\" decoding=\"async\" class=\"alignleft\" title=\"mail-e-telefono-300x300\" src=\"http:\/\/wonder.travel\/wordpress_1\/wp-content\/uploads\/2012\/11\/mail-e-telefono-300x300.jpg\" alt=\"\" width=\"150\" height=\"150\" \/><\/a>NYALA WONDER TRAVEL<br \/>\n<\/strong>tour op\u00e9rateur &amp; dmc<\/p>\n<p>Via Solaro 134<br \/>\n18038 San Remo \u00b7 Italie<\/p>\n<p>T : 0184 666 986<br \/>\nF : 0184 696 672<br \/>\nE : weddingsATrivieradivina.it<\/p>\n<p>Horaires d&rsquo;ouverture :<br \/>\ndu lundi au vendredi : 9h30 &#8211; 18h<br \/>\nsamedi : 9h30 &#8211; 13h<\/p>\n<p>&nbsp;<\/p>\n<p><iframe loading=\"lazy\" style=\"border: 0;\" src=\"https:\/\/www.google.com\/maps\/embed?pb=!1m18!1m12!1m3!1d2879.02118965024!2d7.753506515569902!3d43.813919879116014!2m3!1f0!2f0!3f0!3m2!1i1024!2i768!4f13.1!3m3!1m2!1s0x12cdf51629ded70f%3A0xe861038391c95e2c!2sStr.+Solaro%2C+134%2C+18038+Sanremo+IM%2C+Italy!5e0!3m2!1sen!2s!4v1494596246453\" width=\"600\" height=\"450\" frameborder=\"0\" allowfullscreen=\"allowfullscreen\"><\/iframe><br \/>\n[\/et_pb_text][\/et_pb_column][\/et_pb_row][\/et_pb_section]<\/p>\n","protected":false},"excerpt":{"rendered":"<p>O\u00f9 sommes-nous ? ITALIA DIVINA wedding planner est une division de NYALA WONDER TRAVEL tour op\u00e9rateur &amp; dmc Via Solaro 134 18038 San Remo \u00b7 Italie T : 0184 666 986 F : 0184 696 672 E : weddingsATrivieradivina.it Horaires d&rsquo;ouverture : du lundi au vendredi : 9h30 &#8211; 18h samedi : 9h30 &#8211; 13h [&hellip;]<\/p>\n","protected":false},"author":1,"featured_media":0,"parent":0,"menu_order":0,"comment_status":"closed","ping_status":"closed","template":"","meta":{"_acf_changed":false,"_et_pb_use_builder":"on","_et_pb_old_content":"<h2>\u00a0<\/h2><h2>O\u00f9 sommes-nous ?<\/h2><h2>ITALIA DIVINA wedding planner<\/h2><p>est une division de<\/p><p><strong><a href=\"http:\/\/wonder.travel\/wordpress_1\/wp-content\/uploads\/2012\/11\/mail-e-telefono-300x300.jpg\"><img class=\"alignleft\" title=\"mail-e-telefono-300x300\" src=\"http:\/\/wonder.travel\/wordpress_1\/wp-content\/uploads\/2012\/11\/mail-e-telefono-300x300.jpg\" alt=\"\" width=\"150\" height=\"150\" \/><\/a>NYALA WONDER TRAVEL<br \/><\/strong>tour op\u00e9rateur & dmc<\/p><p>Via Solaro 134<br \/>18038 San Remo \u00b7 Italie<\/p><p>T : 0184 666 986<br \/>F : 0184 696 672<br \/>E : weddingsATrivieradivina.it<\/p><p>Horaires d'ouverture :<br \/>du lundi au vendredi : 9h30 - 18h<br \/>samedi : 9h30 - 13h<\/p><p>\u00a0<\/p><p><iframe style=\"border: 0;\" src=\"https:\/\/www.google.com\/maps\/embed?pb=!1m18!1m12!1m3!1d2879.02118965024!2d7.753506515569902!3d43.813919879116014!2m3!1f0!2f0!3f0!3m2!1i1024!2i768!4f13.1!3m3!1m2!1s0x12cdf51629ded70f%3A0xe861038391c95e2c!2sStr.+Solaro%2C+134%2C+18038+Sanremo+IM%2C+Italy!5e0!3m2!1sen!2s!4v1494596246453\" width=\"600\" height=\"450\" frameborder=\"0\" allowfullscreen=\"allowfullscreen\"><\/iframe><\/p>","_et_gb_content_width":"","ngg_post_thumbnail":0,"footnotes":""},"class_list":["post-870","page","type-page","status-publish","hentry"],"acf":[],"yoast_head":"<!-- This site is optimized with the Yoast SEO plugin v27.4 - https:\/\/yoast.com\/product\/yoast-seo-wordpress\/ -->\n<title>O\u00f9 sommes-nous ? Italia Divina Wedding Planners<\/title>\n<meta name=\"description\" content=\"O\u00f9 sommes-nous ? - Italia Divina est une division de NYALA WONDER TRAVEL tour op\u00e9rateur &amp; dmc, Via Solaro 134, 18038 Sanremo, Italie, T : 0184 666 986, F : 0184 696 672, E : weddingsATrivieradivina.it\" \/>\n<meta name=\"robots\" content=\"index, follow, max-snippet:-1, max-image-preview:large, max-video-preview:-1\" \/>\n<link rel=\"canonical\" href=\"https:\/\/italiadivina.it\/fr\/ou-sommes-nous\/\" \/>\n<meta property=\"og:locale\" content=\"fr_FR\" \/>\n<meta property=\"og:type\" content=\"article\" \/>\n<meta property=\"og:title\" content=\"O\u00f9 sommes-nous ? Italia Divina Wedding Planners\" \/>\n<meta property=\"og:description\" content=\"O\u00f9 sommes-nous ? - Italia Divina est une division de NYALA WONDER TRAVEL tour op\u00e9rateur &amp; dmc, Via Solaro 134, 18038 Sanremo, Italie, T : 0184 666 986, F : 0184 696 672, E : weddingsATrivieradivina.it\" \/>\n<meta property=\"og:url\" content=\"https:\/\/italiadivina.it\/fr\/ou-sommes-nous\/\" \/>\n<meta property=\"og:site_name\" content=\"Italia Divina\" \/>\n<meta property=\"article:modified_time\" content=\"2020-08-26T13:44:52+00:00\" \/>\n<meta property=\"og:image\" content=\"http:\/\/wonder.travel\/wordpress_1\/wp-content\/uploads\/2012\/11\/mail-e-telefono-300x300.jpg\" \/>\n<meta name=\"twitter:label1\" content=\"Dur\u00e9e de lecture estim\u00e9e\" \/>\n\t<meta name=\"twitter:data1\" content=\"1 minute\" \/>\n<script type=\"application\/ld+json\" class=\"yoast-schema-graph\">{\"@context\":\"https:\\\/\\\/schema.org\",\"@graph\":[{\"@type\":\"WebPage\",\"@id\":\"https:\\\/\\\/italiadivina.it\\\/fr\\\/ou-sommes-nous\\\/\",\"url\":\"https:\\\/\\\/italiadivina.it\\\/fr\\\/ou-sommes-nous\\\/\",\"name\":\"O\u00f9 sommes-nous ? Italia Divina Wedding Planners\",\"isPartOf\":{\"@id\":\"https:\\\/\\\/italiadivina.it\\\/de\\\/#website\"},\"primaryImageOfPage\":{\"@id\":\"https:\\\/\\\/italiadivina.it\\\/fr\\\/ou-sommes-nous\\\/#primaryimage\"},\"image\":{\"@id\":\"https:\\\/\\\/italiadivina.it\\\/fr\\\/ou-sommes-nous\\\/#primaryimage\"},\"thumbnailUrl\":\"http:\\\/\\\/wonder.travel\\\/wordpress_1\\\/wp-content\\\/uploads\\\/2012\\\/11\\\/mail-e-telefono-300x300.jpg\",\"datePublished\":\"2012-12-03T08:58:29+00:00\",\"dateModified\":\"2020-08-26T13:44:52+00:00\",\"description\":\"O\u00f9 sommes-nous ? - Italia Divina est une division de NYALA WONDER TRAVEL tour op\u00e9rateur & dmc, Via Solaro 134, 18038 Sanremo, Italie, T : 0184 666 986, F : 0184 696 672, E : weddingsATrivieradivina.it\",\"breadcrumb\":{\"@id\":\"https:\\\/\\\/italiadivina.it\\\/fr\\\/ou-sommes-nous\\\/#breadcrumb\"},\"inLanguage\":\"fr-FR\",\"potentialAction\":[{\"@type\":\"ReadAction\",\"target\":[\"https:\\\/\\\/italiadivina.it\\\/fr\\\/ou-sommes-nous\\\/\"]}]},{\"@type\":\"ImageObject\",\"inLanguage\":\"fr-FR\",\"@id\":\"https:\\\/\\\/italiadivina.it\\\/fr\\\/ou-sommes-nous\\\/#primaryimage\",\"url\":\"http:\\\/\\\/wonder.travel\\\/wordpress_1\\\/wp-content\\\/uploads\\\/2012\\\/11\\\/mail-e-telefono-300x300.jpg\",\"contentUrl\":\"http:\\\/\\\/wonder.travel\\\/wordpress_1\\\/wp-content\\\/uploads\\\/2012\\\/11\\\/mail-e-telefono-300x300.jpg\"},{\"@type\":\"BreadcrumbList\",\"@id\":\"https:\\\/\\\/italiadivina.it\\\/fr\\\/ou-sommes-nous\\\/#breadcrumb\",\"itemListElement\":[{\"@type\":\"ListItem\",\"position\":1,\"name\":\"Home\",\"item\":\"https:\\\/\\\/italiadivina.it\\\/fr\\\/\"},{\"@type\":\"ListItem\",\"position\":2,\"name\":\"O\u00f9 sommes-nous ?\"}]},{\"@type\":\"WebSite\",\"@id\":\"https:\\\/\\\/italiadivina.it\\\/de\\\/#website\",\"url\":\"https:\\\/\\\/italiadivina.it\\\/de\\\/\",\"name\":\"Italia Divina\",\"description\":\"wedding & event planner\",\"potentialAction\":[{\"@type\":\"SearchAction\",\"target\":{\"@type\":\"EntryPoint\",\"urlTemplate\":\"https:\\\/\\\/italiadivina.it\\\/de\\\/?s={search_term_string}\"},\"query-input\":{\"@type\":\"PropertyValueSpecification\",\"valueRequired\":true,\"valueName\":\"search_term_string\"}}],\"inLanguage\":\"fr-FR\"}]}<\/script>\n<!-- \/ Yoast SEO plugin. -->","yoast_head_json":{"title":"O\u00f9 sommes-nous ? Italia Divina Wedding Planners","description":"O\u00f9 sommes-nous ? - Italia Divina est une division de NYALA WONDER TRAVEL tour op\u00e9rateur & dmc, Via Solaro 134, 18038 Sanremo, Italie, T : 0184 666 986, F : 0184 696 672, E : weddingsATrivieradivina.it","robots":{"index":"index","follow":"follow","max-snippet":"max-snippet:-1","max-image-preview":"max-image-preview:large","max-video-preview":"max-video-preview:-1"},"canonical":"https:\/\/italiadivina.it\/fr\/ou-sommes-nous\/","og_locale":"fr_FR","og_type":"article","og_title":"O\u00f9 sommes-nous ? Italia Divina Wedding Planners","og_description":"O\u00f9 sommes-nous ? - Italia Divina est une division de NYALA WONDER TRAVEL tour op\u00e9rateur & dmc, Via Solaro 134, 18038 Sanremo, Italie, T : 0184 666 986, F : 0184 696 672, E : weddingsATrivieradivina.it","og_url":"https:\/\/italiadivina.it\/fr\/ou-sommes-nous\/","og_site_name":"Italia Divina","article_modified_time":"2020-08-26T13:44:52+00:00","og_image":[{"url":"http:\/\/wonder.travel\/wordpress_1\/wp-content\/uploads\/2012\/11\/mail-e-telefono-300x300.jpg","type":"","width":"","height":""}],"twitter_misc":{"Dur\u00e9e de lecture estim\u00e9e":"1 minute"},"schema":{"@context":"https:\/\/schema.org","@graph":[{"@type":"WebPage","@id":"https:\/\/italiadivina.it\/fr\/ou-sommes-nous\/","url":"https:\/\/italiadivina.it\/fr\/ou-sommes-nous\/","name":"O\u00f9 sommes-nous ? Italia Divina Wedding Planners","isPartOf":{"@id":"https:\/\/italiadivina.it\/de\/#website"},"primaryImageOfPage":{"@id":"https:\/\/italiadivina.it\/fr\/ou-sommes-nous\/#primaryimage"},"image":{"@id":"https:\/\/italiadivina.it\/fr\/ou-sommes-nous\/#primaryimage"},"thumbnailUrl":"http:\/\/wonder.travel\/wordpress_1\/wp-content\/uploads\/2012\/11\/mail-e-telefono-300x300.jpg","datePublished":"2012-12-03T08:58:29+00:00","dateModified":"2020-08-26T13:44:52+00:00","description":"O\u00f9 sommes-nous ? - Italia Divina est une division de NYALA WONDER TRAVEL tour op\u00e9rateur & dmc, Via Solaro 134, 18038 Sanremo, Italie, T : 0184 666 986, F : 0184 696 672, E : weddingsATrivieradivina.it","breadcrumb":{"@id":"https:\/\/italiadivina.it\/fr\/ou-sommes-nous\/#breadcrumb"},"inLanguage":"fr-FR","potentialAction":[{"@type":"ReadAction","target":["https:\/\/italiadivina.it\/fr\/ou-sommes-nous\/"]}]},{"@type":"ImageObject","inLanguage":"fr-FR","@id":"https:\/\/italiadivina.it\/fr\/ou-sommes-nous\/#primaryimage","url":"http:\/\/wonder.travel\/wordpress_1\/wp-content\/uploads\/2012\/11\/mail-e-telefono-300x300.jpg","contentUrl":"http:\/\/wonder.travel\/wordpress_1\/wp-content\/uploads\/2012\/11\/mail-e-telefono-300x300.jpg"},{"@type":"BreadcrumbList","@id":"https:\/\/italiadivina.it\/fr\/ou-sommes-nous\/#breadcrumb","itemListElement":[{"@type":"ListItem","position":1,"name":"Home","item":"https:\/\/italiadivina.it\/fr\/"},{"@type":"ListItem","position":2,"name":"O\u00f9 sommes-nous ?"}]},{"@type":"WebSite","@id":"https:\/\/italiadivina.it\/de\/#website","url":"https:\/\/italiadivina.it\/de\/","name":"Italia Divina","description":"wedding & event planner","potentialAction":[{"@type":"SearchAction","target":{"@type":"EntryPoint","urlTemplate":"https:\/\/italiadivina.it\/de\/?s={search_term_string}"},"query-input":{"@type":"PropertyValueSpecification","valueRequired":true,"valueName":"search_term_string"}}],"inLanguage":"fr-FR"}]}},"_links":{"self":[{"href":"https:\/\/italiadivina.it\/fr\/wp-json\/wp\/v2\/pages\/870","targetHints":{"allow":["GET"]}}],"collection":[{"href":"https:\/\/italiadivina.it\/fr\/wp-json\/wp\/v2\/pages"}],"about":[{"href":"https:\/\/italiadivina.it\/fr\/wp-json\/wp\/v2\/types\/page"}],"author":[{"embeddable":true,"href":"https:\/\/italiadivina.it\/fr\/wp-json\/wp\/v2\/users\/1"}],"replies":[{"embeddable":true,"href":"https:\/\/italiadivina.it\/fr\/wp-json\/wp\/v2\/comments?post=870"}],"version-history":[{"count":9,"href":"https:\/\/italiadivina.it\/fr\/wp-json\/wp\/v2\/pages\/870\/revisions"}],"predecessor-version":[{"id":11340,"href":"https:\/\/italiadivina.it\/fr\/wp-json\/wp\/v2\/pages\/870\/revisions\/11340"}],"wp:attachment":[{"href":"https:\/\/italiadivina.it\/fr\/wp-json\/wp\/v2\/media?parent=870"}],"curies":[{"name":"wp","href":"https:\/\/api.w.org\/{rel}","templated":true}]}}