{"id":887,"date":"2012-12-31T20:13:23","date_gmt":"2012-12-31T20:13:23","guid":{"rendered":"https:\/\/italiadivina.it\/?page_id=887"},"modified":"2020-08-26T13:41:50","modified_gmt":"2020-08-26T13:41:50","slug":"marche-noir","status":"publish","type":"page","link":"https:\/\/italiadivina.it\/fr\/marche-noir\/","title":{"rendered":"Ill\u00e9galit\u00e9"},"content":{"rendered":"<p>[et_pb_section fb_built=\u00a0\u00bb1&Prime; _builder_version=\u00a0\u00bb3.22&Prime;][et_pb_row _builder_version=\u00a0\u00bb3.25&Prime; background_size=\u00a0\u00bbinitial\u00a0\u00bb background_position=\u00a0\u00bbtop_left\u00a0\u00bb background_repeat=\u00a0\u00bbrepeat\u00a0\u00bb][et_pb_column type=\u00a0\u00bb4_4&Prime; _builder_version=\u00a0\u00bb3.25&Prime; custom_padding=\u00a0\u00bb|||\u00a0\u00bb custom_padding__hover=\u00a0\u00bb|||\u00a0\u00bb][et_pb_text _builder_version=\u00a0\u00bb3.27.4&Prime; background_size=\u00a0\u00bbinitial\u00a0\u00bb background_position=\u00a0\u00bbtop_left\u00a0\u00bb background_repeat=\u00a0\u00bbrepeat\u00a0\u00bb]L&rsquo;<strong>ill\u00e9galit\u00e9 dans le secteur du voyage et du tourisme<\/strong>\u00a0constitue un v\u00e9ritable fl\u00e9au qui porte pr\u00e9judice :<\/p>\n<ul>\n<li><strong><strong>au voyageur, qui se voit priv\u00e9<\/strong> des mesures de protection pr\u00e9vues par les dispositions nationales et europ\u00e9ennes,<\/strong><\/li>\n<li>aux entreprises, qui sont expos\u00e9es \u00e0 une concurrence d\u00e9loyale syst\u00e9matique,<\/li>\n<li>\u00e0 l\u2019\u00c9tat, qui ne per\u00e7oit pas les taxes pr\u00e9vues par la loi. L&rsquo;organisation de voyages par une personne sans licence constitue un\u00a0<strong>d\u00e9lit p\u00e9nal<\/strong>\u00a0aux yeux de la l\u00e9gislation italienne.<\/li>\n<\/ul>\n<p>M\u00eame l&rsquo;organisation de mariages implique souvent des demandes de services qui vont bien au-del\u00e0 de la simple planification d&rsquo;une c\u00e9r\u00e9monie car elles incluent des \u00e9l\u00e9ments propres aux forfaits touristiques, tels que les s\u00e9jours en h\u00f4tel ou les transports.<\/p>\n<p>Dans ce cas, la loi indique tr\u00e8s clairement que seules les agences de voyages poss\u00e9dant une licence en r\u00e8gle sont autoris\u00e9es \u00e0 g\u00e9rer l&rsquo;organisation de forfaits touristiques.<\/p>\n<p><strong>ITALIA DIVINA wedding planner<\/strong> est un produit de NYALA WONDER TRAVEL, une agence de voyages et tour op\u00e9rateur bas\u00e9 \u00e0 San Remo qui poss\u00e8de\u00a0<strong>une licence officielle d\u00e9livr\u00e9e par la r\u00e9gion Ligurie <\/strong>et est membre de la Fiavet, la f\u00e9d\u00e9ration nationale des agents de voyage.<\/p>\n<p><em>En confiant \u00e0 notre \u00e9quipe l&rsquo;organisation de votre mariage, vous aurez en permanence la garantie d\u2019\u00eatre entour\u00e9s de professionnels qui, en plus de faire ce travail depuis dix ans, accordent le plus grand respect \u00e0 vos droits.<\/em><\/p>\n<p>&nbsp;<\/p>\n<p>&nbsp;<\/p>\n<p>&nbsp;<\/p>\n<p>&nbsp;<\/p>\n<p>&nbsp;<br \/>\n[\/et_pb_text][\/et_pb_column][\/et_pb_row][\/et_pb_section]<\/p>\n","protected":false},"excerpt":{"rendered":"<p>L&rsquo;ill\u00e9galit\u00e9 dans le secteur du voyage et du tourisme\u00a0constitue un v\u00e9ritable fl\u00e9au qui porte pr\u00e9judice : au voyageur, qui se voit priv\u00e9 des mesures de protection pr\u00e9vues par les dispositions nationales et europ\u00e9ennes, aux entreprises, qui sont expos\u00e9es \u00e0 une concurrence d\u00e9loyale syst\u00e9matique, \u00e0 l\u2019\u00c9tat, qui ne per\u00e7oit pas les taxes pr\u00e9vues par la loi. [&hellip;]<\/p>\n","protected":false},"author":1,"featured_media":0,"parent":0,"menu_order":0,"comment_status":"closed","ping_status":"open","template":"","meta":{"_acf_changed":false,"_et_pb_use_builder":"on","_et_pb_old_content":"<p>L'<strong>ill\u00e9galit\u00e9 dans le secteur du voyage et du tourisme<\/strong>\u00a0constitue un v\u00e9ritable fl\u00e9au qui porte pr\u00e9judice :<\/p><ul><li><strong><strong>au voyageur, qui se voit priv\u00e9<\/strong> des mesures de protection pr\u00e9vues par les dispositions nationales et europ\u00e9ennes,<\/strong><\/li><li>aux entreprises, qui sont expos\u00e9es \u00e0 une concurrence d\u00e9loyale syst\u00e9matique,<\/li><li>\u00e0 l\u2019\u00c9tat, qui ne per\u00e7oit pas les taxes pr\u00e9vues par la loi. L'organisation de voyages par une personne sans licence constitue un\u00a0<strong>d\u00e9lit p\u00e9nal<\/strong>\u00a0aux yeux de la l\u00e9gislation italienne.<\/li><\/ul><p>M\u00eame l'organisation de mariages implique souvent des demandes de services qui vont bien au-del\u00e0 de la simple planification d'une c\u00e9r\u00e9monie car elles incluent des \u00e9l\u00e9ments propres aux forfaits touristiques, tels que les s\u00e9jours en h\u00f4tel ou les transports.<\/p><p>Dans ce cas, la loi indique tr\u00e8s clairement que seules les agences de voyages poss\u00e9dant une licence en r\u00e8gle sont autoris\u00e9es \u00e0 g\u00e9rer l'organisation de forfaits touristiques.<\/p><p><strong>ITALIA DIVINA wedding planner<\/strong> est un produit de NYALA WONDER TRAVEL, une agence de voyages et tour op\u00e9rateur bas\u00e9 \u00e0 San Remo qui poss\u00e8de\u00a0<strong>une licence officielle d\u00e9livr\u00e9e par la r\u00e9gion Ligurie <\/strong>et est membre de la Fiavet, la f\u00e9d\u00e9ration nationale des agents de voyage.<\/p><p><em>En confiant \u00e0 notre \u00e9quipe l'organisation de votre mariage, vous aurez en permanence la garantie d\u2019\u00eatre entour\u00e9s de professionnels qui, en plus de faire ce travail depuis dix ans, accordent le plus grand respect \u00e0 vos droits.<\/em><\/p><p>\u00a0<\/p><p>\u00a0<\/p><p>\u00a0<\/p><p>\u00a0<\/p><p>\u00a0<\/p>","_et_gb_content_width":"","ngg_post_thumbnail":0,"footnotes":""},"class_list":["post-887","page","type-page","status-publish","hentry"],"acf":[],"yoast_head":"<!-- This site is optimized with the Yoast SEO plugin v27.4 - https:\/\/yoast.com\/product\/yoast-seo-wordpress\/ -->\n<title>Ill\u00e9galit\u00e9 - Italia Divina poss\u00e8de une licence d\u00e9livr\u00e9e par la r\u00e9gion Ligurie<\/title>\n<meta name=\"description\" content=\"L&#039;ill\u00e9galit\u00e9 dans le secteur du voyage et du tourisme constitue un v\u00e9ritable fl\u00e9au qui porte pr\u00e9judice aux voyageurs, aux entreprises et \u00e0 l&#039;\u00e9tat.\" \/>\n<meta name=\"robots\" content=\"index, follow, max-snippet:-1, max-image-preview:large, max-video-preview:-1\" \/>\n<link rel=\"canonical\" href=\"https:\/\/italiadivina.it\/fr\/marche-noir\/\" \/>\n<meta property=\"og:locale\" content=\"fr_FR\" \/>\n<meta property=\"og:type\" content=\"article\" \/>\n<meta property=\"og:title\" content=\"Ill\u00e9galit\u00e9 - Italia Divina poss\u00e8de une licence d\u00e9livr\u00e9e par la r\u00e9gion Ligurie\" \/>\n<meta property=\"og:description\" content=\"L&#039;ill\u00e9galit\u00e9 dans le secteur du voyage et du tourisme constitue un v\u00e9ritable fl\u00e9au qui porte pr\u00e9judice aux voyageurs, aux entreprises et \u00e0 l&#039;\u00e9tat.\" \/>\n<meta property=\"og:url\" content=\"https:\/\/italiadivina.it\/fr\/marche-noir\/\" \/>\n<meta property=\"og:site_name\" content=\"Italia Divina\" \/>\n<meta property=\"article:modified_time\" content=\"2020-08-26T13:41:50+00:00\" \/>\n<meta name=\"twitter:label1\" content=\"Dur\u00e9e de lecture estim\u00e9e\" \/>\n\t<meta name=\"twitter:data1\" content=\"2 minutes\" \/>\n<script type=\"application\/ld+json\" class=\"yoast-schema-graph\">{\"@context\":\"https:\\\/\\\/schema.org\",\"@graph\":[{\"@type\":\"WebPage\",\"@id\":\"https:\\\/\\\/italiadivina.it\\\/fr\\\/marche-noir\\\/\",\"url\":\"https:\\\/\\\/italiadivina.it\\\/fr\\\/marche-noir\\\/\",\"name\":\"Ill\u00e9galit\u00e9 - Italia Divina poss\u00e8de une licence d\u00e9livr\u00e9e par la r\u00e9gion Ligurie\",\"isPartOf\":{\"@id\":\"https:\\\/\\\/italiadivina.it\\\/de\\\/#website\"},\"datePublished\":\"2012-12-31T20:13:23+00:00\",\"dateModified\":\"2020-08-26T13:41:50+00:00\",\"description\":\"L'ill\u00e9galit\u00e9 dans le secteur du voyage et du tourisme constitue un v\u00e9ritable fl\u00e9au qui porte pr\u00e9judice aux voyageurs, aux entreprises et \u00e0 l'\u00e9tat.\",\"breadcrumb\":{\"@id\":\"https:\\\/\\\/italiadivina.it\\\/fr\\\/marche-noir\\\/#breadcrumb\"},\"inLanguage\":\"fr-FR\",\"potentialAction\":[{\"@type\":\"ReadAction\",\"target\":[\"https:\\\/\\\/italiadivina.it\\\/fr\\\/marche-noir\\\/\"]}]},{\"@type\":\"BreadcrumbList\",\"@id\":\"https:\\\/\\\/italiadivina.it\\\/fr\\\/marche-noir\\\/#breadcrumb\",\"itemListElement\":[{\"@type\":\"ListItem\",\"position\":1,\"name\":\"Home\",\"item\":\"https:\\\/\\\/italiadivina.it\\\/fr\\\/\"},{\"@type\":\"ListItem\",\"position\":2,\"name\":\"Ill\u00e9galit\u00e9\"}]},{\"@type\":\"WebSite\",\"@id\":\"https:\\\/\\\/italiadivina.it\\\/de\\\/#website\",\"url\":\"https:\\\/\\\/italiadivina.it\\\/de\\\/\",\"name\":\"Italia Divina\",\"description\":\"wedding & event planner\",\"potentialAction\":[{\"@type\":\"SearchAction\",\"target\":{\"@type\":\"EntryPoint\",\"urlTemplate\":\"https:\\\/\\\/italiadivina.it\\\/de\\\/?s={search_term_string}\"},\"query-input\":{\"@type\":\"PropertyValueSpecification\",\"valueRequired\":true,\"valueName\":\"search_term_string\"}}],\"inLanguage\":\"fr-FR\"}]}<\/script>\n<!-- \/ Yoast SEO plugin. -->","yoast_head_json":{"title":"Ill\u00e9galit\u00e9 - Italia Divina poss\u00e8de une licence d\u00e9livr\u00e9e par la r\u00e9gion Ligurie","description":"L'ill\u00e9galit\u00e9 dans le secteur du voyage et du tourisme constitue un v\u00e9ritable fl\u00e9au qui porte pr\u00e9judice aux voyageurs, aux entreprises et \u00e0 l'\u00e9tat.","robots":{"index":"index","follow":"follow","max-snippet":"max-snippet:-1","max-image-preview":"max-image-preview:large","max-video-preview":"max-video-preview:-1"},"canonical":"https:\/\/italiadivina.it\/fr\/marche-noir\/","og_locale":"fr_FR","og_type":"article","og_title":"Ill\u00e9galit\u00e9 - Italia Divina poss\u00e8de une licence d\u00e9livr\u00e9e par la r\u00e9gion Ligurie","og_description":"L'ill\u00e9galit\u00e9 dans le secteur du voyage et du tourisme constitue un v\u00e9ritable fl\u00e9au qui porte pr\u00e9judice aux voyageurs, aux entreprises et \u00e0 l'\u00e9tat.","og_url":"https:\/\/italiadivina.it\/fr\/marche-noir\/","og_site_name":"Italia Divina","article_modified_time":"2020-08-26T13:41:50+00:00","twitter_misc":{"Dur\u00e9e de lecture estim\u00e9e":"2 minutes"},"schema":{"@context":"https:\/\/schema.org","@graph":[{"@type":"WebPage","@id":"https:\/\/italiadivina.it\/fr\/marche-noir\/","url":"https:\/\/italiadivina.it\/fr\/marche-noir\/","name":"Ill\u00e9galit\u00e9 - Italia Divina poss\u00e8de une licence d\u00e9livr\u00e9e par la r\u00e9gion Ligurie","isPartOf":{"@id":"https:\/\/italiadivina.it\/de\/#website"},"datePublished":"2012-12-31T20:13:23+00:00","dateModified":"2020-08-26T13:41:50+00:00","description":"L'ill\u00e9galit\u00e9 dans le secteur du voyage et du tourisme constitue un v\u00e9ritable fl\u00e9au qui porte pr\u00e9judice aux voyageurs, aux entreprises et \u00e0 l'\u00e9tat.","breadcrumb":{"@id":"https:\/\/italiadivina.it\/fr\/marche-noir\/#breadcrumb"},"inLanguage":"fr-FR","potentialAction":[{"@type":"ReadAction","target":["https:\/\/italiadivina.it\/fr\/marche-noir\/"]}]},{"@type":"BreadcrumbList","@id":"https:\/\/italiadivina.it\/fr\/marche-noir\/#breadcrumb","itemListElement":[{"@type":"ListItem","position":1,"name":"Home","item":"https:\/\/italiadivina.it\/fr\/"},{"@type":"ListItem","position":2,"name":"Ill\u00e9galit\u00e9"}]},{"@type":"WebSite","@id":"https:\/\/italiadivina.it\/de\/#website","url":"https:\/\/italiadivina.it\/de\/","name":"Italia Divina","description":"wedding & event planner","potentialAction":[{"@type":"SearchAction","target":{"@type":"EntryPoint","urlTemplate":"https:\/\/italiadivina.it\/de\/?s={search_term_string}"},"query-input":{"@type":"PropertyValueSpecification","valueRequired":true,"valueName":"search_term_string"}}],"inLanguage":"fr-FR"}]}},"_links":{"self":[{"href":"https:\/\/italiadivina.it\/fr\/wp-json\/wp\/v2\/pages\/887","targetHints":{"allow":["GET"]}}],"collection":[{"href":"https:\/\/italiadivina.it\/fr\/wp-json\/wp\/v2\/pages"}],"about":[{"href":"https:\/\/italiadivina.it\/fr\/wp-json\/wp\/v2\/types\/page"}],"author":[{"embeddable":true,"href":"https:\/\/italiadivina.it\/fr\/wp-json\/wp\/v2\/users\/1"}],"replies":[{"embeddable":true,"href":"https:\/\/italiadivina.it\/fr\/wp-json\/wp\/v2\/comments?post=887"}],"version-history":[{"count":12,"href":"https:\/\/italiadivina.it\/fr\/wp-json\/wp\/v2\/pages\/887\/revisions"}],"predecessor-version":[{"id":11296,"href":"https:\/\/italiadivina.it\/fr\/wp-json\/wp\/v2\/pages\/887\/revisions\/11296"}],"wp:attachment":[{"href":"https:\/\/italiadivina.it\/fr\/wp-json\/wp\/v2\/media?parent=887"}],"curies":[{"name":"wp","href":"https:\/\/api.w.org\/{rel}","templated":true}]}}